{"id":2,"date":"2024-07-04T03:04:24","date_gmt":"2024-07-04T03:04:24","guid":{"rendered":"https:\/\/innovatycal.com\/?page_id=2"},"modified":"2024-07-15T18:50:27","modified_gmt":"2024-07-15T18:50:27","slug":"sample-page","status":"publish","type":"page","link":"https:\/\/innovatycal.com\/index.php\/sample-page\/","title":{"rendered":"Nosotros"},"content":{"rendered":"\t\t<div data-elementor-type=\"wp-page\" data-elementor-id=\"2\" class=\"elementor elementor-2\">\n\t\t\t\t<div class=\"elementor-element elementor-element-022e85d e-flex e-con-boxed e-con e-parent\" data-id=\"022e85d\" data-element_type=\"container\">\n\t\t\t\t\t<div class=\"e-con-inner\">\n\t\t\t\t<div class=\"elementor-element elementor-element-4201b31 elementor-invisible elementor-widget elementor-widget-pix-highlighted-text\" data-id=\"4201b31\" data-element_type=\"widget\" data-widget_type=\"pix-highlighted-text.default\">\n\t\t\t\t<div class=\"elementor-widget-container\">\n\t\t\t<div id=\"el-4201b31\" class=\"pix-highlighted-element text-center \"><h4 class=\"pix-highlighted-items animate-in\" style=\"\" data-anim-type=\"fade-in-right-big\" data-anim-delay=\"0\"><span id=\"el-4201b31-0\" class=\" elementor-repeater-item-4cf1e52\"><span class=\"pix-highlighted-text pix-highlight-item font-weight-normal  font-weight-bold heading-font text-secondary\">CALIBRA CONCONFIANZA<\/span><\/span><span id=\"el-4201b31-1\" class=\"pix-highlight-bg align-middle2   elementor-repeater-item-f7a0639 animate-in\" data-anim-type=\"highlight-grow\" data-anim-delay=\"200\"><span class=\"pix-highlighted-text  pix-highlight-item font-weight-normal  font-weight-bold heading-font text-secondary\">,             CALIBRA CON INNOVATYCAL<\/span><\/span><\/h4><\/div>\t\t<\/div>\n\t\t\t\t<\/div>\n\t\t\t\t\t<\/div>\n\t\t\t\t<\/div>\n\t\t<div class=\"elementor-element elementor-element-63f8187 e-flex e-con-boxed e-con e-parent\" data-id=\"63f8187\" data-element_type=\"container\">\n\t\t\t\t\t<div class=\"e-con-inner\">\n\t\t\t\t<div class=\"elementor-element elementor-element-6a4bf8d elementor-widget elementor-widget-text-editor\" data-id=\"6a4bf8d\" data-element_type=\"widget\" data-widget_type=\"text-editor.default\">\n\t\t\t\t<div class=\"elementor-widget-container\">\n\t\t\t<style>\/*! elementor - v3.23.0 - 05-08-2024 *\/\n.elementor-widget-text-editor.elementor-drop-cap-view-stacked .elementor-drop-cap{background-color:#69727d;color:#fff}.elementor-widget-text-editor.elementor-drop-cap-view-framed .elementor-drop-cap{color:#69727d;border:3px solid;background-color:transparent}.elementor-widget-text-editor:not(.elementor-drop-cap-view-default) .elementor-drop-cap{margin-top:8px}.elementor-widget-text-editor:not(.elementor-drop-cap-view-default) .elementor-drop-cap-letter{width:1em;height:1em}.elementor-widget-text-editor .elementor-drop-cap{float:left;text-align:center;line-height:1;font-size:50px}.elementor-widget-text-editor .elementor-drop-cap-letter{display:inline-block}<\/style>\t\t\t\t<p>Somos una empresa que brinda servicios de calibraci\u00f3n y mantenimiento a equipo de medici\u00f3n, con metodolog\u00edas altamente c<span style=\"color: inherit; font-family: var( --e-global-typography-text-font-family ), Sans-serif; font-weight: var( --e-global-typography-text-font-weight ); text-align: var(--text-align); font-size: 1rem; letter-spacing: -0.01em;\">onfiables, soportados en un servicio profesional, lo que nos convierte en un\u00a0<\/span><\/p>\t\t\t\t\t\t<\/div>\n\t\t\t\t<\/div>\n\t\t\t\t\t<\/div>\n\t\t\t\t<\/div>\n\t\t<div class=\"elementor-element elementor-element-66d4635 e-flex e-con-boxed e-con e-parent\" data-id=\"66d4635\" data-element_type=\"container\">\n\t\t\t\t\t<div class=\"e-con-inner\">\n\t\t\t\t<div class=\"elementor-element elementor-element-85c84e3 elementor-invisible elementor-widget elementor-widget-pix-highlighted-text\" data-id=\"85c84e3\" data-element_type=\"widget\" data-widget_type=\"pix-highlighted-text.default\">\n\t\t\t\t<div class=\"elementor-widget-container\">\n\t\t\t<div id=\"el-85c84e3\" class=\"pix-highlighted-element text-center \"><h1 class=\"pix-highlighted-items animate-in\" style=\"\" data-anim-type=\"fade-in-Img\" data-anim-delay=\"0\"><span id=\"el-85c84e3-0\" class=\"pix-highlight-bg align-middle2   elementor-repeater-item-8838c72 el-85c84e3-0 animate-in\" data-anim-type=\"highlight-grow\" data-anim-delay=\"200\"><span class=\"pix-highlighted-text  pix-highlight-item font-weight-normal  heading-font \">Laboratorio de referencia a nivel nacional.<\/span><\/span><\/h1><\/div>\t\t<\/div>\n\t\t\t\t<\/div>\n\t\t\t\t\t<\/div>\n\t\t\t\t<\/div>\n\t\t<div class=\"elementor-element elementor-element-eb868a0 e-flex e-con-boxed e-con e-parent\" data-id=\"eb868a0\" data-element_type=\"container\">\n\t\t\t\t\t<div class=\"e-con-inner\">\n\t\t\t\t<div class=\"elementor-element elementor-element-d7dd675 elementor-widget elementor-widget-pix-sliding-text\" data-id=\"d7dd675\" data-element_type=\"widget\" data-widget_type=\"pix-sliding-text.default\">\n\t\t\t\t<div class=\"elementor-widget-container\">\n\t\t\t<div id=\"el-d7dd675\" class=\"mb-3 text-center \"><h1 class=\"mb-32 pix-sliding-headline-2 animate-in font-weight-bold body-font \" data-anim-type=\"pix-sliding-text\" pix-anim-delay=\"500\" data-class=\"body-font text-yellow\" style=\"\"><span class=\"slide-in-container \"><span class=\"pix-sliding-item body-font text-yellow\" style=\"transition-delay: 0ms;\">S\u00cdGUENOS&#32;<\/span><\/span> <span class=\"slide-in-container \"><span class=\"pix-sliding-item body-font text-yellow\" style=\"transition-delay: 150ms;\">EN&#32;<\/span><\/span> <span class=\"slide-in-container \"><span class=\"pix-sliding-item body-font text-yellow\" style=\"transition-delay: 300ms;\">REDES&#32;<\/span><\/span> <span class=\"slide-in-container \"><span class=\"pix-sliding-item body-font text-yellow\" style=\"transition-delay: 450ms;\">SOCIALES&#32;<\/span><\/span> <\/h1><\/div>\t\t<\/div>\n\t\t\t\t<\/div>\n\t\t\t\t\t<\/div>\n\t\t\t\t<\/div>\n\t\t<div class=\"elementor-element elementor-element-1fadac3 e-flex e-con-boxed e-con e-parent\" data-id=\"1fadac3\" data-element_type=\"container\">\n\t\t\t\t\t<div class=\"e-con-inner\">\n\t\t\t\t<div class=\"elementor-element elementor-element-b1102bb elementor-invisible elementor-widget elementor-widget-pix-circles\" data-id=\"b1102bb\" data-element_type=\"widget\" data-widget_type=\"pix-circles.default\">\n\t\t\t\t<div class=\"elementor-widget-container\">\n\t\t\t<div class=\"pix-circles-elem d-inline-block2 d-flex flex-column flex-sm-row w-100 text-center2 align-items-center2 justify-content-center justify-content-sm-start  \"><div class=\"pix-circles pix-sm-circles d-inline-flex align-items-center align-middle justify-content-center justify-content-sm-start\"><a class=\"align-middle circle-item pix-mr-5  animate-in \" data-anim-type=\"fade-in-left\" data-anim-delay=\"1000\"  href=\"https:\/\/www.facebook.com\/Innovatycal\"  rel=\"nofollow\" data-toggle=\"tooltip\" data-html=\"true\" data-placement=\"bottom\" title=\"Circle\" aria-label=\"Circle\"><img loading=\"lazy\" decoding=\"async\" src=\"https:\/\/innovatycal.com\/wp-content\/uploads\/2024\/07\/Facebook_logo_square.png\" srcset=\"https:\/\/innovatycal.com\/wp-content\/uploads\/2024\/07\/Facebook_logo_square-300x300.png 300w, https:\/\/innovatycal.com\/wp-content\/uploads\/2024\/07\/Facebook_logo_square-150x150.png 150w, https:\/\/innovatycal.com\/wp-content\/uploads\/2024\/07\/Facebook_logo_square-768x768.png 768w, https:\/\/innovatycal.com\/wp-content\/uploads\/2024\/07\/Facebook_logo_square.png 960w\" sizes=\"auto, (max-width: 960px) 100vw, 960px\" width=\"60\" height=\"60\" class=\"rounded-circle bg-white\" loading=\"lazy\"  alt=\"\" \/><\/a><a class=\"align-middle circle-item pix-mr-5  animate-in \" data-anim-type=\"fade-in-left\" data-anim-delay=\"1100\"  href=\"https:\/\/www.instagram.com\/\"  rel=\"nofollow\" data-toggle=\"tooltip\" data-html=\"true\" data-placement=\"bottom\" title=\"INSTAGRAM\" aria-label=\"INSTAGRAM\"><img loading=\"lazy\" decoding=\"async\" src=\"https:\/\/innovatycal.com\/wp-content\/uploads\/2024\/07\/Instagram_icon.png.webp\" srcset=\"https:\/\/innovatycal.com\/wp-content\/uploads\/2024\/07\/Instagram_icon.png-300x300.webp 300w, https:\/\/innovatycal.com\/wp-content\/uploads\/2024\/07\/Instagram_icon.png-1024x1024.webp 1024w, https:\/\/innovatycal.com\/wp-content\/uploads\/2024\/07\/Instagram_icon.png-150x150.webp 150w, https:\/\/innovatycal.com\/wp-content\/uploads\/2024\/07\/Instagram_icon.png-768x768.webp 768w, https:\/\/innovatycal.com\/wp-content\/uploads\/2024\/07\/Instagram_icon.png-1536x1536.webp 1536w, https:\/\/innovatycal.com\/wp-content\/uploads\/2024\/07\/Instagram_icon.png.webp 2048w\" sizes=\"auto, (max-width: 2048px) 100vw, 2048px\" width=\"60\" height=\"60\" class=\"rounded-circle bg-white\" loading=\"lazy\"  alt=\"\" \/><\/a><\/div><div class=\"pix-ml-5 align-items-center align-items-center d-flex pt-md-0 pt-3 justify-content-center justify-content-sm-start\"><a  href=\"https:\/\/www.facebook.com\/Innovatycal\" class=\"btn m-0     btn-primary d-inline-flex align-items-center      animate-in btn-md\" target=\"_blank\" rel=\"noopener\"  data-anim-type=\"fade-in-left\" data-anim-delay=\"1300\" ><svg class=\"pixfort-icon font-weight-bold   mr-2\" width=\"24\" height=\"24\"  viewBox=\"2 2 20 20\"><g fill=\"none\" fill-rule=\"evenodd\"><path fill=\"var(--pf-icon-color)\" fill-opacity=\".25\" d=\"M8.4100307,10.5369213 L8.52684438,10.5374813 C9.0780536,10.5719319 9.49696925,11.046703 9.46251867,11.5979122 L8.96251867,19.5979122 C8.88438353,20.8480745 7.04454866,20.8480745 6.96641352,19.5979122 L6.46641352,11.5979122 C6.43196294,11.046703 6.85087859,10.5719319 7.40208781,10.5374813 C7.59894824,10.5251776 7.78605891,10.5707011 7.94684355,10.6594258 L7.964,10.67 L7.98208864,10.6594258 C8.07855942,10.606191 8.18450757,10.5685086 8.29635263,10.5495378 L8.4100307,10.5369213 Z\" transform=\"rotate(45 7.964 15.536)\"\/><path fill=\"var(--pf-icon-color)\" d=\"M15.4814152,3.17157288 L13.1765717,3.17157288 C13.0416674,3.17172679 12.90807,3.18082427 12.775528,3.19880585 C11.1338076,3.42153326 9.98343033,4.93290711 10.2057933,6.5746915 L10.2430308,6.86142171 L10.3091269,7.44659858 C10.3736221,8.09240538 10.394144,8.60833986 10.3726431,8.98680152 L10.353,9.209 L10.3079367,9.21656301 C8.89917469,9.46299107 7.82842712,10.6922387 7.82842712,12.1715729 C7.82842712,13.8284271 9.17157288,15.1715729 10.8284271,15.1715729 L17.8284271,15.1715729 C19.4852814,15.1715729 20.8284271,13.8284271 20.8284271,12.1715729 L20.8233344,11.9953001 C20.7422265,10.5954714 19.7013291,9.45313394 18.3489175,9.21656301 L18.303,9.209 L18.2959929,9.14056051 C18.2438357,8.61220426 18.2930641,7.74732515 18.4511533,6.57400744 C18.4689258,6.44024532 18.4778677,6.30757494 18.4780178,6.17496725 C18.4798924,4.51811455 17.138268,3.1734501 15.4814152,3.17157288 Z\" transform=\"rotate(45 14.328 9.172)\"\/><\/g><\/svg><span class=\"font-weight-bold \" >S\u00cdGUENOS <\/span><\/a><\/div><\/div>\t\t<\/div>\n\t\t\t\t<\/div>\n\t\t\t\t\t<\/div>\n\t\t\t\t<\/div>\n\t\t<div class=\"elementor-element elementor-element-2234f0c e-flex e-con-boxed e-con e-parent\" data-id=\"2234f0c\" data-element_type=\"container\">\n\t\t\t\t\t<div class=\"e-con-inner\">\n\t\t\t\t<div class=\"elementor-element elementor-element-2a81015 elementor-widget elementor-widget-image\" data-id=\"2a81015\" data-element_type=\"widget\" data-widget_type=\"image.default\">\n\t\t\t\t<div class=\"elementor-widget-container\">\n\t\t\t<style>\/*! elementor - v3.23.0 - 05-08-2024 *\/\n.elementor-widget-image{text-align:center}.elementor-widget-image a{display:inline-block}.elementor-widget-image a img[src$=\".svg\"]{width:48px}.elementor-widget-image img{vertical-align:middle;display:inline-block}<\/style>\t\t\t\t\t\t\t\t\t\t<img fetchpriority=\"high\" decoding=\"async\" width=\"1080\" height=\"400\" src=\"https:\/\/innovatycal.com\/wp-content\/uploads\/2024\/07\/1.png\" class=\"attachment-2048x2048 size-2048x2048 wp-image-233\" alt=\"\" srcset=\"https:\/\/innovatycal.com\/wp-content\/uploads\/2024\/07\/1.png 1080w, https:\/\/innovatycal.com\/wp-content\/uploads\/2024\/07\/1-300x111.png 300w, https:\/\/innovatycal.com\/wp-content\/uploads\/2024\/07\/1-1024x379.png 1024w, https:\/\/innovatycal.com\/wp-content\/uploads\/2024\/07\/1-768x284.png 768w\" sizes=\"(max-width: 1080px) 100vw, 1080px\" \/>\t\t\t\t\t\t\t\t\t\t\t\t\t<\/div>\n\t\t\t\t<\/div>\n\t\t\t\t\t<\/div>\n\t\t\t\t<\/div>\n\t\t\t\t<\/div>\n\t\t","protected":false},"excerpt":{"rendered":"<p>CALIBRA CONCONFIANZA, CALIBRA CON INNOVATYCAL Somos una empresa que brinda servicios de calibraci\u00f3n y mantenimiento a equipo de medici\u00f3n, con metodolog\u00edas altamente confiables, soportados en un servicio profesional, lo que nos convierte en un\u00a0 Laboratorio de referencia a nivel nacional&#8230;.<\/p>\n","protected":false},"author":1,"featured_media":0,"parent":0,"menu_order":0,"comment_status":"closed","ping_status":"open","template":"","meta":{"footnotes":""},"class_list":["post-2","page","type-page","status-publish","hentry"],"yoast_head":"<!-- This site is optimized with the Yoast SEO plugin v23.4 - https:\/\/yoast.com\/wordpress\/plugins\/seo\/ -->\n<title>Nosotros - Innovatycal<\/title>\n<meta name=\"robots\" content=\"index, follow, max-snippet:-1, max-image-preview:large, max-video-preview:-1\" \/>\n<link rel=\"canonical\" href=\"https:\/\/innovatycal.com\/index.php\/sample-page\/\" \/>\n<meta property=\"og:locale\" content=\"es_MX\" \/>\n<meta property=\"og:type\" content=\"article\" \/>\n<meta property=\"og:title\" content=\"Nosotros - Innovatycal\" \/>\n<meta property=\"og:description\" content=\"CALIBRA CONCONFIANZA, CALIBRA CON INNOVATYCAL Somos una empresa que brinda servicios de calibraci\u00f3n y mantenimiento a equipo de medici\u00f3n, con metodolog\u00edas altamente confiables, soportados en un servicio profesional, lo que nos convierte en un\u00a0 Laboratorio de referencia a nivel nacional....\" \/>\n<meta property=\"og:url\" content=\"https:\/\/innovatycal.com\/index.php\/sample-page\/\" \/>\n<meta property=\"og:site_name\" content=\"Innovatycal\" \/>\n<meta property=\"article:modified_time\" content=\"2024-07-15T18:50:27+00:00\" \/>\n<meta property=\"og:image\" content=\"https:\/\/innovatycal.com\/wp-content\/uploads\/2024\/07\/Facebook_logo_square.png\" \/>\n<meta name=\"twitter:card\" content=\"summary_large_image\" \/>\n<meta name=\"twitter:label1\" content=\"Tiempo de lectura\" \/>\n\t<meta name=\"twitter:data1\" content=\"1 minuto\" \/>\n<script type=\"application\/ld+json\" class=\"yoast-schema-graph\">{\"@context\":\"https:\/\/schema.org\",\"@graph\":[{\"@type\":\"WebPage\",\"@id\":\"https:\/\/innovatycal.com\/index.php\/sample-page\/\",\"url\":\"https:\/\/innovatycal.com\/index.php\/sample-page\/\",\"name\":\"Nosotros - Innovatycal\",\"isPartOf\":{\"@id\":\"https:\/\/innovatycal.com\/#website\"},\"primaryImageOfPage\":{\"@id\":\"https:\/\/innovatycal.com\/index.php\/sample-page\/#primaryimage\"},\"image\":{\"@id\":\"https:\/\/innovatycal.com\/index.php\/sample-page\/#primaryimage\"},\"thumbnailUrl\":\"https:\/\/innovatycal.com\/wp-content\/uploads\/2024\/07\/Facebook_logo_square.png\",\"datePublished\":\"2024-07-04T03:04:24+00:00\",\"dateModified\":\"2024-07-15T18:50:27+00:00\",\"breadcrumb\":{\"@id\":\"https:\/\/innovatycal.com\/index.php\/sample-page\/#breadcrumb\"},\"inLanguage\":\"es\",\"potentialAction\":[{\"@type\":\"ReadAction\",\"target\":[\"https:\/\/innovatycal.com\/index.php\/sample-page\/\"]}]},{\"@type\":\"ImageObject\",\"inLanguage\":\"es\",\"@id\":\"https:\/\/innovatycal.com\/index.php\/sample-page\/#primaryimage\",\"url\":\"https:\/\/innovatycal.com\/wp-content\/uploads\/2024\/07\/Facebook_logo_square.png\",\"contentUrl\":\"https:\/\/innovatycal.com\/wp-content\/uploads\/2024\/07\/Facebook_logo_square.png\",\"width\":960,\"height\":960},{\"@type\":\"BreadcrumbList\",\"@id\":\"https:\/\/innovatycal.com\/index.php\/sample-page\/#breadcrumb\",\"itemListElement\":[{\"@type\":\"ListItem\",\"position\":1,\"name\":\"Inicio\",\"item\":\"https:\/\/innovatycal.com\/\"},{\"@type\":\"ListItem\",\"position\":2,\"name\":\"Nosotros\"}]},{\"@type\":\"WebSite\",\"@id\":\"https:\/\/innovatycal.com\/#website\",\"url\":\"https:\/\/innovatycal.com\/\",\"name\":\"Innovatycal\",\"description\":\"Innovatycal\",\"publisher\":{\"@id\":\"https:\/\/innovatycal.com\/#organization\"},\"potentialAction\":[{\"@type\":\"SearchAction\",\"target\":{\"@type\":\"EntryPoint\",\"urlTemplate\":\"https:\/\/innovatycal.com\/?s={search_term_string}\"},\"query-input\":{\"@type\":\"PropertyValueSpecification\",\"valueRequired\":true,\"valueName\":\"search_term_string\"}}],\"inLanguage\":\"es\"},{\"@type\":\"Organization\",\"@id\":\"https:\/\/innovatycal.com\/#organization\",\"name\":\"Innovatycal\",\"url\":\"https:\/\/innovatycal.com\/\",\"logo\":{\"@type\":\"ImageObject\",\"inLanguage\":\"es\",\"@id\":\"https:\/\/innovatycal.com\/#\/schema\/logo\/image\/\",\"url\":\"https:\/\/innovatycal.com\/wp-content\/uploads\/2024\/07\/cropped-Diseno-sin-titulo-1.png\",\"contentUrl\":\"https:\/\/innovatycal.com\/wp-content\/uploads\/2024\/07\/cropped-Diseno-sin-titulo-1.png\",\"width\":500,\"height\":145,\"caption\":\"Innovatycal\"},\"image\":{\"@id\":\"https:\/\/innovatycal.com\/#\/schema\/logo\/image\/\"}}]}<\/script>\n<!-- \/ Yoast SEO plugin. -->","yoast_head_json":{"title":"Nosotros - Innovatycal","robots":{"index":"index","follow":"follow","max-snippet":"max-snippet:-1","max-image-preview":"max-image-preview:large","max-video-preview":"max-video-preview:-1"},"canonical":"https:\/\/innovatycal.com\/index.php\/sample-page\/","og_locale":"es_MX","og_type":"article","og_title":"Nosotros - Innovatycal","og_description":"CALIBRA CONCONFIANZA, CALIBRA CON INNOVATYCAL Somos una empresa que brinda servicios de calibraci\u00f3n y mantenimiento a equipo de medici\u00f3n, con metodolog\u00edas altamente confiables, soportados en un servicio profesional, lo que nos convierte en un\u00a0 Laboratorio de referencia a nivel nacional....","og_url":"https:\/\/innovatycal.com\/index.php\/sample-page\/","og_site_name":"Innovatycal","article_modified_time":"2024-07-15T18:50:27+00:00","og_image":[{"url":"https:\/\/innovatycal.com\/wp-content\/uploads\/2024\/07\/Facebook_logo_square.png"}],"twitter_card":"summary_large_image","twitter_misc":{"Tiempo de lectura":"1 minuto"},"schema":{"@context":"https:\/\/schema.org","@graph":[{"@type":"WebPage","@id":"https:\/\/innovatycal.com\/index.php\/sample-page\/","url":"https:\/\/innovatycal.com\/index.php\/sample-page\/","name":"Nosotros - Innovatycal","isPartOf":{"@id":"https:\/\/innovatycal.com\/#website"},"primaryImageOfPage":{"@id":"https:\/\/innovatycal.com\/index.php\/sample-page\/#primaryimage"},"image":{"@id":"https:\/\/innovatycal.com\/index.php\/sample-page\/#primaryimage"},"thumbnailUrl":"https:\/\/innovatycal.com\/wp-content\/uploads\/2024\/07\/Facebook_logo_square.png","datePublished":"2024-07-04T03:04:24+00:00","dateModified":"2024-07-15T18:50:27+00:00","breadcrumb":{"@id":"https:\/\/innovatycal.com\/index.php\/sample-page\/#breadcrumb"},"inLanguage":"es","potentialAction":[{"@type":"ReadAction","target":["https:\/\/innovatycal.com\/index.php\/sample-page\/"]}]},{"@type":"ImageObject","inLanguage":"es","@id":"https:\/\/innovatycal.com\/index.php\/sample-page\/#primaryimage","url":"https:\/\/innovatycal.com\/wp-content\/uploads\/2024\/07\/Facebook_logo_square.png","contentUrl":"https:\/\/innovatycal.com\/wp-content\/uploads\/2024\/07\/Facebook_logo_square.png","width":960,"height":960},{"@type":"BreadcrumbList","@id":"https:\/\/innovatycal.com\/index.php\/sample-page\/#breadcrumb","itemListElement":[{"@type":"ListItem","position":1,"name":"Inicio","item":"https:\/\/innovatycal.com\/"},{"@type":"ListItem","position":2,"name":"Nosotros"}]},{"@type":"WebSite","@id":"https:\/\/innovatycal.com\/#website","url":"https:\/\/innovatycal.com\/","name":"Innovatycal","description":"Innovatycal","publisher":{"@id":"https:\/\/innovatycal.com\/#organization"},"potentialAction":[{"@type":"SearchAction","target":{"@type":"EntryPoint","urlTemplate":"https:\/\/innovatycal.com\/?s={search_term_string}"},"query-input":{"@type":"PropertyValueSpecification","valueRequired":true,"valueName":"search_term_string"}}],"inLanguage":"es"},{"@type":"Organization","@id":"https:\/\/innovatycal.com\/#organization","name":"Innovatycal","url":"https:\/\/innovatycal.com\/","logo":{"@type":"ImageObject","inLanguage":"es","@id":"https:\/\/innovatycal.com\/#\/schema\/logo\/image\/","url":"https:\/\/innovatycal.com\/wp-content\/uploads\/2024\/07\/cropped-Diseno-sin-titulo-1.png","contentUrl":"https:\/\/innovatycal.com\/wp-content\/uploads\/2024\/07\/cropped-Diseno-sin-titulo-1.png","width":500,"height":145,"caption":"Innovatycal"},"image":{"@id":"https:\/\/innovatycal.com\/#\/schema\/logo\/image\/"}}]}},"_links":{"self":[{"href":"https:\/\/innovatycal.com\/index.php\/wp-json\/wp\/v2\/pages\/2","targetHints":{"allow":["GET"]}}],"collection":[{"href":"https:\/\/innovatycal.com\/index.php\/wp-json\/wp\/v2\/pages"}],"about":[{"href":"https:\/\/innovatycal.com\/index.php\/wp-json\/wp\/v2\/types\/page"}],"author":[{"embeddable":true,"href":"https:\/\/innovatycal.com\/index.php\/wp-json\/wp\/v2\/users\/1"}],"replies":[{"embeddable":true,"href":"https:\/\/innovatycal.com\/index.php\/wp-json\/wp\/v2\/comments?post=2"}],"version-history":[{"count":10,"href":"https:\/\/innovatycal.com\/index.php\/wp-json\/wp\/v2\/pages\/2\/revisions"}],"predecessor-version":[{"id":5787,"href":"https:\/\/innovatycal.com\/index.php\/wp-json\/wp\/v2\/pages\/2\/revisions\/5787"}],"wp:attachment":[{"href":"https:\/\/innovatycal.com\/index.php\/wp-json\/wp\/v2\/media?parent=2"}],"curies":[{"name":"wp","href":"https:\/\/api.w.org\/{rel}","templated":true}]}}