{"id":24,"date":"2024-07-04T17:42:24","date_gmt":"2024-07-04T17:42:24","guid":{"rendered":"https:\/\/innovatycal.com\/?page_id=24"},"modified":"2024-09-05T19:44:49","modified_gmt":"2024-09-05T19:44:49","slug":"perfiles-termicos","status":"publish","type":"page","link":"https:\/\/innovatycal.com\/index.php\/perfiles-termicos\/","title":{"rendered":"Perfiles t\u00e9rmicos"},"content":{"rendered":"\t\t<div data-elementor-type=\"wp-page\" data-elementor-id=\"24\" class=\"elementor elementor-24\">\n\t\t\t\t<div class=\"elementor-element elementor-element-fd91087 e-flex e-con-boxed e-con e-parent\" data-id=\"fd91087\" data-element_type=\"container\">\n\t\t\t\t\t<div class=\"e-con-inner\">\n\t\t\t\t<div class=\"elementor-element elementor-element-31f7f3a elementor-invisible elementor-widget elementor-widget-pix-vertical-tabs\" data-id=\"31f7f3a\" data-element_type=\"widget\" data-widget_type=\"pix-vertical-tabs.default\">\n\t\t\t\t<div class=\"elementor-widget-container\">\n\t\t\t<div class=\" animate-in\" data-anim-type=\"pix-3d-up-in\" data-anim-delay=\"0\"><div class=\"row pix-waiting pix_tabs_container\"><div class=\"col-12 col-md-4 d-inline-block\"><div class=\"sticky-top\" style=\"top:110px;\"><div class=\"text-left\"><span class=\"pix-badge-element h5 d-inline-flex mr-1 \"  ><span class=\"badge font-weight-normal bg-primary-light  \" style=\" \"><span class=\"text-primary\" style=\"\">Perfiles t\u00e9rmicos <\/span><\/span><\/span><\/div><div class=\"nav pix_tabs_btns text-left flex-column nav-pills pix-pills-round\" role=\"tablist\" id=\"v-pills-tab\"  aria-orientation=\"vertical\" ><div class=\"nav-item\"><a class=\"nav-link pix-tabs-btn text-24 pix-px-25 d-flex align-items-center py-2 my-2 font-weight-bold  \" data-id=\"31f7f3a-9c7fe03\" role=\"tab\" id=\"pix-tab-btn-31f7f3a-9c7fe03\" data-toggle=\"pill\" href=\"#pix-tab-31f7f3a-9c7fe03\"  aria-controls=\"pix-tab-31f7f3a-9c7fe03\">ALAMACENES  <\/a><\/div><div class=\"nav-item\"><a class=\"nav-link pix-tabs-btn text-24 pix-px-25 d-flex align-items-center py-2 my-2 font-weight-bold  \" data-id=\"31f7f3a-f44c235\" role=\"tab\" id=\"pix-tab-btn-31f7f3a-f44c235\" data-toggle=\"pill\" href=\"#pix-tab-31f7f3a-f44c235\"  aria-controls=\"pix-tab-31f7f3a-f44c235\">INCUBADORAS<\/a><\/div><div class=\"nav-item\"><a class=\"nav-link pix-tabs-btn text-24 pix-px-25 d-flex align-items-center py-2 my-2 font-weight-bold  \" data-id=\"31f7f3a-57cd2b5\" role=\"tab\" id=\"pix-tab-btn-31f7f3a-57cd2b5\" data-toggle=\"pill\" href=\"#pix-tab-31f7f3a-57cd2b5\"  aria-controls=\"pix-tab-31f7f3a-57cd2b5\">CADENA FR\u00cdA<\/a><\/div><div class=\"nav-item\"><a class=\"nav-link pix-tabs-btn text-24 pix-px-25 d-flex align-items-center py-2 my-2 font-weight-bold  \" data-id=\"31f7f3a-f560fde\" role=\"tab\" id=\"pix-tab-btn-31f7f3a-f560fde\" data-toggle=\"pill\" href=\"#pix-tab-31f7f3a-f560fde\"  aria-controls=\"pix-tab-31f7f3a-f560fde\">C\u00c1MARAS DE ESTABILIDAD<\/a><\/div><div class=\"nav-item\"><a class=\"nav-link pix-tabs-btn text-24 pix-px-25 d-flex align-items-center py-2 my-2 font-weight-bold  \" data-id=\"31f7f3a-d1709a9\" role=\"tab\" id=\"pix-tab-btn-31f7f3a-d1709a9\" data-toggle=\"pill\" href=\"#pix-tab-31f7f3a-d1709a9\"  aria-controls=\"pix-tab-31f7f3a-d1709a9\">AUTOCLAVES <\/a><\/div><div class=\"nav-item\"><a class=\"nav-link pix-tabs-btn text-24 pix-px-25 d-flex align-items-center py-2 my-2 font-weight-bold  \" data-id=\"31f7f3a-9814f04\" role=\"tab\" id=\"pix-tab-btn-31f7f3a-9814f04\" data-toggle=\"pill\" href=\"#pix-tab-31f7f3a-9814f04\"  aria-controls=\"pix-tab-31f7f3a-9814f04\">EQUIPOS DE ESTERILIZACI\u00d3N POR CALOR SECO<\/a><\/div><\/div><\/div><\/div><div class=\"col-12 col-md-8 d-inline-block\"><div class=\"pix_tabs_content\"><div class=\"tab-content \"><div class=\"tab-pane  show \" role=\"tabpanel\" data-toggle2=\"tab\" id=\"pix-tab-31f7f3a-9c7fe03\" data-bold=\"font-weight-bold\" data-italic=\"\" data-secondary=\"\" data-id=\"31f7f3a-9c7fe03\" data-icon=\"\" data-title=\"ALAMACENES  \" aria-labelledby=\"pix-tab-31f7f3a-9c7fe03\"><p><img fetchpriority=\"high\" decoding=\"async\" class=\"size-medium wp-image-5902 aligncenter\" src=\"https:\/\/innovatycal.com\/wp-content\/uploads\/2024\/07\/thermal-mapping-1-300x197.webp\" alt=\"\" width=\"300\" height=\"197\" srcset=\"https:\/\/innovatycal.com\/wp-content\/uploads\/2024\/07\/thermal-mapping-1-300x197.webp 300w, https:\/\/innovatycal.com\/wp-content\/uploads\/2024\/07\/thermal-mapping-1-768x504.webp 768w, https:\/\/innovatycal.com\/wp-content\/uploads\/2024\/07\/thermal-mapping-1.webp 800w\" sizes=\"(max-width: 300px) 100vw, 300px\" \/><\/p><\/div><div class=\"tab-pane  show \" role=\"tabpanel\" data-toggle2=\"tab\" id=\"pix-tab-31f7f3a-f44c235\" data-bold=\"font-weight-bold\" data-italic=\"\" data-secondary=\"\" data-id=\"31f7f3a-f44c235\" data-icon=\"\" data-title=\"INCUBADORAS\" aria-labelledby=\"pix-tab-31f7f3a-f44c235\"><p><img decoding=\"async\" class=\"aligncenter wp-image-5903\" src=\"https:\/\/innovatycal.com\/wp-content\/uploads\/2024\/07\/celyon-3029-xs-Fb-incu-2_12a_h-300x199.png\" alt=\"\" width=\"325\" height=\"216\" srcset=\"https:\/\/innovatycal.com\/wp-content\/uploads\/2024\/07\/celyon-3029-xs-Fb-incu-2_12a_h-300x199.png 300w, https:\/\/innovatycal.com\/wp-content\/uploads\/2024\/07\/celyon-3029-xs-Fb-incu-2_12a_h.png 540w\" sizes=\"(max-width: 325px) 100vw, 325px\" \/><\/p><\/div><div class=\"tab-pane fade-right show \" role=\"tabpanel\" data-toggle2=\"tab\" id=\"pix-tab-31f7f3a-57cd2b5\" data-bold=\"font-weight-bold\" data-italic=\"\" data-secondary=\"\" data-id=\"31f7f3a-57cd2b5\" data-icon=\"\" data-title=\"CADENA FR\u00cdA\" aria-labelledby=\"pix-tab-31f7f3a-57cd2b5\"><ul><li class=\"has-text-align-center\"><strong>REFRIGERADORES\u00a0<\/strong><\/li><li><strong>CONGELADORES<\/strong><\/li><li><strong>SISTEMAS DE TRANSPORTE PASIVO\/ACTIVO\u00a0<\/strong><\/li><li><strong> \u00a0<img decoding=\"async\" class=\"size-full wp-image-5905 aligncenter\" src=\"https:\/\/innovatycal.com\/wp-content\/uploads\/2024\/07\/images.jpeg\" alt=\"\" width=\"297\" height=\"170\" \/><\/strong><\/li><\/ul><\/div><div class=\"tab-pane  show \" role=\"tabpanel\" data-toggle2=\"tab\" id=\"pix-tab-31f7f3a-f560fde\" data-bold=\"font-weight-bold\" data-italic=\"\" data-secondary=\"\" data-id=\"31f7f3a-f560fde\" data-icon=\"\" data-title=\"C\u00c1MARAS DE ESTABILIDAD\" aria-labelledby=\"pix-tab-31f7f3a-f560fde\"><p><img loading=\"lazy\" decoding=\"async\" class=\"size-medium wp-image-5906 aligncenter\" src=\"https:\/\/innovatycal.com\/wp-content\/uploads\/2024\/07\/3-camaras-300x225.png\" alt=\"\" width=\"300\" height=\"225\" srcset=\"https:\/\/innovatycal.com\/wp-content\/uploads\/2024\/07\/3-camaras-300x225.png 300w, https:\/\/innovatycal.com\/wp-content\/uploads\/2024\/07\/3-camaras-768x576.png 768w, https:\/\/innovatycal.com\/wp-content\/uploads\/2024\/07\/3-camaras-600x450.png 600w, https:\/\/innovatycal.com\/wp-content\/uploads\/2024\/07\/3-camaras.png 800w\" sizes=\"(max-width: 300px) 100vw, 300px\" \/><\/p><\/div><div class=\"tab-pane  show \" role=\"tabpanel\" data-toggle2=\"tab\" id=\"pix-tab-31f7f3a-d1709a9\" data-bold=\"font-weight-bold\" data-italic=\"\" data-secondary=\"\" data-id=\"31f7f3a-d1709a9\" data-icon=\"\" data-title=\"AUTOCLAVES \" aria-labelledby=\"pix-tab-31f7f3a-d1709a9\"><p><img loading=\"lazy\" decoding=\"async\" class=\"size-medium wp-image-5907 aligncenter\" src=\"https:\/\/innovatycal.com\/wp-content\/uploads\/2024\/07\/Autoclave-300x168.jpg\" alt=\"\" width=\"300\" height=\"168\" srcset=\"https:\/\/innovatycal.com\/wp-content\/uploads\/2024\/07\/Autoclave-300x168.jpg 300w, https:\/\/innovatycal.com\/wp-content\/uploads\/2024\/07\/Autoclave.jpg 663w\" sizes=\"(max-width: 300px) 100vw, 300px\" \/><\/p><\/div><div class=\"tab-pane  show \" role=\"tabpanel\" data-toggle2=\"tab\" id=\"pix-tab-31f7f3a-9814f04\" data-bold=\"font-weight-bold\" data-italic=\"\" data-secondary=\"\" data-id=\"31f7f3a-9814f04\" data-icon=\"\" data-title=\"EQUIPOS DE ESTERILIZACI\u00d3N POR CALOR SECO\" aria-labelledby=\"pix-tab-31f7f3a-9814f04\"><p><img loading=\"lazy\" decoding=\"async\" class=\"size-full wp-image-5908 aligncenter\" src=\"https:\/\/innovatycal.com\/wp-content\/uploads\/2024\/07\/images-1.jpeg\" alt=\"\" width=\"286\" height=\"176\" \/><\/p><\/div><\/div><\/div><\/div><\/div><\/div>\t\t<\/div>\n\t\t\t\t<\/div>\n\t\t\t\t\t<\/div>\n\t\t\t\t<\/div>\n\t\t<div class=\"elementor-element elementor-element-96ad1db e-con-full e-flex e-con e-parent\" data-id=\"96ad1db\" data-element_type=\"container\">\n\t\t\t\t<div class=\"elementor-element elementor-element-2bbbe6c elementor-widget__width-initial elementor-widget elementor-widget-pix-button\" data-id=\"2bbbe6c\" data-element_type=\"widget\" data-widget_type=\"pix-button.default\">\n\t\t\t\t<div class=\"elementor-widget-container\">\n\t\t\t<a  href=\"https:\/\/innovatycal.com\/index.php\/solicitar-cotizacion\/\" class=\"btn m-0     fly-lg btn-white d-flex w-100  justify-content-center  align-items-center  text-center   btn-rounded btn-xl\"     ><span class=\"font-weight-bold \" ><\/span><\/a>\t\t<\/div>\n\t\t\t\t<\/div>\n\t\t\t\t<\/div>\n\t\t\t\t<\/div>\n\t\t","protected":false},"excerpt":{"rendered":"<p>Perfiles t\u00e9rmicos ALAMACENES INCUBADORASCADENA FR\u00cdAC\u00c1MARAS DE ESTABILIDADAUTOCLAVES EQUIPOS DE ESTERILIZACI\u00d3N POR CALOR SECO REFRIGERADORES\u00a0 CONGELADORES SISTEMAS DE TRANSPORTE PASIVO\/ACTIVO\u00a0 \u00a0<\/p>\n","protected":false},"author":1,"featured_media":0,"parent":0,"menu_order":0,"comment_status":"closed","ping_status":"closed","template":"","meta":{"footnotes":""},"class_list":["post-24","page","type-page","status-publish","hentry"],"yoast_head":"<!-- This site is optimized with the Yoast SEO plugin v23.4 - https:\/\/yoast.com\/wordpress\/plugins\/seo\/ -->\n<title>Perfiles t\u00e9rmicos - Innovatycal<\/title>\n<meta name=\"robots\" content=\"index, follow, max-snippet:-1, max-image-preview:large, max-video-preview:-1\" \/>\n<link rel=\"canonical\" href=\"https:\/\/innovatycal.com\/index.php\/perfiles-termicos\/\" \/>\n<meta property=\"og:locale\" content=\"es_MX\" \/>\n<meta property=\"og:type\" content=\"article\" \/>\n<meta property=\"og:title\" content=\"Perfiles t\u00e9rmicos - Innovatycal\" \/>\n<meta property=\"og:description\" content=\"Perfiles t\u00e9rmicos ALAMACENES INCUBADORASCADENA FR\u00cdAC\u00c1MARAS DE ESTABILIDADAUTOCLAVES EQUIPOS DE ESTERILIZACI\u00d3N POR CALOR SECO REFRIGERADORES\u00a0 CONGELADORES SISTEMAS DE TRANSPORTE PASIVO\/ACTIVO\u00a0 \u00a0\" \/>\n<meta property=\"og:url\" content=\"https:\/\/innovatycal.com\/index.php\/perfiles-termicos\/\" \/>\n<meta property=\"og:site_name\" content=\"Innovatycal\" \/>\n<meta property=\"article:modified_time\" content=\"2024-09-05T19:44:49+00:00\" \/>\n<meta property=\"og:image\" content=\"https:\/\/innovatycal.com\/wp-content\/uploads\/2024\/07\/thermal-mapping-1-300x197.webp\" \/>\n<meta name=\"twitter:card\" content=\"summary_large_image\" \/>\n<meta name=\"twitter:label1\" content=\"Tiempo de lectura\" \/>\n\t<meta name=\"twitter:data1\" content=\"2 minutos\" \/>\n<script type=\"application\/ld+json\" class=\"yoast-schema-graph\">{\"@context\":\"https:\/\/schema.org\",\"@graph\":[{\"@type\":\"WebPage\",\"@id\":\"https:\/\/innovatycal.com\/index.php\/perfiles-termicos\/\",\"url\":\"https:\/\/innovatycal.com\/index.php\/perfiles-termicos\/\",\"name\":\"Perfiles t\u00e9rmicos - Innovatycal\",\"isPartOf\":{\"@id\":\"https:\/\/innovatycal.com\/#website\"},\"primaryImageOfPage\":{\"@id\":\"https:\/\/innovatycal.com\/index.php\/perfiles-termicos\/#primaryimage\"},\"image\":{\"@id\":\"https:\/\/innovatycal.com\/index.php\/perfiles-termicos\/#primaryimage\"},\"thumbnailUrl\":\"https:\/\/innovatycal.com\/wp-content\/uploads\/2024\/07\/thermal-mapping-1-300x197.webp\",\"datePublished\":\"2024-07-04T17:42:24+00:00\",\"dateModified\":\"2024-09-05T19:44:49+00:00\",\"breadcrumb\":{\"@id\":\"https:\/\/innovatycal.com\/index.php\/perfiles-termicos\/#breadcrumb\"},\"inLanguage\":\"es\",\"potentialAction\":[{\"@type\":\"ReadAction\",\"target\":[\"https:\/\/innovatycal.com\/index.php\/perfiles-termicos\/\"]}]},{\"@type\":\"ImageObject\",\"inLanguage\":\"es\",\"@id\":\"https:\/\/innovatycal.com\/index.php\/perfiles-termicos\/#primaryimage\",\"url\":\"https:\/\/innovatycal.com\/wp-content\/uploads\/2024\/07\/thermal-mapping-1.webp\",\"contentUrl\":\"https:\/\/innovatycal.com\/wp-content\/uploads\/2024\/07\/thermal-mapping-1.webp\",\"width\":800,\"height\":525},{\"@type\":\"BreadcrumbList\",\"@id\":\"https:\/\/innovatycal.com\/index.php\/perfiles-termicos\/#breadcrumb\",\"itemListElement\":[{\"@type\":\"ListItem\",\"position\":1,\"name\":\"Inicio\",\"item\":\"https:\/\/innovatycal.com\/\"},{\"@type\":\"ListItem\",\"position\":2,\"name\":\"Perfiles t\u00e9rmicos\"}]},{\"@type\":\"WebSite\",\"@id\":\"https:\/\/innovatycal.com\/#website\",\"url\":\"https:\/\/innovatycal.com\/\",\"name\":\"Innovatycal\",\"description\":\"Innovatycal\",\"publisher\":{\"@id\":\"https:\/\/innovatycal.com\/#organization\"},\"potentialAction\":[{\"@type\":\"SearchAction\",\"target\":{\"@type\":\"EntryPoint\",\"urlTemplate\":\"https:\/\/innovatycal.com\/?s={search_term_string}\"},\"query-input\":{\"@type\":\"PropertyValueSpecification\",\"valueRequired\":true,\"valueName\":\"search_term_string\"}}],\"inLanguage\":\"es\"},{\"@type\":\"Organization\",\"@id\":\"https:\/\/innovatycal.com\/#organization\",\"name\":\"Innovatycal\",\"url\":\"https:\/\/innovatycal.com\/\",\"logo\":{\"@type\":\"ImageObject\",\"inLanguage\":\"es\",\"@id\":\"https:\/\/innovatycal.com\/#\/schema\/logo\/image\/\",\"url\":\"https:\/\/innovatycal.com\/wp-content\/uploads\/2024\/07\/cropped-Diseno-sin-titulo-1.png\",\"contentUrl\":\"https:\/\/innovatycal.com\/wp-content\/uploads\/2024\/07\/cropped-Diseno-sin-titulo-1.png\",\"width\":500,\"height\":145,\"caption\":\"Innovatycal\"},\"image\":{\"@id\":\"https:\/\/innovatycal.com\/#\/schema\/logo\/image\/\"}}]}<\/script>\n<!-- \/ Yoast SEO plugin. -->","yoast_head_json":{"title":"Perfiles t\u00e9rmicos - Innovatycal","robots":{"index":"index","follow":"follow","max-snippet":"max-snippet:-1","max-image-preview":"max-image-preview:large","max-video-preview":"max-video-preview:-1"},"canonical":"https:\/\/innovatycal.com\/index.php\/perfiles-termicos\/","og_locale":"es_MX","og_type":"article","og_title":"Perfiles t\u00e9rmicos - Innovatycal","og_description":"Perfiles t\u00e9rmicos ALAMACENES INCUBADORASCADENA FR\u00cdAC\u00c1MARAS DE ESTABILIDADAUTOCLAVES EQUIPOS DE ESTERILIZACI\u00d3N POR CALOR SECO REFRIGERADORES\u00a0 CONGELADORES SISTEMAS DE TRANSPORTE PASIVO\/ACTIVO\u00a0 \u00a0","og_url":"https:\/\/innovatycal.com\/index.php\/perfiles-termicos\/","og_site_name":"Innovatycal","article_modified_time":"2024-09-05T19:44:49+00:00","og_image":[{"url":"https:\/\/innovatycal.com\/wp-content\/uploads\/2024\/07\/thermal-mapping-1-300x197.webp"}],"twitter_card":"summary_large_image","twitter_misc":{"Tiempo de lectura":"2 minutos"},"schema":{"@context":"https:\/\/schema.org","@graph":[{"@type":"WebPage","@id":"https:\/\/innovatycal.com\/index.php\/perfiles-termicos\/","url":"https:\/\/innovatycal.com\/index.php\/perfiles-termicos\/","name":"Perfiles t\u00e9rmicos - Innovatycal","isPartOf":{"@id":"https:\/\/innovatycal.com\/#website"},"primaryImageOfPage":{"@id":"https:\/\/innovatycal.com\/index.php\/perfiles-termicos\/#primaryimage"},"image":{"@id":"https:\/\/innovatycal.com\/index.php\/perfiles-termicos\/#primaryimage"},"thumbnailUrl":"https:\/\/innovatycal.com\/wp-content\/uploads\/2024\/07\/thermal-mapping-1-300x197.webp","datePublished":"2024-07-04T17:42:24+00:00","dateModified":"2024-09-05T19:44:49+00:00","breadcrumb":{"@id":"https:\/\/innovatycal.com\/index.php\/perfiles-termicos\/#breadcrumb"},"inLanguage":"es","potentialAction":[{"@type":"ReadAction","target":["https:\/\/innovatycal.com\/index.php\/perfiles-termicos\/"]}]},{"@type":"ImageObject","inLanguage":"es","@id":"https:\/\/innovatycal.com\/index.php\/perfiles-termicos\/#primaryimage","url":"https:\/\/innovatycal.com\/wp-content\/uploads\/2024\/07\/thermal-mapping-1.webp","contentUrl":"https:\/\/innovatycal.com\/wp-content\/uploads\/2024\/07\/thermal-mapping-1.webp","width":800,"height":525},{"@type":"BreadcrumbList","@id":"https:\/\/innovatycal.com\/index.php\/perfiles-termicos\/#breadcrumb","itemListElement":[{"@type":"ListItem","position":1,"name":"Inicio","item":"https:\/\/innovatycal.com\/"},{"@type":"ListItem","position":2,"name":"Perfiles t\u00e9rmicos"}]},{"@type":"WebSite","@id":"https:\/\/innovatycal.com\/#website","url":"https:\/\/innovatycal.com\/","name":"Innovatycal","description":"Innovatycal","publisher":{"@id":"https:\/\/innovatycal.com\/#organization"},"potentialAction":[{"@type":"SearchAction","target":{"@type":"EntryPoint","urlTemplate":"https:\/\/innovatycal.com\/?s={search_term_string}"},"query-input":{"@type":"PropertyValueSpecification","valueRequired":true,"valueName":"search_term_string"}}],"inLanguage":"es"},{"@type":"Organization","@id":"https:\/\/innovatycal.com\/#organization","name":"Innovatycal","url":"https:\/\/innovatycal.com\/","logo":{"@type":"ImageObject","inLanguage":"es","@id":"https:\/\/innovatycal.com\/#\/schema\/logo\/image\/","url":"https:\/\/innovatycal.com\/wp-content\/uploads\/2024\/07\/cropped-Diseno-sin-titulo-1.png","contentUrl":"https:\/\/innovatycal.com\/wp-content\/uploads\/2024\/07\/cropped-Diseno-sin-titulo-1.png","width":500,"height":145,"caption":"Innovatycal"},"image":{"@id":"https:\/\/innovatycal.com\/#\/schema\/logo\/image\/"}}]}},"_links":{"self":[{"href":"https:\/\/innovatycal.com\/index.php\/wp-json\/wp\/v2\/pages\/24","targetHints":{"allow":["GET"]}}],"collection":[{"href":"https:\/\/innovatycal.com\/index.php\/wp-json\/wp\/v2\/pages"}],"about":[{"href":"https:\/\/innovatycal.com\/index.php\/wp-json\/wp\/v2\/types\/page"}],"author":[{"embeddable":true,"href":"https:\/\/innovatycal.com\/index.php\/wp-json\/wp\/v2\/users\/1"}],"replies":[{"embeddable":true,"href":"https:\/\/innovatycal.com\/index.php\/wp-json\/wp\/v2\/comments?post=24"}],"version-history":[{"count":116,"href":"https:\/\/innovatycal.com\/index.php\/wp-json\/wp\/v2\/pages\/24\/revisions"}],"predecessor-version":[{"id":6782,"href":"https:\/\/innovatycal.com\/index.php\/wp-json\/wp\/v2\/pages\/24\/revisions\/6782"}],"wp:attachment":[{"href":"https:\/\/innovatycal.com\/index.php\/wp-json\/wp\/v2\/media?parent=24"}],"curies":[{"name":"wp","href":"https:\/\/api.w.org\/{rel}","templated":true}]}}