{"id":28,"date":"2024-07-04T17:44:15","date_gmt":"2024-07-04T17:44:15","guid":{"rendered":"https:\/\/innovatycal.com\/?page_id=28"},"modified":"2024-07-16T05:35:16","modified_gmt":"2024-07-16T05:35:16","slug":"contratacion-anual","status":"publish","type":"page","link":"https:\/\/innovatycal.com\/index.php\/contratacion-anual\/","title":{"rendered":"Contrataci\u00f3n anual"},"content":{"rendered":"\t\t<div data-elementor-type=\"wp-page\" data-elementor-id=\"28\" class=\"elementor elementor-28\">\n\t\t\t\t<div class=\"elementor-element elementor-element-3c998d22 e-flex e-con-boxed e-con e-parent\" data-id=\"3c998d22\" data-element_type=\"container\">\n\t\t\t\t\t<div class=\"e-con-inner\">\n\t\t\t\t<div class=\"elementor-element elementor-element-190ef45 elementor-invisible elementor-widget elementor-widget-pix-highlighted-text\" data-id=\"190ef45\" data-element_type=\"widget\" data-widget_type=\"pix-highlighted-text.default\">\n\t\t\t\t<div class=\"elementor-widget-container\">\n\t\t\t<div id=\"el-190ef45\" class=\"pix-highlighted-element text-center \"><h2 class=\"pix-highlighted-items animate-in\" style=\"\" data-anim-type=\"fade-in-up\" data-anim-delay=\"0\"><span id=\"el-190ef45-0\" class=\"pix-highlight-bg align-middle2   elementor-repeater-item-936c55b animate-in\" data-anim-type=\"highlight-grow\" data-anim-delay=\"200\"><span class=\"pix-highlighted-text  pix-highlight-item font-weight-normal  heading-font \">CONTRATO ANUAL DE SERVICIOS<\/span><\/span><\/h2><\/div>\t\t<\/div>\n\t\t\t\t<\/div>\n\t\t\t\t<div class=\"elementor-element elementor-element-d966553 elementor-widget elementor-widget-pix-img-box\" data-id=\"d966553\" data-element_type=\"widget\" data-widget_type=\"pix-img-box.default\">\n\t\t\t\t<div class=\"elementor-widget-container\">\n\t\t\t<div class=\"item-inner pix-img-box  text-left w-100 d-inline-block  w-100 h-1002 bg-black shadow2 pix-hover-item mb-32  rounded-lg position-relative overflow-hidden\"   ><img decoding=\"async\" class=\"pix-bg-image pix-img-scale pix-hover-opacity-7\" src=\"https:\/\/innovatycal.com\/wp-content\/uploads\/2024\/07\/CALIBRA-CON-9.png\" alt=\"\">\n\n\t\t<div class=\"pix-img-overlay pix-p-30 w-100\">\n\t\t<div class=\"slide-in-container d-inline-block \"><h4 class=\"font-weight-bold text-white pix-slide-up\" style=\"\">DISTINTOS PLANES DE PAGO<\/h4><\/div>\n\t\t<div class=\"slide-in-container d-inline-block w-100\"><p class=\"font-weight-bold text-light-opacity-6  mb-0 pix-fade-in\" ><\/p><\/div>\n\t\t<\/div>\n\t\t<\/div>\t\t<\/div>\n\t\t\t\t<\/div>\n\t\t<div class=\"elementor-element elementor-element-83642cd e-grid e-con-full e-con e-child\" data-id=\"83642cd\" data-element_type=\"container\">\n\t\t\t\t<div class=\"elementor-element elementor-element-02f458a elementor-widget elementor-widget-pix-badge\" data-id=\"02f458a\" data-element_type=\"widget\" data-widget_type=\"pix-badge.default\">\n\t\t\t\t<div class=\"elementor-widget-container\">\n\t\t\t<span class=\"pix-badge-element h3 d-inline-flex mr-1 \"  ><span class=\"badge font-weight-bold badge-pill bg-blue  \" style=\" \"><span class=\"text-white\" style=\"\">PRECIOS PREFERENCIALES<\/span><\/span><\/span>\t\t<\/div>\n\t\t\t\t<\/div>\n\t\t\t\t<div class=\"elementor-element elementor-element-d2f9e00 elementor-widget elementor-widget-pix-badge\" data-id=\"d2f9e00\" data-element_type=\"widget\" data-widget_type=\"pix-badge.default\">\n\t\t\t\t<div class=\"elementor-widget-container\">\n\t\t\t<span class=\"pix-badge-element h3 d-inline-flex mr-1 \"  ><span class=\"badge font-weight-bold badge-pill bg-blue  \" style=\" \"><span class=\"text-white\" style=\"\">3 MODIFICACIONES GRATIS<\/span><\/span><\/span>\t\t<\/div>\n\t\t\t\t<\/div>\n\t\t\t\t<div class=\"elementor-element elementor-element-a971b38 elementor-widget elementor-widget-pix-badge\" data-id=\"a971b38\" data-element_type=\"widget\" data-widget_type=\"pix-badge.default\">\n\t\t\t\t<div class=\"elementor-widget-container\">\n\t\t\t<span class=\"pix-badge-element h5 d-inline-flex mr-1 \"  ><span class=\"badge font-weight-bold badge-pill bg-blue  \" style=\" \"><span class=\"text-white\" style=\"\">ASESOR\u00cdA T\u00c9CNICA RESPECTO A LA CALIBRACI\u00d3N<\/span><\/span><\/span>\t\t<\/div>\n\t\t\t\t<\/div>\n\t\t\t\t<\/div>\n\t\t\t\t\t<\/div>\n\t\t\t\t<\/div>\n\t\t<div class=\"elementor-element elementor-element-2087b64 e-flex e-con-boxed e-con e-parent\" data-id=\"2087b64\" data-element_type=\"container\">\n\t\t\t\t\t<div class=\"e-con-inner\">\n\t\t\t\t<div class=\"elementor-element elementor-element-443c671 elementor-widget elementor-widget-pix-3d-box\" data-id=\"443c671\" data-element_type=\"widget\" data-widget_type=\"pix-3d-box.default\">\n\t\t\t\t<div class=\"elementor-widget-container\">\n\t\t\t<div class=\" mb-3 mb-md-0 \"  ><div class=\"card w-100 h-100 bg-blue   pix-hover-item rounded-10 position-relative overflow-hidden2 text-white tilt fancy_card\" ><img decoding=\"async\" srcset=\"https:\/\/innovatycal.com\/wp-content\/uploads\/2024\/07\/SIGUENOS-EN-REDES-SOCIALES-3-300x111.png 300w, https:\/\/innovatycal.com\/wp-content\/uploads\/2024\/07\/SIGUENOS-EN-REDES-SOCIALES-3-1024x379.png 1024w, https:\/\/innovatycal.com\/wp-content\/uploads\/2024\/07\/SIGUENOS-EN-REDES-SOCIALES-3-768x284.png 768w, https:\/\/innovatycal.com\/wp-content\/uploads\/2024\/07\/SIGUENOS-EN-REDES-SOCIALES-3.png 1080w\" src=\"https:\/\/innovatycal.com\/wp-content\/uploads\/2024\/07\/SIGUENOS-EN-REDES-SOCIALES-3-1024x379.png\" class=\"card-img pix-bg-image rounded-10 h-100 pix-opacity-3 pix-hover-opacity-7\" alt=\"\"><div class=\"card-img-overlay overflow-visible d-inline-block w-100 pix-img-overlay pix-p-30 d-flex align-items-end text-center\"><div class=\"w-100 \"><h3 class=\"card-title  text-white font-weight-bold mb-0 animate-in\" style=\"\">REGALO DE PASE A CURSOS QUE IMPARTE EL LABORATORIO INNOVATYCAL.<\/h3><p class=\"card-text pix-pt-10 text-light-opacity-5 \" style=\"\"><\/p><div class=\"card-btn-div mt-4 d-inline-block w-100\"><a  href=\"https:\/\/innovatycal.com\/index.php\/solicitar-cotizacion\/\" class=\"btn m-0     btn-primary d-inline-flex align-items-center     btn-rounded btn-md\"     ><span class=\"font-weight-bold \" >SOLICITA AQU\u00cd<\/span><\/a><\/div><\/div><\/div><\/div><\/div>\t\t<\/div>\n\t\t\t\t<\/div>\n\t\t\t\t\t<\/div>\n\t\t\t\t<\/div>\n\t\t\t\t<\/div>\n\t\t","protected":false},"excerpt":{"rendered":"<p>CONTRATO ANUAL DE SERVICIOS DISTINTOS PLANES DE PAGO PRECIOS PREFERENCIALES 3 MODIFICACIONES GRATIS ASESOR\u00cdA T\u00c9CNICA RESPECTO A LA CALIBRACI\u00d3N REGALO DE PASE A CURSOS QUE IMPARTE EL LABORATORIO INNOVATYCAL. SOLICITA AQU\u00cd<\/p>\n","protected":false},"author":1,"featured_media":0,"parent":0,"menu_order":0,"comment_status":"closed","ping_status":"closed","template":"","meta":{"footnotes":""},"class_list":["post-28","page","type-page","status-publish","hentry"],"yoast_head":"<!-- This site is optimized with the Yoast SEO plugin v23.4 - https:\/\/yoast.com\/wordpress\/plugins\/seo\/ -->\n<title>Contrataci\u00f3n anual - Innovatycal<\/title>\n<meta name=\"robots\" content=\"index, follow, max-snippet:-1, max-image-preview:large, max-video-preview:-1\" \/>\n<link rel=\"canonical\" href=\"https:\/\/innovatycal.com\/index.php\/contratacion-anual\/\" \/>\n<meta property=\"og:locale\" content=\"es_MX\" \/>\n<meta property=\"og:type\" content=\"article\" \/>\n<meta property=\"og:title\" content=\"Contrataci\u00f3n anual - Innovatycal\" \/>\n<meta property=\"og:description\" content=\"CONTRATO ANUAL DE SERVICIOS DISTINTOS PLANES DE PAGO PRECIOS PREFERENCIALES 3 MODIFICACIONES GRATIS ASESOR\u00cdA T\u00c9CNICA RESPECTO A LA CALIBRACI\u00d3N REGALO DE PASE A CURSOS QUE IMPARTE EL LABORATORIO INNOVATYCAL. SOLICITA AQU\u00cd\" \/>\n<meta property=\"og:url\" content=\"https:\/\/innovatycal.com\/index.php\/contratacion-anual\/\" \/>\n<meta property=\"og:site_name\" content=\"Innovatycal\" \/>\n<meta property=\"article:modified_time\" content=\"2024-07-16T05:35:16+00:00\" \/>\n<meta property=\"og:image\" content=\"https:\/\/innovatycal.com\/wp-content\/uploads\/2024\/07\/CALIBRA-CON-9.png\" \/>\n<meta name=\"twitter:card\" content=\"summary_large_image\" \/>\n<meta name=\"twitter:label1\" content=\"Tiempo de lectura\" \/>\n\t<meta name=\"twitter:data1\" content=\"1 minuto\" \/>\n<script type=\"application\/ld+json\" class=\"yoast-schema-graph\">{\"@context\":\"https:\/\/schema.org\",\"@graph\":[{\"@type\":\"WebPage\",\"@id\":\"https:\/\/innovatycal.com\/index.php\/contratacion-anual\/\",\"url\":\"https:\/\/innovatycal.com\/index.php\/contratacion-anual\/\",\"name\":\"Contrataci\u00f3n anual - Innovatycal\",\"isPartOf\":{\"@id\":\"https:\/\/innovatycal.com\/#website\"},\"primaryImageOfPage\":{\"@id\":\"https:\/\/innovatycal.com\/index.php\/contratacion-anual\/#primaryimage\"},\"image\":{\"@id\":\"https:\/\/innovatycal.com\/index.php\/contratacion-anual\/#primaryimage\"},\"thumbnailUrl\":\"https:\/\/innovatycal.com\/wp-content\/uploads\/2024\/07\/CALIBRA-CON-9.png\",\"datePublished\":\"2024-07-04T17:44:15+00:00\",\"dateModified\":\"2024-07-16T05:35:16+00:00\",\"breadcrumb\":{\"@id\":\"https:\/\/innovatycal.com\/index.php\/contratacion-anual\/#breadcrumb\"},\"inLanguage\":\"es\",\"potentialAction\":[{\"@type\":\"ReadAction\",\"target\":[\"https:\/\/innovatycal.com\/index.php\/contratacion-anual\/\"]}]},{\"@type\":\"ImageObject\",\"inLanguage\":\"es\",\"@id\":\"https:\/\/innovatycal.com\/index.php\/contratacion-anual\/#primaryimage\",\"url\":\"https:\/\/innovatycal.com\/wp-content\/uploads\/2024\/07\/CALIBRA-CON-9.png\",\"contentUrl\":\"https:\/\/innovatycal.com\/wp-content\/uploads\/2024\/07\/CALIBRA-CON-9.png\",\"width\":1080,\"height\":400},{\"@type\":\"BreadcrumbList\",\"@id\":\"https:\/\/innovatycal.com\/index.php\/contratacion-anual\/#breadcrumb\",\"itemListElement\":[{\"@type\":\"ListItem\",\"position\":1,\"name\":\"Inicio\",\"item\":\"https:\/\/innovatycal.com\/\"},{\"@type\":\"ListItem\",\"position\":2,\"name\":\"Contrataci\u00f3n anual\"}]},{\"@type\":\"WebSite\",\"@id\":\"https:\/\/innovatycal.com\/#website\",\"url\":\"https:\/\/innovatycal.com\/\",\"name\":\"Innovatycal\",\"description\":\"Innovatycal\",\"publisher\":{\"@id\":\"https:\/\/innovatycal.com\/#organization\"},\"potentialAction\":[{\"@type\":\"SearchAction\",\"target\":{\"@type\":\"EntryPoint\",\"urlTemplate\":\"https:\/\/innovatycal.com\/?s={search_term_string}\"},\"query-input\":{\"@type\":\"PropertyValueSpecification\",\"valueRequired\":true,\"valueName\":\"search_term_string\"}}],\"inLanguage\":\"es\"},{\"@type\":\"Organization\",\"@id\":\"https:\/\/innovatycal.com\/#organization\",\"name\":\"Innovatycal\",\"url\":\"https:\/\/innovatycal.com\/\",\"logo\":{\"@type\":\"ImageObject\",\"inLanguage\":\"es\",\"@id\":\"https:\/\/innovatycal.com\/#\/schema\/logo\/image\/\",\"url\":\"https:\/\/innovatycal.com\/wp-content\/uploads\/2024\/07\/cropped-Diseno-sin-titulo-1.png\",\"contentUrl\":\"https:\/\/innovatycal.com\/wp-content\/uploads\/2024\/07\/cropped-Diseno-sin-titulo-1.png\",\"width\":500,\"height\":145,\"caption\":\"Innovatycal\"},\"image\":{\"@id\":\"https:\/\/innovatycal.com\/#\/schema\/logo\/image\/\"}}]}<\/script>\n<!-- \/ Yoast SEO plugin. -->","yoast_head_json":{"title":"Contrataci\u00f3n anual - Innovatycal","robots":{"index":"index","follow":"follow","max-snippet":"max-snippet:-1","max-image-preview":"max-image-preview:large","max-video-preview":"max-video-preview:-1"},"canonical":"https:\/\/innovatycal.com\/index.php\/contratacion-anual\/","og_locale":"es_MX","og_type":"article","og_title":"Contrataci\u00f3n anual - Innovatycal","og_description":"CONTRATO ANUAL DE SERVICIOS DISTINTOS PLANES DE PAGO PRECIOS PREFERENCIALES 3 MODIFICACIONES GRATIS ASESOR\u00cdA T\u00c9CNICA RESPECTO A LA CALIBRACI\u00d3N REGALO DE PASE A CURSOS QUE IMPARTE EL LABORATORIO INNOVATYCAL. SOLICITA AQU\u00cd","og_url":"https:\/\/innovatycal.com\/index.php\/contratacion-anual\/","og_site_name":"Innovatycal","article_modified_time":"2024-07-16T05:35:16+00:00","og_image":[{"url":"https:\/\/innovatycal.com\/wp-content\/uploads\/2024\/07\/CALIBRA-CON-9.png"}],"twitter_card":"summary_large_image","twitter_misc":{"Tiempo de lectura":"1 minuto"},"schema":{"@context":"https:\/\/schema.org","@graph":[{"@type":"WebPage","@id":"https:\/\/innovatycal.com\/index.php\/contratacion-anual\/","url":"https:\/\/innovatycal.com\/index.php\/contratacion-anual\/","name":"Contrataci\u00f3n anual - Innovatycal","isPartOf":{"@id":"https:\/\/innovatycal.com\/#website"},"primaryImageOfPage":{"@id":"https:\/\/innovatycal.com\/index.php\/contratacion-anual\/#primaryimage"},"image":{"@id":"https:\/\/innovatycal.com\/index.php\/contratacion-anual\/#primaryimage"},"thumbnailUrl":"https:\/\/innovatycal.com\/wp-content\/uploads\/2024\/07\/CALIBRA-CON-9.png","datePublished":"2024-07-04T17:44:15+00:00","dateModified":"2024-07-16T05:35:16+00:00","breadcrumb":{"@id":"https:\/\/innovatycal.com\/index.php\/contratacion-anual\/#breadcrumb"},"inLanguage":"es","potentialAction":[{"@type":"ReadAction","target":["https:\/\/innovatycal.com\/index.php\/contratacion-anual\/"]}]},{"@type":"ImageObject","inLanguage":"es","@id":"https:\/\/innovatycal.com\/index.php\/contratacion-anual\/#primaryimage","url":"https:\/\/innovatycal.com\/wp-content\/uploads\/2024\/07\/CALIBRA-CON-9.png","contentUrl":"https:\/\/innovatycal.com\/wp-content\/uploads\/2024\/07\/CALIBRA-CON-9.png","width":1080,"height":400},{"@type":"BreadcrumbList","@id":"https:\/\/innovatycal.com\/index.php\/contratacion-anual\/#breadcrumb","itemListElement":[{"@type":"ListItem","position":1,"name":"Inicio","item":"https:\/\/innovatycal.com\/"},{"@type":"ListItem","position":2,"name":"Contrataci\u00f3n anual"}]},{"@type":"WebSite","@id":"https:\/\/innovatycal.com\/#website","url":"https:\/\/innovatycal.com\/","name":"Innovatycal","description":"Innovatycal","publisher":{"@id":"https:\/\/innovatycal.com\/#organization"},"potentialAction":[{"@type":"SearchAction","target":{"@type":"EntryPoint","urlTemplate":"https:\/\/innovatycal.com\/?s={search_term_string}"},"query-input":{"@type":"PropertyValueSpecification","valueRequired":true,"valueName":"search_term_string"}}],"inLanguage":"es"},{"@type":"Organization","@id":"https:\/\/innovatycal.com\/#organization","name":"Innovatycal","url":"https:\/\/innovatycal.com\/","logo":{"@type":"ImageObject","inLanguage":"es","@id":"https:\/\/innovatycal.com\/#\/schema\/logo\/image\/","url":"https:\/\/innovatycal.com\/wp-content\/uploads\/2024\/07\/cropped-Diseno-sin-titulo-1.png","contentUrl":"https:\/\/innovatycal.com\/wp-content\/uploads\/2024\/07\/cropped-Diseno-sin-titulo-1.png","width":500,"height":145,"caption":"Innovatycal"},"image":{"@id":"https:\/\/innovatycal.com\/#\/schema\/logo\/image\/"}}]}},"_links":{"self":[{"href":"https:\/\/innovatycal.com\/index.php\/wp-json\/wp\/v2\/pages\/28","targetHints":{"allow":["GET"]}}],"collection":[{"href":"https:\/\/innovatycal.com\/index.php\/wp-json\/wp\/v2\/pages"}],"about":[{"href":"https:\/\/innovatycal.com\/index.php\/wp-json\/wp\/v2\/types\/page"}],"author":[{"embeddable":true,"href":"https:\/\/innovatycal.com\/index.php\/wp-json\/wp\/v2\/users\/1"}],"replies":[{"embeddable":true,"href":"https:\/\/innovatycal.com\/index.php\/wp-json\/wp\/v2\/comments?post=28"}],"version-history":[{"count":13,"href":"https:\/\/innovatycal.com\/index.php\/wp-json\/wp\/v2\/pages\/28\/revisions"}],"predecessor-version":[{"id":6003,"href":"https:\/\/innovatycal.com\/index.php\/wp-json\/wp\/v2\/pages\/28\/revisions\/6003"}],"wp:attachment":[{"href":"https:\/\/innovatycal.com\/index.php\/wp-json\/wp\/v2\/media?parent=28"}],"curies":[{"name":"wp","href":"https:\/\/api.w.org\/{rel}","templated":true}]}}