{"id":44,"date":"2024-07-04T18:04:25","date_gmt":"2024-07-04T18:04:25","guid":{"rendered":"https:\/\/innovatycal.com\/?page_id=44"},"modified":"2024-10-17T22:40:32","modified_gmt":"2024-10-17T22:40:32","slug":"valores","status":"publish","type":"page","link":"https:\/\/innovatycal.com\/index.php\/valores\/","title":{"rendered":"Valores"},"content":{"rendered":"\t\t<div data-elementor-type=\"wp-page\" data-elementor-id=\"44\" class=\"elementor elementor-44\">\n\t\t\t\t<div class=\"elementor-element elementor-element-8962f01 e-flex e-con-boxed e-con e-parent\" data-id=\"8962f01\" data-element_type=\"container\">\n\t\t\t\t\t<div class=\"e-con-inner\">\n\t\t\t\t<div class=\"elementor-element elementor-element-a20080d elementor-widget elementor-widget-pix-animated-heading\" data-id=\"a20080d\" data-element_type=\"widget\" data-widget_type=\"pix-animated-heading.default\">\n\t\t\t\t<div class=\"elementor-widget-container\">\n\t\t\t<div class=\"text-center \"><div><h3 class=\"pix-headline my-3  slide-inverse text-heading-default font-weight-bold  \" style=\"\"><span>INNOVATYCAL TIENE PRESENTE ESTOS VALORES; <\/span><span class=\"pix-words-wrapper is-last\"><span class=\"is-visible text-orange\" >COMPROMISO <\/span> <span class=\"text-green\" >PASI\u00d3N<\/span> <span class=\"text-red\" >ATENCI\u00d3N<\/span> <span class=\"text-blue\" >HONESTIDAD<\/span> <span class=\"text-orange\" >CALIDAD<\/span> <\/span><\/h3><\/div><\/div>\t\t<\/div>\n\t\t\t\t<\/div>\n\t\t\t\t\t<\/div>\n\t\t\t\t<\/div>\n\t\t<div data-pix-dividers=\"&lt;div class=&quot;pix-divider  position-relative pix-bottom-divider&quot; data-style=&quot;style-5&quot; &gt;&lt;svg xmlns=&quot;http:\/\/www.w3.org\/2000\/svg&quot; width=&quot;100%&quot;  viewBox=&quot;0 0 1200 150&quot; preserveAspectRatio=&quot;none&quot;&gt;&lt;path fill=&quot;rgba(255,255,255,0.3)&quot;  d=&quot;M0,150 C600,100 1000,50 1200,-1.13686838e-13 C1200,6.8027294 1200,56.8027294 1200,150 L0,150 Z&quot;  \/&gt;&lt;path fill=&quot;rgba(255,255,255,0.6)&quot;  d=&quot;M0,150 C600,120 1000,80 1200,30 C1200,36.8027294 1200,76.8027294 1200,150 L0,150 Z&quot; \/&gt;&lt;path fill=&quot;#ffffff&quot; d=&quot;M0,150 C600,136.666667 1000,106.666667 1200,60 C1200,74 1200,104 1200,150 L0,150 Z&quot;\/&gt;&lt;defs&gt;&lt;\/defs&gt;&lt;\/svg&gt;&lt;\/div&gt;\" class=\"elementor-element elementor-element-5899a351 e-flex e-con-boxed e-con e-parent\" data-id=\"5899a351\" data-element_type=\"container\">\n\t\t\t\t\t<div class=\"e-con-inner\">\n\t\t\t\t<div class=\"elementor-element elementor-element-be41978 elementor-widget elementor-widget-pix-card-wide\" data-id=\"be41978\" data-element_type=\"widget\" data-widget_type=\"pix-card-wide.default\">\n\t\t\t\t<div class=\"elementor-widget-container\">\n\t\t\t<div class=\"card rounded-10 overflow-hidden row no-gutters flex-column flex-md-row flex-md-row-reverse    \" ><div class=\"flex-column col-md-6\"><img decoding=\"async\" class=\"card-img rounded-0 pix-fit-cover flex-grow-1 h-100\" src=\"https:\/\/innovatycal.com\/wp-content\/uploads\/2024\/08\/Diseno-sin-titulo-22.png\" alt=\"CALIDAD\" \/><\/div><div class=\"card-body d-flex align-content-between flex-wrap col-md-6 p-lg-5 p-md-5 p-4\"><div class=\"d-flex align-items-start\"><div><img fetchpriority=\"high\" class=\"mb-3\" src=\"https:\/\/innovatycal.com\/wp-content\/uploads\/2024\/10\/valor-calidad.png\" alt=\"\" width=\"1080\" height=\"420\" style=\"width:auto;max-width:10;\"  decoding=\"async\" \/><h5 style=\"\" class=\"font-weight-bold text-black mb-3\">CALIDAD<\/h5><\/div><\/div><div class=\"d-flex align-items-end\"><div><p class=\"font-weight-bold text-body-default  text-left mb-0\" ><\/p><\/div><\/div><\/div><\/div>\t\t<\/div>\n\t\t\t\t<\/div>\n\t\t\t\t\t<\/div>\n\t\t\t\t<\/div>\n\t\t<div class=\"elementor-element elementor-element-cb13282 e-flex e-con-boxed e-con e-parent\" data-id=\"cb13282\" data-element_type=\"container\">\n\t\t\t\t\t<div class=\"e-con-inner\">\n\t\t\t\t<div class=\"elementor-element elementor-element-4c3d9e4 elementor-widget elementor-widget-pix-card-wide\" data-id=\"4c3d9e4\" data-element_type=\"widget\" data-widget_type=\"pix-card-wide.default\">\n\t\t\t\t<div class=\"elementor-widget-container\">\n\t\t\t<div class=\"card rounded-lg overflow-hidden row no-gutters flex-column flex-md-row flex-md-row-reverse    \" ><div class=\"card-body d-flex align-content-between flex-wrap col-md-6 p-lg-5 p-md-5 p-4\"><div class=\"d-flex align-items-start\"><div><img class=\"mb-3\" src=\"https:\/\/innovatycal.com\/wp-content\/uploads\/2024\/10\/valor-transparencia.png\" alt=\"\" width=\"1080\" height=\"420\" style=\"width:auto;\"  decoding=\"async\" \/><h5 style=\"\" class=\"font-weight-bold text-black mb-3\">HONESTIDAD<\/h5><\/div><\/div><div class=\"d-flex align-items-end\"><div><p class=\"font-weight-bold text-body-default  text-left mb-0\" ><\/p><\/div><\/div><\/div><div class=\"flex-column col-md-6\"><img decoding=\"async\" class=\"card-img rounded-0 pix-fit-cover flex-grow-1 h-100\" src=\"https:\/\/innovatycal.com\/wp-content\/uploads\/2024\/08\/Agregar-un-subtitulo-2.png\" alt=\"HONESTIDAD\" \/><\/div><\/div>\t\t<\/div>\n\t\t\t\t<\/div>\n\t\t\t\t\t<\/div>\n\t\t\t\t<\/div>\n\t\t<div class=\"elementor-element elementor-element-788f3db e-flex e-con-boxed e-con e-parent\" data-id=\"788f3db\" data-element_type=\"container\">\n\t\t\t\t\t<div class=\"e-con-inner\">\n\t\t\t\t<div class=\"elementor-element elementor-element-b02d331 elementor-widget elementor-widget-pix-card-wide\" data-id=\"b02d331\" data-element_type=\"widget\" data-widget_type=\"pix-card-wide.default\">\n\t\t\t\t<div class=\"elementor-widget-container\">\n\t\t\t<div class=\"card rounded-lg overflow-hidden row no-gutters flex-column flex-md-row flex-md-row-reverse    \" ><div class=\"flex-column col-md-6\"><img decoding=\"async\" class=\"card-img rounded-0 pix-fit-cover flex-grow-1 h-100\" src=\"https:\/\/innovatycal.com\/wp-content\/uploads\/2024\/08\/Agregar-un-subtitulo-4.png\" alt=\"PASI\u00d3N\" \/><\/div><div class=\"card-body d-flex align-content-between flex-wrap col-md-6 p-lg-5 p-md-5 p-4\"><div class=\"d-flex align-items-start\"><div><img class=\"mb-3\" src=\"https:\/\/innovatycal.com\/wp-content\/uploads\/2024\/10\/valor-pasion.png\" alt=\"\" width=\"1080\" height=\"420\" style=\"width:auto;\"  decoding=\"async\" \/><h5 style=\"\" class=\"font-weight-bold text-black mb-3\">PASI\u00d3N<\/h5><\/div><\/div><div class=\"d-flex align-items-end\"><div><p class=\"font-weight-bold text-body-default  text-left mb-0\" ><\/p><\/div><\/div><\/div><\/div>\t\t<\/div>\n\t\t\t\t<\/div>\n\t\t\t\t\t<\/div>\n\t\t\t\t<\/div>\n\t\t<div class=\"elementor-element elementor-element-f92d421 e-flex e-con-boxed e-con e-parent\" data-id=\"f92d421\" data-element_type=\"container\">\n\t\t\t\t\t<div class=\"e-con-inner\">\n\t\t\t\t<div class=\"elementor-element elementor-element-2deeb85 elementor-invisible elementor-widget elementor-widget-pix-card-wide\" data-id=\"2deeb85\" data-element_type=\"widget\" data-widget_type=\"pix-card-wide.default\">\n\t\t\t\t<div class=\"elementor-widget-container\">\n\t\t\t<div class=\"card rounded-lg overflow-hidden row no-gutters flex-column flex-md-row flex-md-row-reverse     animate-in \" data-anim-delay=\"0\" data-anim-type=\"fade-in-up-big\"><div class=\"card-body d-flex align-content-between flex-wrap col-md-6 p-lg-5 p-md-5 p-4\"><div class=\"d-flex align-items-start\"><div><img loading=\"lazy\" class=\"mb-3\" src=\"https:\/\/innovatycal.com\/wp-content\/uploads\/2024\/10\/valor-satisfaccion.png\" alt=\"\" width=\"1080\" height=\"420\" style=\"width:auto;\"  decoding=\"async\" \/><h5 style=\"\" class=\"font-weight-bold text-black mb-3\">ORIENTACI\u00d3N AL CLIENTE<\/h5><\/div><\/div><div class=\"d-flex align-items-end\"><div><p class=\"font-weight-bold text-body-default  text-left mb-0\" ><\/p><\/div><\/div><\/div><div class=\"flex-column col-md-6\"><img decoding=\"async\" class=\"card-img rounded-0 pix-fit-cover flex-grow-1 h-100\" src=\"https:\/\/innovatycal.com\/wp-content\/uploads\/2024\/08\/Agregar-un-subtitulo-8.png\" alt=\"ORIENTACI\u00d3N AL CLIENTE\" \/><\/div><\/div>\t\t<\/div>\n\t\t\t\t<\/div>\n\t\t\t\t\t<\/div>\n\t\t\t\t<\/div>\n\t\t<div class=\"elementor-element elementor-element-22e0c24 e-flex e-con-boxed e-con e-parent\" data-id=\"22e0c24\" data-element_type=\"container\">\n\t\t\t\t\t<div class=\"e-con-inner\">\n\t\t\t\t<div class=\"elementor-element elementor-element-aa36b9e elementor-widget elementor-widget-pix-card-wide\" data-id=\"aa36b9e\" data-element_type=\"widget\" data-widget_type=\"pix-card-wide.default\">\n\t\t\t\t<div class=\"elementor-widget-container\">\n\t\t\t<div class=\"card rounded-lg overflow-hidden row no-gutters flex-column flex-md-row flex-md-row-reverse    \" ><div class=\"flex-column col-md-6\"><img decoding=\"async\" class=\"card-img rounded-0 pix-fit-cover flex-grow-1 h-100\" src=\"https:\/\/innovatycal.com\/wp-content\/uploads\/2024\/08\/Agregar-un-subtitulo-9.png\" alt=\"COMPROMISO\" \/><\/div><div class=\"card-body d-flex align-content-between flex-wrap col-md-6 p-lg-5 p-md-5 p-4\"><div class=\"d-flex align-items-start\"><div><img loading=\"lazy\" class=\"mb-3\" src=\"https:\/\/innovatycal.com\/wp-content\/uploads\/2024\/10\/valor-compromiso.png\" alt=\"\" width=\"1080\" height=\"420\" style=\"width:auto;\"  decoding=\"async\" \/><h5 style=\"\" class=\"font-weight-bold text-black mb-3\">COMPROMISO<\/h5><\/div><\/div><div class=\"d-flex align-items-end\"><div><p class=\"font-weight-bold text-body-default  text-left mb-0\" ><\/p><\/div><\/div><\/div><\/div>\t\t<\/div>\n\t\t\t\t<\/div>\n\t\t\t\t\t<\/div>\n\t\t\t\t<\/div>\n\t\t\t\t<\/div>\n\t\t","protected":false},"excerpt":{"rendered":"<p>INNOVATYCAL TIENE PRESENTE ESTOS VALORES; COMPROMISO PASI\u00d3N ATENCI\u00d3N HONESTIDAD CALIDAD CALIDAD HONESTIDAD PASI\u00d3N ORIENTACI\u00d3N AL CLIENTE COMPROMISO<\/p>\n","protected":false},"author":1,"featured_media":0,"parent":0,"menu_order":0,"comment_status":"closed","ping_status":"closed","template":"","meta":{"footnotes":""},"class_list":["post-44","page","type-page","status-publish","hentry"],"yoast_head":"<!-- This site is optimized with the Yoast SEO plugin v23.4 - https:\/\/yoast.com\/wordpress\/plugins\/seo\/ -->\n<title>Valores - Innovatycal<\/title>\n<meta name=\"robots\" content=\"index, follow, max-snippet:-1, max-image-preview:large, max-video-preview:-1\" \/>\n<link rel=\"canonical\" href=\"https:\/\/innovatycal.com\/index.php\/valores\/\" \/>\n<meta property=\"og:locale\" content=\"es_MX\" \/>\n<meta property=\"og:type\" content=\"article\" \/>\n<meta property=\"og:title\" content=\"Valores - Innovatycal\" \/>\n<meta property=\"og:description\" content=\"INNOVATYCAL TIENE PRESENTE ESTOS VALORES; COMPROMISO PASI\u00d3N ATENCI\u00d3N HONESTIDAD CALIDAD CALIDAD HONESTIDAD PASI\u00d3N ORIENTACI\u00d3N AL CLIENTE COMPROMISO\" \/>\n<meta property=\"og:url\" content=\"https:\/\/innovatycal.com\/index.php\/valores\/\" \/>\n<meta property=\"og:site_name\" content=\"Innovatycal\" \/>\n<meta property=\"article:modified_time\" content=\"2024-10-17T22:40:32+00:00\" \/>\n<meta property=\"og:image\" content=\"https:\/\/innovatycal.com\/wp-content\/uploads\/2024\/08\/Diseno-sin-titulo-22.png\" \/>\n<meta name=\"twitter:card\" content=\"summary_large_image\" \/>\n<meta name=\"twitter:label1\" content=\"Tiempo de lectura\" \/>\n\t<meta name=\"twitter:data1\" content=\"3 minutos\" \/>\n<script type=\"application\/ld+json\" class=\"yoast-schema-graph\">{\"@context\":\"https:\/\/schema.org\",\"@graph\":[{\"@type\":\"WebPage\",\"@id\":\"https:\/\/innovatycal.com\/index.php\/valores\/\",\"url\":\"https:\/\/innovatycal.com\/index.php\/valores\/\",\"name\":\"Valores - Innovatycal\",\"isPartOf\":{\"@id\":\"https:\/\/innovatycal.com\/#website\"},\"primaryImageOfPage\":{\"@id\":\"https:\/\/innovatycal.com\/index.php\/valores\/#primaryimage\"},\"image\":{\"@id\":\"https:\/\/innovatycal.com\/index.php\/valores\/#primaryimage\"},\"thumbnailUrl\":\"https:\/\/innovatycal.com\/wp-content\/uploads\/2024\/08\/Diseno-sin-titulo-22.png\",\"datePublished\":\"2024-07-04T18:04:25+00:00\",\"dateModified\":\"2024-10-17T22:40:32+00:00\",\"breadcrumb\":{\"@id\":\"https:\/\/innovatycal.com\/index.php\/valores\/#breadcrumb\"},\"inLanguage\":\"es\",\"potentialAction\":[{\"@type\":\"ReadAction\",\"target\":[\"https:\/\/innovatycal.com\/index.php\/valores\/\"]}]},{\"@type\":\"ImageObject\",\"inLanguage\":\"es\",\"@id\":\"https:\/\/innovatycal.com\/index.php\/valores\/#primaryimage\",\"url\":\"https:\/\/innovatycal.com\/wp-content\/uploads\/2024\/08\/Diseno-sin-titulo-22.png\",\"contentUrl\":\"https:\/\/innovatycal.com\/wp-content\/uploads\/2024\/08\/Diseno-sin-titulo-22.png\",\"width\":1080,\"height\":420},{\"@type\":\"BreadcrumbList\",\"@id\":\"https:\/\/innovatycal.com\/index.php\/valores\/#breadcrumb\",\"itemListElement\":[{\"@type\":\"ListItem\",\"position\":1,\"name\":\"Inicio\",\"item\":\"https:\/\/innovatycal.com\/\"},{\"@type\":\"ListItem\",\"position\":2,\"name\":\"Valores\"}]},{\"@type\":\"WebSite\",\"@id\":\"https:\/\/innovatycal.com\/#website\",\"url\":\"https:\/\/innovatycal.com\/\",\"name\":\"Innovatycal\",\"description\":\"Innovatycal\",\"publisher\":{\"@id\":\"https:\/\/innovatycal.com\/#organization\"},\"potentialAction\":[{\"@type\":\"SearchAction\",\"target\":{\"@type\":\"EntryPoint\",\"urlTemplate\":\"https:\/\/innovatycal.com\/?s={search_term_string}\"},\"query-input\":{\"@type\":\"PropertyValueSpecification\",\"valueRequired\":true,\"valueName\":\"search_term_string\"}}],\"inLanguage\":\"es\"},{\"@type\":\"Organization\",\"@id\":\"https:\/\/innovatycal.com\/#organization\",\"name\":\"Innovatycal\",\"url\":\"https:\/\/innovatycal.com\/\",\"logo\":{\"@type\":\"ImageObject\",\"inLanguage\":\"es\",\"@id\":\"https:\/\/innovatycal.com\/#\/schema\/logo\/image\/\",\"url\":\"https:\/\/innovatycal.com\/wp-content\/uploads\/2024\/07\/cropped-Diseno-sin-titulo-1.png\",\"contentUrl\":\"https:\/\/innovatycal.com\/wp-content\/uploads\/2024\/07\/cropped-Diseno-sin-titulo-1.png\",\"width\":500,\"height\":145,\"caption\":\"Innovatycal\"},\"image\":{\"@id\":\"https:\/\/innovatycal.com\/#\/schema\/logo\/image\/\"}}]}<\/script>\n<!-- \/ Yoast SEO plugin. -->","yoast_head_json":{"title":"Valores - Innovatycal","robots":{"index":"index","follow":"follow","max-snippet":"max-snippet:-1","max-image-preview":"max-image-preview:large","max-video-preview":"max-video-preview:-1"},"canonical":"https:\/\/innovatycal.com\/index.php\/valores\/","og_locale":"es_MX","og_type":"article","og_title":"Valores - Innovatycal","og_description":"INNOVATYCAL TIENE PRESENTE ESTOS VALORES; COMPROMISO PASI\u00d3N ATENCI\u00d3N HONESTIDAD CALIDAD CALIDAD HONESTIDAD PASI\u00d3N ORIENTACI\u00d3N AL CLIENTE COMPROMISO","og_url":"https:\/\/innovatycal.com\/index.php\/valores\/","og_site_name":"Innovatycal","article_modified_time":"2024-10-17T22:40:32+00:00","og_image":[{"url":"https:\/\/innovatycal.com\/wp-content\/uploads\/2024\/08\/Diseno-sin-titulo-22.png"}],"twitter_card":"summary_large_image","twitter_misc":{"Tiempo de lectura":"3 minutos"},"schema":{"@context":"https:\/\/schema.org","@graph":[{"@type":"WebPage","@id":"https:\/\/innovatycal.com\/index.php\/valores\/","url":"https:\/\/innovatycal.com\/index.php\/valores\/","name":"Valores - Innovatycal","isPartOf":{"@id":"https:\/\/innovatycal.com\/#website"},"primaryImageOfPage":{"@id":"https:\/\/innovatycal.com\/index.php\/valores\/#primaryimage"},"image":{"@id":"https:\/\/innovatycal.com\/index.php\/valores\/#primaryimage"},"thumbnailUrl":"https:\/\/innovatycal.com\/wp-content\/uploads\/2024\/08\/Diseno-sin-titulo-22.png","datePublished":"2024-07-04T18:04:25+00:00","dateModified":"2024-10-17T22:40:32+00:00","breadcrumb":{"@id":"https:\/\/innovatycal.com\/index.php\/valores\/#breadcrumb"},"inLanguage":"es","potentialAction":[{"@type":"ReadAction","target":["https:\/\/innovatycal.com\/index.php\/valores\/"]}]},{"@type":"ImageObject","inLanguage":"es","@id":"https:\/\/innovatycal.com\/index.php\/valores\/#primaryimage","url":"https:\/\/innovatycal.com\/wp-content\/uploads\/2024\/08\/Diseno-sin-titulo-22.png","contentUrl":"https:\/\/innovatycal.com\/wp-content\/uploads\/2024\/08\/Diseno-sin-titulo-22.png","width":1080,"height":420},{"@type":"BreadcrumbList","@id":"https:\/\/innovatycal.com\/index.php\/valores\/#breadcrumb","itemListElement":[{"@type":"ListItem","position":1,"name":"Inicio","item":"https:\/\/innovatycal.com\/"},{"@type":"ListItem","position":2,"name":"Valores"}]},{"@type":"WebSite","@id":"https:\/\/innovatycal.com\/#website","url":"https:\/\/innovatycal.com\/","name":"Innovatycal","description":"Innovatycal","publisher":{"@id":"https:\/\/innovatycal.com\/#organization"},"potentialAction":[{"@type":"SearchAction","target":{"@type":"EntryPoint","urlTemplate":"https:\/\/innovatycal.com\/?s={search_term_string}"},"query-input":{"@type":"PropertyValueSpecification","valueRequired":true,"valueName":"search_term_string"}}],"inLanguage":"es"},{"@type":"Organization","@id":"https:\/\/innovatycal.com\/#organization","name":"Innovatycal","url":"https:\/\/innovatycal.com\/","logo":{"@type":"ImageObject","inLanguage":"es","@id":"https:\/\/innovatycal.com\/#\/schema\/logo\/image\/","url":"https:\/\/innovatycal.com\/wp-content\/uploads\/2024\/07\/cropped-Diseno-sin-titulo-1.png","contentUrl":"https:\/\/innovatycal.com\/wp-content\/uploads\/2024\/07\/cropped-Diseno-sin-titulo-1.png","width":500,"height":145,"caption":"Innovatycal"},"image":{"@id":"https:\/\/innovatycal.com\/#\/schema\/logo\/image\/"}}]}},"_links":{"self":[{"href":"https:\/\/innovatycal.com\/index.php\/wp-json\/wp\/v2\/pages\/44","targetHints":{"allow":["GET"]}}],"collection":[{"href":"https:\/\/innovatycal.com\/index.php\/wp-json\/wp\/v2\/pages"}],"about":[{"href":"https:\/\/innovatycal.com\/index.php\/wp-json\/wp\/v2\/types\/page"}],"author":[{"embeddable":true,"href":"https:\/\/innovatycal.com\/index.php\/wp-json\/wp\/v2\/users\/1"}],"replies":[{"embeddable":true,"href":"https:\/\/innovatycal.com\/index.php\/wp-json\/wp\/v2\/comments?post=44"}],"version-history":[{"count":20,"href":"https:\/\/innovatycal.com\/index.php\/wp-json\/wp\/v2\/pages\/44\/revisions"}],"predecessor-version":[{"id":7017,"href":"https:\/\/innovatycal.com\/index.php\/wp-json\/wp\/v2\/pages\/44\/revisions\/7017"}],"wp:attachment":[{"href":"https:\/\/innovatycal.com\/index.php\/wp-json\/wp\/v2\/media?parent=44"}],"curies":[{"name":"wp","href":"https:\/\/api.w.org\/{rel}","templated":true}]}}