{"id":47,"date":"2024-07-04T18:05:11","date_gmt":"2024-07-04T18:05:11","guid":{"rendered":"https:\/\/innovatycal.com\/?page_id=47"},"modified":"2024-10-17T22:42:54","modified_gmt":"2024-10-17T22:42:54","slug":"trabaja-con-innovatycal","status":"publish","type":"page","link":"https:\/\/innovatycal.com\/index.php\/trabaja-con-innovatycal\/","title":{"rendered":"Trabaja con Innovatycal"},"content":{"rendered":"\t\t<div data-elementor-type=\"wp-page\" data-elementor-id=\"47\" class=\"elementor elementor-47\">\n\t\t\t\t<div class=\"elementor-element elementor-element-7a3a22a e-flex e-con-boxed e-con e-parent\" data-id=\"7a3a22a\" data-element_type=\"container\">\n\t\t\t\t\t<div class=\"e-con-inner\">\n\t\t\t\t<div class=\"elementor-element elementor-element-ac2c611 elementor-widget elementor-widget-heading\" data-id=\"ac2c611\" data-element_type=\"widget\" data-widget_type=\"heading.default\">\n\t\t\t\t<div class=\"elementor-widget-container\">\n\t\t\t<style>\/*! elementor - v3.23.0 - 05-08-2024 *\/\n.elementor-heading-title{padding:0;margin:0;line-height:1}.elementor-widget-heading .elementor-heading-title[class*=elementor-size-]>a{color:inherit;font-size:inherit;line-height:inherit}.elementor-widget-heading .elementor-heading-title.elementor-size-small{font-size:15px}.elementor-widget-heading .elementor-heading-title.elementor-size-medium{font-size:19px}.elementor-widget-heading .elementor-heading-title.elementor-size-large{font-size:29px}.elementor-widget-heading .elementor-heading-title.elementor-size-xl{font-size:39px}.elementor-widget-heading .elementor-heading-title.elementor-size-xxl{font-size:59px}<\/style><h2 class=\"elementor-heading-title elementor-size-default\">TRABAJA CON NOSOTROS<\/h2>\t\t<\/div>\n\t\t\t\t<\/div>\n\t\t\t\t\t<\/div>\n\t\t\t\t<\/div>\n\t\t<div class=\"elementor-element elementor-element-329c8f6 e-flex e-con-boxed e-con e-parent\" data-id=\"329c8f6\" data-element_type=\"container\">\n\t\t\t\t\t<div class=\"e-con-inner\">\n\t\t<div class=\"elementor-element elementor-element-0f782c9 e-con-full e-flex e-con e-child\" data-id=\"0f782c9\" data-element_type=\"container\">\n\t\t\t\t<div class=\"elementor-element elementor-element-6143215 elementor-widget elementor-widget-image\" data-id=\"6143215\" data-element_type=\"widget\" data-widget_type=\"image.default\">\n\t\t\t\t<div class=\"elementor-widget-container\">\n\t\t\t<style>\/*! elementor - v3.23.0 - 05-08-2024 *\/\n.elementor-widget-image{text-align:center}.elementor-widget-image a{display:inline-block}.elementor-widget-image a img[src$=\".svg\"]{width:48px}.elementor-widget-image img{vertical-align:middle;display:inline-block}<\/style>\t\t\t\t\t\t\t\t\t\t<img fetchpriority=\"high\" decoding=\"async\" width=\"480\" height=\"480\" src=\"https:\/\/innovatycal.com\/wp-content\/uploads\/2024\/07\/SIGUENOS-EN-REDES-SOCIALES-480-x-480-px-1.png\" class=\"attachment-large size-large wp-image-5766\" alt=\"\" srcset=\"https:\/\/innovatycal.com\/wp-content\/uploads\/2024\/07\/SIGUENOS-EN-REDES-SOCIALES-480-x-480-px-1.png 480w, https:\/\/innovatycal.com\/wp-content\/uploads\/2024\/07\/SIGUENOS-EN-REDES-SOCIALES-480-x-480-px-1-300x300.png 300w, https:\/\/innovatycal.com\/wp-content\/uploads\/2024\/07\/SIGUENOS-EN-REDES-SOCIALES-480-x-480-px-1-150x150.png 150w, https:\/\/innovatycal.com\/wp-content\/uploads\/2024\/07\/SIGUENOS-EN-REDES-SOCIALES-480-x-480-px-1-400x400.png 400w, https:\/\/innovatycal.com\/wp-content\/uploads\/2024\/07\/SIGUENOS-EN-REDES-SOCIALES-480-x-480-px-1-75x75.png 75w, https:\/\/innovatycal.com\/wp-content\/uploads\/2024\/07\/SIGUENOS-EN-REDES-SOCIALES-480-x-480-px-1-460x460.png 460w\" sizes=\"(max-width: 480px) 100vw, 480px\" \/>\t\t\t\t\t\t\t\t\t\t\t\t\t<\/div>\n\t\t\t\t<\/div>\n\t\t\t\t<\/div>\n\t\t<div class=\"elementor-element elementor-element-6401f4a e-con-full e-flex e-con e-child\" data-id=\"6401f4a\" data-element_type=\"container\">\n\t\t<div class=\"elementor-element elementor-element-f974cf6 e-con-full e-flex e-con e-child\" data-id=\"f974cf6\" data-element_type=\"container\">\n\t\t\t\t<div class=\"elementor-element elementor-element-0e81ae4 elementor-widget elementor-widget-accordion\" data-id=\"0e81ae4\" data-element_type=\"widget\" data-widget_type=\"accordion.default\">\n\t\t\t\t<div class=\"elementor-widget-container\">\n\t\t\t<style>\/*! elementor - v3.23.0 - 05-08-2024 *\/\n.elementor-accordion{text-align:start}.elementor-accordion .elementor-accordion-item{border:1px solid #d5d8dc}.elementor-accordion .elementor-accordion-item+.elementor-accordion-item{border-top:none}.elementor-accordion .elementor-tab-title{margin:0;padding:15px 20px;font-weight:700;line-height:1;cursor:pointer;outline:none}.elementor-accordion .elementor-tab-title .elementor-accordion-icon{display:inline-block;width:1.5em}.elementor-accordion .elementor-tab-title .elementor-accordion-icon svg{width:1em;height:1em}.elementor-accordion .elementor-tab-title .elementor-accordion-icon.elementor-accordion-icon-right{float:right;text-align:right}.elementor-accordion .elementor-tab-title .elementor-accordion-icon.elementor-accordion-icon-left{float:left;text-align:left}.elementor-accordion .elementor-tab-title .elementor-accordion-icon .elementor-accordion-icon-closed{display:block}.elementor-accordion .elementor-tab-title .elementor-accordion-icon .elementor-accordion-icon-opened,.elementor-accordion .elementor-tab-title.elementor-active .elementor-accordion-icon-closed{display:none}.elementor-accordion .elementor-tab-title.elementor-active .elementor-accordion-icon-opened{display:block}.elementor-accordion .elementor-tab-content{display:none;padding:15px 20px;border-top:1px solid #d5d8dc}@media (max-width:767px){.elementor-accordion .elementor-tab-title{padding:12px 15px}.elementor-accordion .elementor-tab-title .elementor-accordion-icon{width:1.2em}.elementor-accordion .elementor-tab-content{padding:7px 15px}}.e-con-inner>.elementor-widget-accordion,.e-con>.elementor-widget-accordion{width:var(--container-widget-width);--flex-grow:var(--container-widget-flex-grow)}<\/style>\t\t<div class=\"elementor-accordion\">\n\t\t\t\t\t\t\t<div class=\"elementor-accordion-item\">\n\t\t\t\t\t<div id=\"elementor-tab-title-1521\" class=\"elementor-tab-title\" data-tab=\"1\" role=\"button\" aria-controls=\"elementor-tab-content-1521\" aria-expanded=\"false\">\n\t\t\t\t\t\t\t\t\t\t\t\t\t<span class=\"elementor-accordion-icon elementor-accordion-icon-left\" aria-hidden=\"true\">\n\t\t\t\t\t\t\t\t\t\t\t\t\t\t\t<span class=\"elementor-accordion-icon-closed\"><svg class=\"e-font-icon-svg e-fas-plus\" viewBox=\"0 0 448 512\" xmlns=\"http:\/\/www.w3.org\/2000\/svg\"><path d=\"M416 208H272V64c0-17.67-14.33-32-32-32h-32c-17.67 0-32 14.33-32 32v144H32c-17.67 0-32 14.33-32 32v32c0 17.67 14.33 32 32 32h144v144c0 17.67 14.33 32 32 32h32c17.67 0 32-14.33 32-32V304h144c17.67 0 32-14.33 32-32v-32c0-17.67-14.33-32-32-32z\"><\/path><\/svg><\/span>\n\t\t\t\t\t\t\t\t<span class=\"elementor-accordion-icon-opened\"><svg class=\"e-font-icon-svg e-fas-minus\" viewBox=\"0 0 448 512\" xmlns=\"http:\/\/www.w3.org\/2000\/svg\"><path d=\"M416 208H32c-17.67 0-32 14.33-32 32v32c0 17.67 14.33 32 32 32h384c17.67 0 32-14.33 32-32v-32c0-17.67-14.33-32-32-32z\"><\/path><\/svg><\/span>\n\t\t\t\t\t\t\t\t\t\t\t\t\t\t<\/span>\n\t\t\t\t\t\t\t\t\t\t\t\t<a class=\"elementor-accordion-title\" tabindex=\"0\">BENEFICIOS<\/a>\n\t\t\t\t\t<\/div>\n\t\t\t\t\t<div id=\"elementor-tab-content-1521\" class=\"elementor-tab-content elementor-clearfix\" data-tab=\"1\" role=\"region\" aria-labelledby=\"elementor-tab-title-1521\"><ul><li><strong>Certificados digitales con<br \/>c\u00f3digo de seguridad.<\/strong><\/li><li><strong>Recordatorios de vigencias de<br \/>calibraci\u00f3n conforme a las normas<br \/>aplicables.<\/strong><\/li><li><strong>Consulta y descarga de certificados<br \/>24\/7.<\/strong><\/li><li><strong>Programaci\u00f3n conforme a su<br \/>necesidad.<\/strong><\/li><li class=\"wp-block-column is-layout-flow wp-container-core-column-is-layout-5 wp-block-column-is-layout-flow\"><p class=\"has-text-align-center\"><strong>Soluci\u00f3n en log\u00edstica y operaci\u00f3n.<\/strong><\/p><p><strong>Competencia t\u00e9cnica y<br \/>Asesor\u00eda.<\/strong><\/p><\/li><\/ul><\/div>\n\t\t\t\t<\/div>\n\t\t\t\t\t\t\t<div class=\"elementor-accordion-item\">\n\t\t\t\t\t<div id=\"elementor-tab-title-1522\" class=\"elementor-tab-title\" data-tab=\"2\" role=\"button\" aria-controls=\"elementor-tab-content-1522\" aria-expanded=\"false\">\n\t\t\t\t\t\t\t\t\t\t\t\t\t<span class=\"elementor-accordion-icon elementor-accordion-icon-left\" aria-hidden=\"true\">\n\t\t\t\t\t\t\t\t\t\t\t\t\t\t\t<span class=\"elementor-accordion-icon-closed\"><svg class=\"e-font-icon-svg e-fas-plus\" viewBox=\"0 0 448 512\" xmlns=\"http:\/\/www.w3.org\/2000\/svg\"><path d=\"M416 208H272V64c0-17.67-14.33-32-32-32h-32c-17.67 0-32 14.33-32 32v144H32c-17.67 0-32 14.33-32 32v32c0 17.67 14.33 32 32 32h144v144c0 17.67 14.33 32 32 32h32c17.67 0 32-14.33 32-32V304h144c17.67 0 32-14.33 32-32v-32c0-17.67-14.33-32-32-32z\"><\/path><\/svg><\/span>\n\t\t\t\t\t\t\t\t<span class=\"elementor-accordion-icon-opened\"><svg class=\"e-font-icon-svg e-fas-minus\" viewBox=\"0 0 448 512\" xmlns=\"http:\/\/www.w3.org\/2000\/svg\"><path d=\"M416 208H32c-17.67 0-32 14.33-32 32v32c0 17.67 14.33 32 32 32h384c17.67 0 32-14.33 32-32v-32c0-17.67-14.33-32-32-32z\"><\/path><\/svg><\/span>\n\t\t\t\t\t\t\t\t\t\t\t\t\t\t<\/span>\n\t\t\t\t\t\t\t\t\t\t\t\t<a class=\"elementor-accordion-title\" tabindex=\"0\">Planes diferidos<\/a>\n\t\t\t\t\t<\/div>\n\t\t\t\t\t<div id=\"elementor-tab-content-1522\" class=\"elementor-tab-content elementor-clearfix\" data-tab=\"2\" role=\"region\" aria-labelledby=\"elementor-tab-title-1522\"><p>Pregunta por nuestros distintos esquemas de pago<\/p><\/div>\n\t\t\t\t<\/div>\n\t\t\t\t\t\t\t\t<\/div>\n\t\t\t\t<\/div>\n\t\t\t\t<\/div>\n\t\t\t\t<div class=\"elementor-element elementor-element-eee5b80 elementor-widget elementor-widget-pix-img-box\" data-id=\"eee5b80\" data-element_type=\"widget\" data-widget_type=\"pix-img-box.default\">\n\t\t\t\t<div class=\"elementor-widget-container\">\n\t\t\t<a href=\"https:\/\/innovatycal.com\/index.php\/contratacion-anual\/\"  class=\"d-block\" ><div class=\"item-inner pix-img-box  text-left w-100 d-inline-block  w-100 h-1002 bg-black shadow2 pix-hover-item mb-32  rounded-lg position-relative overflow-hidden\"   ><img decoding=\"async\" class=\"pix-bg-image pix-img-scale pix-hover-opacity-7\" src=\"https:\/\/innovatycal.com\/wp-content\/uploads\/2024\/07\/CALIBRA-CON-1-2.png\" alt=\"\">\n\n\t\t<div class=\"pix-img-overlay pix-p-30 w-100\">\n\t\t<div class=\"slide-in-container d-inline-block \"><h4 class=\"font-weight-bold text-white pix-slide-up\" style=\"\">Contrataci\u00f3n anual<\/h4><\/div>\n\t\t<div class=\"slide-in-container d-inline-block w-100\"><p class=\"font-weight-bold text-light-opacity-6  mb-0 pix-fade-in\" ><\/p><\/div>\n\t\t<\/div>\n\t\t<\/div><\/a>\t\t<\/div>\n\t\t\t\t<\/div>\n\t\t\t\t<\/div>\n\t\t<div class=\"elementor-element elementor-element-247cbb2 e-con-full e-flex e-con e-child\" data-id=\"247cbb2\" data-element_type=\"container\">\n\t\t\t\t<div class=\"elementor-element elementor-element-5a5dc90 elementor-widget elementor-widget-pix-img-box\" data-id=\"5a5dc90\" data-element_type=\"widget\" data-widget_type=\"pix-img-box.default\">\n\t\t\t\t<div class=\"elementor-widget-container\">\n\t\t\t<a href=\"https:\/\/innovatycal.com\/index.php\/magnitudes-acreditadas-con-ema\/\"  class=\"d-block\" ><div class=\"item-inner pix-img-box  text-left w-100 d-inline-block  w-100 h-1002 bg-black shadow2 pix-hover-item mb-32  rounded-lg position-relative overflow-hidden\"   ><img decoding=\"async\" class=\"pix-bg-image pix-img-scale pix-hover-opacity-7\" src=\"https:\/\/innovatycal.com\/wp-content\/uploads\/2024\/07\/Diseno-sin-titulo-15.png\" alt=\"\">\n\n\t\t<div class=\"pix-img-overlay pix-p-30 w-100\">\n\t\t<div class=\"slide-in-container d-inline-block \"><h4 class=\"font-weight-bold text-white pix-slide-up\" style=\"\">MAGNITUDES ACREDITADAS CON EMA<\/h4><\/div>\n\t\t<div class=\"slide-in-container d-inline-block w-100\"><p class=\"font-weight-bold text-light-opacity-6  mb-0 pix-fade-in\" ><\/p><\/div>\n\t\t<\/div>\n\t\t<\/div><\/a>\t\t<\/div>\n\t\t\t\t<\/div>\n\t\t\t\t<\/div>\n\t\t\t\t<\/div>\n\t\t\t\t\t<\/div>\n\t\t\t\t<\/div>\n\t\t<div class=\"elementor-element elementor-element-b38e425 e-flex e-con-boxed e-con e-parent\" data-id=\"b38e425\" data-element_type=\"container\">\n\t\t\t\t\t<div class=\"e-con-inner\">\n\t\t\t\t<div class=\"elementor-element elementor-element-5679058 elementor-widget elementor-widget-pix-cta\" data-id=\"5679058\" data-element_type=\"widget\" data-widget_type=\"pix-cta.default\">\n\t\t\t\t<div class=\"elementor-widget-container\">\n\t\t\t<div class=\"container\"><div class=\"row justify-content-center\"><div class=\"col bg-white2 rounded-lg2  shadow-sm w-100 m-32 p-42 pix-py-30 col-sm-auto d-md-flex align-items-center text-center text-sm-left justify-content-between2\" style=\"z-index:11;\" ><div class=\"mr-md-5\"><h4 class=\"d-block mr-md-3 mb-md-0 mb-md-0 text-heading-default font-weight-bold text-heading-default\" style=\"\">COTIZA CON NOSOTROS<\/h4><\/div><div class=\"flex-fill mt-4 mt-sm-0 mt-md-0 text-md-right flex-grow-1\" style=\"min-width:250px;max-width:100%;\"><a  href=\"https:\/\/innovatycal.com\/index.php\/solicitar-cotizacion\/\" class=\"btn mb-0     btn-blue btn-flat d-inline-flex align-items-center     btn-rounded btn-md\" target=\"_blank\" rel=\"noopener\"    ><span class=\"font-weight-bold \" >CONTRATA AQU\u00cd<\/span><\/a><\/div><\/div><\/div><\/div>\t\t<\/div>\n\t\t\t\t<\/div>\n\t\t\t\t\t<\/div>\n\t\t\t\t<\/div>\n\t\t\t\t<\/div>\n\t\t","protected":false},"excerpt":{"rendered":"<p>TRABAJA CON NOSOTROS BENEFICIOS Certificados digitales conc\u00f3digo de seguridad. Recordatorios de vigencias decalibraci\u00f3n conforme a las normasaplicables. Consulta y descarga de certificados24\/7. Programaci\u00f3n conforme a sunecesidad. Soluci\u00f3n en log\u00edstica y operaci\u00f3n. Competencia t\u00e9cnica yAsesor\u00eda. Planes diferidos Pregunta por nuestros distintos&#8230;<\/p>\n","protected":false},"author":1,"featured_media":0,"parent":0,"menu_order":0,"comment_status":"closed","ping_status":"closed","template":"","meta":{"footnotes":""},"class_list":["post-47","page","type-page","status-publish","hentry"],"yoast_head":"<!-- This site is optimized with the Yoast SEO plugin v23.4 - https:\/\/yoast.com\/wordpress\/plugins\/seo\/ -->\n<title>Trabaja con Innovatycal - Innovatycal<\/title>\n<meta name=\"robots\" content=\"index, follow, max-snippet:-1, max-image-preview:large, max-video-preview:-1\" \/>\n<link rel=\"canonical\" href=\"https:\/\/innovatycal.com\/index.php\/trabaja-con-innovatycal\/\" \/>\n<meta property=\"og:locale\" content=\"es_MX\" \/>\n<meta property=\"og:type\" content=\"article\" \/>\n<meta property=\"og:title\" content=\"Trabaja con Innovatycal - Innovatycal\" \/>\n<meta property=\"og:description\" content=\"TRABAJA CON NOSOTROS BENEFICIOS Certificados digitales conc\u00f3digo de seguridad. Recordatorios de vigencias decalibraci\u00f3n conforme a las normasaplicables. Consulta y descarga de certificados24\/7. Programaci\u00f3n conforme a sunecesidad. Soluci\u00f3n en log\u00edstica y operaci\u00f3n. Competencia t\u00e9cnica yAsesor\u00eda. Planes diferidos Pregunta por nuestros distintos...\" \/>\n<meta property=\"og:url\" content=\"https:\/\/innovatycal.com\/index.php\/trabaja-con-innovatycal\/\" \/>\n<meta property=\"og:site_name\" content=\"Innovatycal\" \/>\n<meta property=\"article:modified_time\" content=\"2024-10-17T22:42:54+00:00\" \/>\n<meta property=\"og:image\" content=\"https:\/\/innovatycal.com\/wp-content\/uploads\/2024\/07\/SIGUENOS-EN-REDES-SOCIALES-480-x-480-px-1.png\" \/>\n<meta name=\"twitter:card\" content=\"summary_large_image\" \/>\n<meta name=\"twitter:label1\" content=\"Tiempo de lectura\" \/>\n\t<meta name=\"twitter:data1\" content=\"1 minuto\" \/>\n<script type=\"application\/ld+json\" class=\"yoast-schema-graph\">{\"@context\":\"https:\/\/schema.org\",\"@graph\":[{\"@type\":\"WebPage\",\"@id\":\"https:\/\/innovatycal.com\/index.php\/trabaja-con-innovatycal\/\",\"url\":\"https:\/\/innovatycal.com\/index.php\/trabaja-con-innovatycal\/\",\"name\":\"Trabaja con Innovatycal - Innovatycal\",\"isPartOf\":{\"@id\":\"https:\/\/innovatycal.com\/#website\"},\"primaryImageOfPage\":{\"@id\":\"https:\/\/innovatycal.com\/index.php\/trabaja-con-innovatycal\/#primaryimage\"},\"image\":{\"@id\":\"https:\/\/innovatycal.com\/index.php\/trabaja-con-innovatycal\/#primaryimage\"},\"thumbnailUrl\":\"https:\/\/innovatycal.com\/wp-content\/uploads\/2024\/07\/SIGUENOS-EN-REDES-SOCIALES-480-x-480-px-1.png\",\"datePublished\":\"2024-07-04T18:05:11+00:00\",\"dateModified\":\"2024-10-17T22:42:54+00:00\",\"breadcrumb\":{\"@id\":\"https:\/\/innovatycal.com\/index.php\/trabaja-con-innovatycal\/#breadcrumb\"},\"inLanguage\":\"es\",\"potentialAction\":[{\"@type\":\"ReadAction\",\"target\":[\"https:\/\/innovatycal.com\/index.php\/trabaja-con-innovatycal\/\"]}]},{\"@type\":\"ImageObject\",\"inLanguage\":\"es\",\"@id\":\"https:\/\/innovatycal.com\/index.php\/trabaja-con-innovatycal\/#primaryimage\",\"url\":\"https:\/\/innovatycal.com\/wp-content\/uploads\/2024\/07\/SIGUENOS-EN-REDES-SOCIALES-480-x-480-px-1.png\",\"contentUrl\":\"https:\/\/innovatycal.com\/wp-content\/uploads\/2024\/07\/SIGUENOS-EN-REDES-SOCIALES-480-x-480-px-1.png\",\"width\":480,\"height\":480},{\"@type\":\"BreadcrumbList\",\"@id\":\"https:\/\/innovatycal.com\/index.php\/trabaja-con-innovatycal\/#breadcrumb\",\"itemListElement\":[{\"@type\":\"ListItem\",\"position\":1,\"name\":\"Inicio\",\"item\":\"https:\/\/innovatycal.com\/\"},{\"@type\":\"ListItem\",\"position\":2,\"name\":\"Trabaja con Innovatycal\"}]},{\"@type\":\"WebSite\",\"@id\":\"https:\/\/innovatycal.com\/#website\",\"url\":\"https:\/\/innovatycal.com\/\",\"name\":\"Innovatycal\",\"description\":\"Innovatycal\",\"publisher\":{\"@id\":\"https:\/\/innovatycal.com\/#organization\"},\"potentialAction\":[{\"@type\":\"SearchAction\",\"target\":{\"@type\":\"EntryPoint\",\"urlTemplate\":\"https:\/\/innovatycal.com\/?s={search_term_string}\"},\"query-input\":{\"@type\":\"PropertyValueSpecification\",\"valueRequired\":true,\"valueName\":\"search_term_string\"}}],\"inLanguage\":\"es\"},{\"@type\":\"Organization\",\"@id\":\"https:\/\/innovatycal.com\/#organization\",\"name\":\"Innovatycal\",\"url\":\"https:\/\/innovatycal.com\/\",\"logo\":{\"@type\":\"ImageObject\",\"inLanguage\":\"es\",\"@id\":\"https:\/\/innovatycal.com\/#\/schema\/logo\/image\/\",\"url\":\"https:\/\/innovatycal.com\/wp-content\/uploads\/2024\/07\/cropped-Diseno-sin-titulo-1.png\",\"contentUrl\":\"https:\/\/innovatycal.com\/wp-content\/uploads\/2024\/07\/cropped-Diseno-sin-titulo-1.png\",\"width\":500,\"height\":145,\"caption\":\"Innovatycal\"},\"image\":{\"@id\":\"https:\/\/innovatycal.com\/#\/schema\/logo\/image\/\"}}]}<\/script>\n<!-- \/ Yoast SEO plugin. -->","yoast_head_json":{"title":"Trabaja con Innovatycal - Innovatycal","robots":{"index":"index","follow":"follow","max-snippet":"max-snippet:-1","max-image-preview":"max-image-preview:large","max-video-preview":"max-video-preview:-1"},"canonical":"https:\/\/innovatycal.com\/index.php\/trabaja-con-innovatycal\/","og_locale":"es_MX","og_type":"article","og_title":"Trabaja con Innovatycal - Innovatycal","og_description":"TRABAJA CON NOSOTROS BENEFICIOS Certificados digitales conc\u00f3digo de seguridad. Recordatorios de vigencias decalibraci\u00f3n conforme a las normasaplicables. Consulta y descarga de certificados24\/7. Programaci\u00f3n conforme a sunecesidad. Soluci\u00f3n en log\u00edstica y operaci\u00f3n. Competencia t\u00e9cnica yAsesor\u00eda. Planes diferidos Pregunta por nuestros distintos...","og_url":"https:\/\/innovatycal.com\/index.php\/trabaja-con-innovatycal\/","og_site_name":"Innovatycal","article_modified_time":"2024-10-17T22:42:54+00:00","og_image":[{"url":"https:\/\/innovatycal.com\/wp-content\/uploads\/2024\/07\/SIGUENOS-EN-REDES-SOCIALES-480-x-480-px-1.png"}],"twitter_card":"summary_large_image","twitter_misc":{"Tiempo de lectura":"1 minuto"},"schema":{"@context":"https:\/\/schema.org","@graph":[{"@type":"WebPage","@id":"https:\/\/innovatycal.com\/index.php\/trabaja-con-innovatycal\/","url":"https:\/\/innovatycal.com\/index.php\/trabaja-con-innovatycal\/","name":"Trabaja con Innovatycal - Innovatycal","isPartOf":{"@id":"https:\/\/innovatycal.com\/#website"},"primaryImageOfPage":{"@id":"https:\/\/innovatycal.com\/index.php\/trabaja-con-innovatycal\/#primaryimage"},"image":{"@id":"https:\/\/innovatycal.com\/index.php\/trabaja-con-innovatycal\/#primaryimage"},"thumbnailUrl":"https:\/\/innovatycal.com\/wp-content\/uploads\/2024\/07\/SIGUENOS-EN-REDES-SOCIALES-480-x-480-px-1.png","datePublished":"2024-07-04T18:05:11+00:00","dateModified":"2024-10-17T22:42:54+00:00","breadcrumb":{"@id":"https:\/\/innovatycal.com\/index.php\/trabaja-con-innovatycal\/#breadcrumb"},"inLanguage":"es","potentialAction":[{"@type":"ReadAction","target":["https:\/\/innovatycal.com\/index.php\/trabaja-con-innovatycal\/"]}]},{"@type":"ImageObject","inLanguage":"es","@id":"https:\/\/innovatycal.com\/index.php\/trabaja-con-innovatycal\/#primaryimage","url":"https:\/\/innovatycal.com\/wp-content\/uploads\/2024\/07\/SIGUENOS-EN-REDES-SOCIALES-480-x-480-px-1.png","contentUrl":"https:\/\/innovatycal.com\/wp-content\/uploads\/2024\/07\/SIGUENOS-EN-REDES-SOCIALES-480-x-480-px-1.png","width":480,"height":480},{"@type":"BreadcrumbList","@id":"https:\/\/innovatycal.com\/index.php\/trabaja-con-innovatycal\/#breadcrumb","itemListElement":[{"@type":"ListItem","position":1,"name":"Inicio","item":"https:\/\/innovatycal.com\/"},{"@type":"ListItem","position":2,"name":"Trabaja con Innovatycal"}]},{"@type":"WebSite","@id":"https:\/\/innovatycal.com\/#website","url":"https:\/\/innovatycal.com\/","name":"Innovatycal","description":"Innovatycal","publisher":{"@id":"https:\/\/innovatycal.com\/#organization"},"potentialAction":[{"@type":"SearchAction","target":{"@type":"EntryPoint","urlTemplate":"https:\/\/innovatycal.com\/?s={search_term_string}"},"query-input":{"@type":"PropertyValueSpecification","valueRequired":true,"valueName":"search_term_string"}}],"inLanguage":"es"},{"@type":"Organization","@id":"https:\/\/innovatycal.com\/#organization","name":"Innovatycal","url":"https:\/\/innovatycal.com\/","logo":{"@type":"ImageObject","inLanguage":"es","@id":"https:\/\/innovatycal.com\/#\/schema\/logo\/image\/","url":"https:\/\/innovatycal.com\/wp-content\/uploads\/2024\/07\/cropped-Diseno-sin-titulo-1.png","contentUrl":"https:\/\/innovatycal.com\/wp-content\/uploads\/2024\/07\/cropped-Diseno-sin-titulo-1.png","width":500,"height":145,"caption":"Innovatycal"},"image":{"@id":"https:\/\/innovatycal.com\/#\/schema\/logo\/image\/"}}]}},"_links":{"self":[{"href":"https:\/\/innovatycal.com\/index.php\/wp-json\/wp\/v2\/pages\/47","targetHints":{"allow":["GET"]}}],"collection":[{"href":"https:\/\/innovatycal.com\/index.php\/wp-json\/wp\/v2\/pages"}],"about":[{"href":"https:\/\/innovatycal.com\/index.php\/wp-json\/wp\/v2\/types\/page"}],"author":[{"embeddable":true,"href":"https:\/\/innovatycal.com\/index.php\/wp-json\/wp\/v2\/users\/1"}],"replies":[{"embeddable":true,"href":"https:\/\/innovatycal.com\/index.php\/wp-json\/wp\/v2\/comments?post=47"}],"version-history":[{"count":16,"href":"https:\/\/innovatycal.com\/index.php\/wp-json\/wp\/v2\/pages\/47\/revisions"}],"predecessor-version":[{"id":7020,"href":"https:\/\/innovatycal.com\/index.php\/wp-json\/wp\/v2\/pages\/47\/revisions\/7020"}],"wp:attachment":[{"href":"https:\/\/innovatycal.com\/index.php\/wp-json\/wp\/v2\/media?parent=47"}],"curies":[{"name":"wp","href":"https:\/\/api.w.org\/{rel}","templated":true}]}}