{"id":7290,"date":"2025-08-22T23:28:31","date_gmt":"2025-08-22T23:28:31","guid":{"rendered":"https:\/\/innovatycal.com\/?page_id=7290"},"modified":"2025-08-25T17:15:46","modified_gmt":"2025-08-25T17:15:46","slug":"aviso-de-privacidad","status":"publish","type":"page","link":"https:\/\/innovatycal.com\/index.php\/aviso-de-privacidad\/","title":{"rendered":"Aviso de privacidad"},"content":{"rendered":"\t\t<div data-elementor-type=\"wp-post\" data-elementor-id=\"7290\" class=\"elementor elementor-7290\">\n\t\t\t\t<div class=\"elementor-element elementor-element-2521eb8 e-flex e-con-boxed e-con e-parent\" data-id=\"2521eb8\" data-element_type=\"container\">\n\t\t\t\t\t<div class=\"e-con-inner\">\n\t\t\t\t<div class=\"elementor-element elementor-element-b476c7e elementor-widget elementor-widget-heading\" data-id=\"b476c7e\" data-element_type=\"widget\" data-widget_type=\"heading.default\">\n\t\t\t\t<div class=\"elementor-widget-container\">\n\t\t\t<style>\/*! elementor - v3.23.0 - 05-08-2024 *\/\n.elementor-heading-title{padding:0;margin:0;line-height:1}.elementor-widget-heading .elementor-heading-title[class*=elementor-size-]>a{color:inherit;font-size:inherit;line-height:inherit}.elementor-widget-heading .elementor-heading-title.elementor-size-small{font-size:15px}.elementor-widget-heading .elementor-heading-title.elementor-size-medium{font-size:19px}.elementor-widget-heading .elementor-heading-title.elementor-size-large{font-size:29px}.elementor-widget-heading .elementor-heading-title.elementor-size-xl{font-size:39px}.elementor-widget-heading .elementor-heading-title.elementor-size-xxl{font-size:59px}<\/style><h4 class=\"elementor-heading-title elementor-size-default\">Aviso de Privacidad<\/h4>\t\t<\/div>\n\t\t\t\t<\/div>\n\t\t\t\t\t<\/div>\n\t\t\t\t<\/div>\n\t\t<div class=\"elementor-element elementor-element-f4305e9 e-flex e-con-boxed e-con e-parent\" data-id=\"f4305e9\" data-element_type=\"container\">\n\t\t\t\t\t<div class=\"e-con-inner\">\n\t\t\t\t<div class=\"elementor-element elementor-element-16a7c58 elementor-widget elementor-widget-text-editor\" data-id=\"16a7c58\" data-element_type=\"widget\" data-widget_type=\"text-editor.default\">\n\t\t\t\t<div class=\"elementor-widget-container\">\n\t\t\t<style>\/*! elementor - v3.23.0 - 05-08-2024 *\/\n.elementor-widget-text-editor.elementor-drop-cap-view-stacked .elementor-drop-cap{background-color:#69727d;color:#fff}.elementor-widget-text-editor.elementor-drop-cap-view-framed .elementor-drop-cap{color:#69727d;border:3px solid;background-color:transparent}.elementor-widget-text-editor:not(.elementor-drop-cap-view-default) .elementor-drop-cap{margin-top:8px}.elementor-widget-text-editor:not(.elementor-drop-cap-view-default) .elementor-drop-cap-letter{width:1em;height:1em}.elementor-widget-text-editor .elementor-drop-cap{float:left;text-align:center;line-height:1;font-size:50px}.elementor-widget-text-editor .elementor-drop-cap-letter{display:inline-block}<\/style>\t\t\t\t<p class=\"p1\"><span style=\"color: #000000;\">Innovatycal S.A. de C.V., con domicilio en calle 20 de noviembre no. 605, colonia San Isidro, ciudad San Mateo Atenco, municipio o delegaci\u00f3n San Mateo Atenco, C.P. 52105, en la entidad de M\u00e9xico, pa\u00eds M\u00e9xico, utilizar\u00e1 sus datos personales recabados para:<\/span><\/p>\n\n<ul>\n \t<li><span style=\"color: #000000;\">La cotizaci\u00f3n\/contrato de servicios y\/o productos <\/span><\/li>\n \t<li><span style=\"color: #000000;\">Proveer los servicios y\/o productos solicitados <\/span><\/li>\n \t<li><span style=\"color: #000000;\">Informar sobre cambios en los servicios y\/o productos <\/span><\/li>\n \t<li><span style=\"color: #000000;\">Evaluar la calidad de los servicios y\/o productos proporcionados <\/span><\/li>\n \t<li><span style=\"color: #000000;\">Mercadotecnia o publicitaria <\/span><\/li>\n \t<li><span style=\"color: #000000;\">Prospecci\u00f3n comercial<\/span><\/li>\n<\/ul>\n<p class=\"p1\"><span style=\"color: #000000;\">Para mayor informaci\u00f3n acerca del tratamiento y de los derechos que puede hacer valer, usted puede acceder al aviso de privacidad integral a trav\u00e9s del correo electr\u00f3nico gerente.calidad@innovatycal.com o a trav\u00e9s de nuestra p\u00e1gina web <span class=\"s1\">\n<span style=\"color: #0000ff;\"><strong><a style=\"color: #0000ff;\" href=\"https:\/\/innovatycal.com\" target=\"_blank\" rel=\"noopener\">www.innovatycal.com<\/a><\/strong><\/span><\/span>.<\/span><\/p>\n<span style=\"color: #000000;\">Consulta nuestro<\/span> <strong><a style=\"color: #0000ff;\" href=\"https:\/\/innovatycal.com\/Aviso_de_privacidad.pdf\" target=\"_blank\" rel=\"noopener\">aviso de privacidad completo<\/a><\/strong>\n<br><br>\n&nbsp;\t\t\t\t\t\t<\/div>\n\t\t\t\t<\/div>\n\t\t\t\t\t<\/div>\n\t\t\t\t<\/div>\n\t\t\t\t<\/div>\n\t\t","protected":false},"excerpt":{"rendered":"<p>Aviso de Privacidad Innovatycal S.A. de C.V., con domicilio en calle 20 de noviembre no. 605, colonia San Isidro, ciudad San Mateo Atenco, municipio o delegaci\u00f3n San Mateo Atenco, C.P. 52105, en la entidad de M\u00e9xico, pa\u00eds M\u00e9xico, utilizar\u00e1 sus&#8230;<\/p>\n","protected":false},"author":1,"featured_media":0,"parent":0,"menu_order":0,"comment_status":"closed","ping_status":"closed","template":"","meta":{"footnotes":""},"class_list":["post-7290","page","type-page","status-publish","hentry"],"yoast_head":"<!-- This site is optimized with the Yoast SEO plugin v23.4 - https:\/\/yoast.com\/wordpress\/plugins\/seo\/ -->\n<title>Aviso de privacidad - Innovatycal<\/title>\n<meta name=\"robots\" content=\"index, follow, max-snippet:-1, max-image-preview:large, max-video-preview:-1\" \/>\n<link rel=\"canonical\" href=\"https:\/\/innovatycal.com\/index.php\/aviso-de-privacidad\/\" \/>\n<meta property=\"og:locale\" content=\"es_MX\" \/>\n<meta property=\"og:type\" content=\"article\" \/>\n<meta property=\"og:title\" content=\"Aviso de privacidad - Innovatycal\" \/>\n<meta property=\"og:description\" content=\"Aviso de Privacidad Innovatycal S.A. de C.V., con domicilio en calle 20 de noviembre no. 605, colonia San Isidro, ciudad San Mateo Atenco, municipio o delegaci\u00f3n San Mateo Atenco, C.P. 52105, en la entidad de M\u00e9xico, pa\u00eds M\u00e9xico, utilizar\u00e1 sus...\" \/>\n<meta property=\"og:url\" content=\"https:\/\/innovatycal.com\/index.php\/aviso-de-privacidad\/\" \/>\n<meta property=\"og:site_name\" content=\"Innovatycal\" \/>\n<meta property=\"article:modified_time\" content=\"2025-08-25T17:15:46+00:00\" \/>\n<meta name=\"twitter:card\" content=\"summary_large_image\" \/>\n<meta name=\"twitter:label1\" content=\"Tiempo de lectura\" \/>\n\t<meta name=\"twitter:data1\" content=\"1 minuto\" \/>\n<script type=\"application\/ld+json\" class=\"yoast-schema-graph\">{\"@context\":\"https:\/\/schema.org\",\"@graph\":[{\"@type\":\"WebPage\",\"@id\":\"https:\/\/innovatycal.com\/index.php\/aviso-de-privacidad\/\",\"url\":\"https:\/\/innovatycal.com\/index.php\/aviso-de-privacidad\/\",\"name\":\"Aviso de privacidad - Innovatycal\",\"isPartOf\":{\"@id\":\"https:\/\/innovatycal.com\/#website\"},\"datePublished\":\"2025-08-22T23:28:31+00:00\",\"dateModified\":\"2025-08-25T17:15:46+00:00\",\"breadcrumb\":{\"@id\":\"https:\/\/innovatycal.com\/index.php\/aviso-de-privacidad\/#breadcrumb\"},\"inLanguage\":\"es\",\"potentialAction\":[{\"@type\":\"ReadAction\",\"target\":[\"https:\/\/innovatycal.com\/index.php\/aviso-de-privacidad\/\"]}]},{\"@type\":\"BreadcrumbList\",\"@id\":\"https:\/\/innovatycal.com\/index.php\/aviso-de-privacidad\/#breadcrumb\",\"itemListElement\":[{\"@type\":\"ListItem\",\"position\":1,\"name\":\"Inicio\",\"item\":\"https:\/\/innovatycal.com\/\"},{\"@type\":\"ListItem\",\"position\":2,\"name\":\"Aviso de privacidad\"}]},{\"@type\":\"WebSite\",\"@id\":\"https:\/\/innovatycal.com\/#website\",\"url\":\"https:\/\/innovatycal.com\/\",\"name\":\"Innovatycal\",\"description\":\"Innovatycal\",\"publisher\":{\"@id\":\"https:\/\/innovatycal.com\/#organization\"},\"potentialAction\":[{\"@type\":\"SearchAction\",\"target\":{\"@type\":\"EntryPoint\",\"urlTemplate\":\"https:\/\/innovatycal.com\/?s={search_term_string}\"},\"query-input\":{\"@type\":\"PropertyValueSpecification\",\"valueRequired\":true,\"valueName\":\"search_term_string\"}}],\"inLanguage\":\"es\"},{\"@type\":\"Organization\",\"@id\":\"https:\/\/innovatycal.com\/#organization\",\"name\":\"Innovatycal\",\"url\":\"https:\/\/innovatycal.com\/\",\"logo\":{\"@type\":\"ImageObject\",\"inLanguage\":\"es\",\"@id\":\"https:\/\/innovatycal.com\/#\/schema\/logo\/image\/\",\"url\":\"https:\/\/innovatycal.com\/wp-content\/uploads\/2024\/07\/cropped-Diseno-sin-titulo-1.png\",\"contentUrl\":\"https:\/\/innovatycal.com\/wp-content\/uploads\/2024\/07\/cropped-Diseno-sin-titulo-1.png\",\"width\":500,\"height\":145,\"caption\":\"Innovatycal\"},\"image\":{\"@id\":\"https:\/\/innovatycal.com\/#\/schema\/logo\/image\/\"}}]}<\/script>\n<!-- \/ Yoast SEO plugin. -->","yoast_head_json":{"title":"Aviso de privacidad - Innovatycal","robots":{"index":"index","follow":"follow","max-snippet":"max-snippet:-1","max-image-preview":"max-image-preview:large","max-video-preview":"max-video-preview:-1"},"canonical":"https:\/\/innovatycal.com\/index.php\/aviso-de-privacidad\/","og_locale":"es_MX","og_type":"article","og_title":"Aviso de privacidad - Innovatycal","og_description":"Aviso de Privacidad Innovatycal S.A. de C.V., con domicilio en calle 20 de noviembre no. 605, colonia San Isidro, ciudad San Mateo Atenco, municipio o delegaci\u00f3n San Mateo Atenco, C.P. 52105, en la entidad de M\u00e9xico, pa\u00eds M\u00e9xico, utilizar\u00e1 sus...","og_url":"https:\/\/innovatycal.com\/index.php\/aviso-de-privacidad\/","og_site_name":"Innovatycal","article_modified_time":"2025-08-25T17:15:46+00:00","twitter_card":"summary_large_image","twitter_misc":{"Tiempo de lectura":"1 minuto"},"schema":{"@context":"https:\/\/schema.org","@graph":[{"@type":"WebPage","@id":"https:\/\/innovatycal.com\/index.php\/aviso-de-privacidad\/","url":"https:\/\/innovatycal.com\/index.php\/aviso-de-privacidad\/","name":"Aviso de privacidad - Innovatycal","isPartOf":{"@id":"https:\/\/innovatycal.com\/#website"},"datePublished":"2025-08-22T23:28:31+00:00","dateModified":"2025-08-25T17:15:46+00:00","breadcrumb":{"@id":"https:\/\/innovatycal.com\/index.php\/aviso-de-privacidad\/#breadcrumb"},"inLanguage":"es","potentialAction":[{"@type":"ReadAction","target":["https:\/\/innovatycal.com\/index.php\/aviso-de-privacidad\/"]}]},{"@type":"BreadcrumbList","@id":"https:\/\/innovatycal.com\/index.php\/aviso-de-privacidad\/#breadcrumb","itemListElement":[{"@type":"ListItem","position":1,"name":"Inicio","item":"https:\/\/innovatycal.com\/"},{"@type":"ListItem","position":2,"name":"Aviso de privacidad"}]},{"@type":"WebSite","@id":"https:\/\/innovatycal.com\/#website","url":"https:\/\/innovatycal.com\/","name":"Innovatycal","description":"Innovatycal","publisher":{"@id":"https:\/\/innovatycal.com\/#organization"},"potentialAction":[{"@type":"SearchAction","target":{"@type":"EntryPoint","urlTemplate":"https:\/\/innovatycal.com\/?s={search_term_string}"},"query-input":{"@type":"PropertyValueSpecification","valueRequired":true,"valueName":"search_term_string"}}],"inLanguage":"es"},{"@type":"Organization","@id":"https:\/\/innovatycal.com\/#organization","name":"Innovatycal","url":"https:\/\/innovatycal.com\/","logo":{"@type":"ImageObject","inLanguage":"es","@id":"https:\/\/innovatycal.com\/#\/schema\/logo\/image\/","url":"https:\/\/innovatycal.com\/wp-content\/uploads\/2024\/07\/cropped-Diseno-sin-titulo-1.png","contentUrl":"https:\/\/innovatycal.com\/wp-content\/uploads\/2024\/07\/cropped-Diseno-sin-titulo-1.png","width":500,"height":145,"caption":"Innovatycal"},"image":{"@id":"https:\/\/innovatycal.com\/#\/schema\/logo\/image\/"}}]}},"_links":{"self":[{"href":"https:\/\/innovatycal.com\/index.php\/wp-json\/wp\/v2\/pages\/7290","targetHints":{"allow":["GET"]}}],"collection":[{"href":"https:\/\/innovatycal.com\/index.php\/wp-json\/wp\/v2\/pages"}],"about":[{"href":"https:\/\/innovatycal.com\/index.php\/wp-json\/wp\/v2\/types\/page"}],"author":[{"embeddable":true,"href":"https:\/\/innovatycal.com\/index.php\/wp-json\/wp\/v2\/users\/1"}],"replies":[{"embeddable":true,"href":"https:\/\/innovatycal.com\/index.php\/wp-json\/wp\/v2\/comments?post=7290"}],"version-history":[{"count":44,"href":"https:\/\/innovatycal.com\/index.php\/wp-json\/wp\/v2\/pages\/7290\/revisions"}],"predecessor-version":[{"id":7446,"href":"https:\/\/innovatycal.com\/index.php\/wp-json\/wp\/v2\/pages\/7290\/revisions\/7446"}],"wp:attachment":[{"href":"https:\/\/innovatycal.com\/index.php\/wp-json\/wp\/v2\/media?parent=7290"}],"curies":[{"name":"wp","href":"https:\/\/api.w.org\/{rel}","templated":true}]}}