{"id":7296,"date":"2025-08-22T23:33:29","date_gmt":"2025-08-22T23:33:29","guid":{"rendered":"https:\/\/innovatycal.com\/?page_id=7296"},"modified":"2025-08-25T17:33:26","modified_gmt":"2025-08-25T17:33:26","slug":"codigo-de-etica","status":"publish","type":"page","link":"https:\/\/innovatycal.com\/index.php\/codigo-de-etica\/","title":{"rendered":"C\u00f3digo de \u00e9tica"},"content":{"rendered":"\t\t<div data-elementor-type=\"wp-post\" data-elementor-id=\"7296\" class=\"elementor elementor-7296\">\n\t\t\t\t<div class=\"elementor-element elementor-element-4ce6fcb e-flex e-con-boxed e-con e-parent\" data-id=\"4ce6fcb\" data-element_type=\"container\">\n\t\t\t\t\t<div class=\"e-con-inner\">\n\t\t\t\t<div class=\"elementor-element elementor-element-2bf93cf elementor-widget elementor-widget-heading\" data-id=\"2bf93cf\" data-element_type=\"widget\" data-widget_type=\"heading.default\">\n\t\t\t\t<div class=\"elementor-widget-container\">\n\t\t\t<style>\/*! elementor - v3.23.0 - 05-08-2024 *\/\n.elementor-heading-title{padding:0;margin:0;line-height:1}.elementor-widget-heading .elementor-heading-title[class*=elementor-size-]>a{color:inherit;font-size:inherit;line-height:inherit}.elementor-widget-heading .elementor-heading-title.elementor-size-small{font-size:15px}.elementor-widget-heading .elementor-heading-title.elementor-size-medium{font-size:19px}.elementor-widget-heading .elementor-heading-title.elementor-size-large{font-size:29px}.elementor-widget-heading .elementor-heading-title.elementor-size-xl{font-size:39px}.elementor-widget-heading .elementor-heading-title.elementor-size-xxl{font-size:59px}<\/style><h4 class=\"elementor-heading-title elementor-size-default\">C\u00f3digo de \u00e9tica<\/h4>\t\t<\/div>\n\t\t\t\t<\/div>\n\t\t\t\t\t<\/div>\n\t\t\t\t<\/div>\n\t\t<div class=\"elementor-element elementor-element-844291b e-flex e-con-boxed e-con e-parent\" data-id=\"844291b\" data-element_type=\"container\">\n\t\t\t\t\t<div class=\"e-con-inner\">\n\t\t\t\t<div class=\"elementor-element elementor-element-e5e09af elementor-widget elementor-widget-accordion\" data-id=\"e5e09af\" data-element_type=\"widget\" data-widget_type=\"accordion.default\">\n\t\t\t\t<div class=\"elementor-widget-container\">\n\t\t\t<style>\/*! elementor - v3.23.0 - 05-08-2024 *\/\n.elementor-accordion{text-align:start}.elementor-accordion .elementor-accordion-item{border:1px solid #d5d8dc}.elementor-accordion .elementor-accordion-item+.elementor-accordion-item{border-top:none}.elementor-accordion .elementor-tab-title{margin:0;padding:15px 20px;font-weight:700;line-height:1;cursor:pointer;outline:none}.elementor-accordion .elementor-tab-title .elementor-accordion-icon{display:inline-block;width:1.5em}.elementor-accordion .elementor-tab-title .elementor-accordion-icon svg{width:1em;height:1em}.elementor-accordion .elementor-tab-title .elementor-accordion-icon.elementor-accordion-icon-right{float:right;text-align:right}.elementor-accordion .elementor-tab-title .elementor-accordion-icon.elementor-accordion-icon-left{float:left;text-align:left}.elementor-accordion .elementor-tab-title .elementor-accordion-icon .elementor-accordion-icon-closed{display:block}.elementor-accordion .elementor-tab-title .elementor-accordion-icon .elementor-accordion-icon-opened,.elementor-accordion .elementor-tab-title.elementor-active .elementor-accordion-icon-closed{display:none}.elementor-accordion .elementor-tab-title.elementor-active .elementor-accordion-icon-opened{display:block}.elementor-accordion .elementor-tab-content{display:none;padding:15px 20px;border-top:1px solid #d5d8dc}@media (max-width:767px){.elementor-accordion .elementor-tab-title{padding:12px 15px}.elementor-accordion .elementor-tab-title .elementor-accordion-icon{width:1.2em}.elementor-accordion .elementor-tab-content{padding:7px 15px}}.e-con-inner>.elementor-widget-accordion,.e-con>.elementor-widget-accordion{width:var(--container-widget-width);--flex-grow:var(--container-widget-flex-grow)}<\/style>\t\t<div class=\"elementor-accordion\">\n\t\t\t\t\t\t\t<div class=\"elementor-accordion-item\">\n\t\t\t\t\t<div id=\"elementor-tab-title-2411\" class=\"elementor-tab-title\" data-tab=\"1\" role=\"button\" aria-controls=\"elementor-tab-content-2411\" aria-expanded=\"false\">\n\t\t\t\t\t\t\t\t\t\t\t\t\t<span class=\"elementor-accordion-icon elementor-accordion-icon-left\" aria-hidden=\"true\">\n\t\t\t\t\t\t\t\t\t\t\t\t\t\t\t<span class=\"elementor-accordion-icon-closed\"><svg class=\"e-font-icon-svg e-fas-plus\" viewBox=\"0 0 448 512\" xmlns=\"http:\/\/www.w3.org\/2000\/svg\"><path d=\"M416 208H272V64c0-17.67-14.33-32-32-32h-32c-17.67 0-32 14.33-32 32v144H32c-17.67 0-32 14.33-32 32v32c0 17.67 14.33 32 32 32h144v144c0 17.67 14.33 32 32 32h32c17.67 0 32-14.33 32-32V304h144c17.67 0 32-14.33 32-32v-32c0-17.67-14.33-32-32-32z\"><\/path><\/svg><\/span>\n\t\t\t\t\t\t\t\t<span class=\"elementor-accordion-icon-opened\"><svg class=\"e-font-icon-svg e-fas-minus\" viewBox=\"0 0 448 512\" xmlns=\"http:\/\/www.w3.org\/2000\/svg\"><path d=\"M416 208H32c-17.67 0-32 14.33-32 32v32c0 17.67 14.33 32 32 32h384c17.67 0 32-14.33 32-32v-32c0-17.67-14.33-32-32-32z\"><\/path><\/svg><\/span>\n\t\t\t\t\t\t\t\t\t\t\t\t\t\t<\/span>\n\t\t\t\t\t\t\t\t\t\t\t\t<a class=\"elementor-accordion-title\" tabindex=\"0\">Objetivo<\/a>\n\t\t\t\t\t<\/div>\n\t\t\t\t\t<div id=\"elementor-tab-content-2411\" class=\"elementor-tab-content elementor-clearfix\" data-tab=\"1\" role=\"region\" aria-labelledby=\"elementor-tab-title-2411\"><p><span style=\"color: #000000;\">Nuestro C\u00f3digo de \u00c9tica representa el compromiso del Laboratorio por mantener los m\u00e1s altos niveles \u00e9ticos en el desempe\u00f1o de quienes lo integramos, otorgando la importancia al cumplimiento de las leyes, pol\u00edticas y lineamientos aplicables en nuestra organizaci\u00f3n. En este sentido la difusi\u00f3n del C\u00f3digo toma un papel fundamental que todos debemos asumir, as\u00ed como prevenir e informar cualquier violaci\u00f3n al mismo.<\/span><\/p><\/div>\n\t\t\t\t<\/div>\n\t\t\t\t\t\t\t<div class=\"elementor-accordion-item\">\n\t\t\t\t\t<div id=\"elementor-tab-title-2412\" class=\"elementor-tab-title\" data-tab=\"2\" role=\"button\" aria-controls=\"elementor-tab-content-2412\" aria-expanded=\"false\">\n\t\t\t\t\t\t\t\t\t\t\t\t\t<span class=\"elementor-accordion-icon elementor-accordion-icon-left\" aria-hidden=\"true\">\n\t\t\t\t\t\t\t\t\t\t\t\t\t\t\t<span class=\"elementor-accordion-icon-closed\"><svg class=\"e-font-icon-svg e-fas-plus\" viewBox=\"0 0 448 512\" xmlns=\"http:\/\/www.w3.org\/2000\/svg\"><path d=\"M416 208H272V64c0-17.67-14.33-32-32-32h-32c-17.67 0-32 14.33-32 32v144H32c-17.67 0-32 14.33-32 32v32c0 17.67 14.33 32 32 32h144v144c0 17.67 14.33 32 32 32h32c17.67 0 32-14.33 32-32V304h144c17.67 0 32-14.33 32-32v-32c0-17.67-14.33-32-32-32z\"><\/path><\/svg><\/span>\n\t\t\t\t\t\t\t\t<span class=\"elementor-accordion-icon-opened\"><svg class=\"e-font-icon-svg e-fas-minus\" viewBox=\"0 0 448 512\" xmlns=\"http:\/\/www.w3.org\/2000\/svg\"><path d=\"M416 208H32c-17.67 0-32 14.33-32 32v32c0 17.67 14.33 32 32 32h384c17.67 0 32-14.33 32-32v-32c0-17.67-14.33-32-32-32z\"><\/path><\/svg><\/span>\n\t\t\t\t\t\t\t\t\t\t\t\t\t\t<\/span>\n\t\t\t\t\t\t\t\t\t\t\t\t<a class=\"elementor-accordion-title\" tabindex=\"0\">Valores<\/a>\n\t\t\t\t\t<\/div>\n\t\t\t\t\t<div id=\"elementor-tab-content-2412\" class=\"elementor-tab-content elementor-clearfix\" data-tab=\"2\" role=\"region\" aria-labelledby=\"elementor-tab-title-2412\"><p class=\"p1\"><span style=\"color: #000000;\">Sirva el presente documento para expresar mi m\u00e1s firme compromiso con <span class=\"s1\">Innovatycal, S.A. de <\/span><span class=\"s1\">C.V. <\/span>y sus clientes, adquiriendo como obligaci\u00f3n el seguimiento de los siguientes valores:<\/span><\/p><p class=\"p1\"><span style=\"color: #000000;\"><strong><span class=\"s1\">\u2713 <\/span><\/strong>Desempe\u00f1arme con <strong>\u00e9tica profesional<\/strong> utilizando las normas y valores con las que se puede mejorar y dar cumplimiento al desarrollo de las actividades del Laboratorio.<\/span><\/p><p class=\"p1\"><span style=\"color: #000000;\"><strong><span class=\"s1\">\u2713 <\/span><\/strong>Actuar con <strong>integridad<\/strong> en decisiones y acciones, en funci\u00f3n a los valores del Laboratorio.<\/span><\/p><p class=\"p1\"><span style=\"color: #000000;\"><strong><span class=\"s1\">\u2713 <\/span><\/strong>Cuidar que la <strong>honestidad y respeto<\/strong> prevalezca durante las negociaciones con clientes y en el trato dentro del Laboratorio.<\/span><\/p><p class=\"p1\"><span style=\"color: #000000;\"><strong><span class=\"s1\">\u2713 <\/span><\/strong>Fomentar la <strong>responsabilidad t\u00e9cnica y comercial<\/strong> en la ejecuci\u00f3n de cualquiera de los servicios que ofrece el Laboratorio.<\/span><\/p><p class=\"p1\"><span style=\"color: #000000;\"><strong><span class=\"s1\">\u2713 <\/span><\/strong>Satisfacer con <strong>eficiencia, calidad y servicio<\/strong> las necesidades de nuestros clientes.<\/span><\/p><p class=\"p1\"><span style=\"color: #000000;\"><strong><span class=\"s1\">\u2713 <\/span><\/strong>Mantener la <strong>Imparcialidad<\/strong> en los servicios que ofrece el Laboratorio.<\/span><\/p><p class=\"p1\"><span style=\"color: #000000;\"><strong><span class=\"s1\">\u2713 <\/span><\/strong>Actuar con <strong>lealtad y compromiso<\/strong> pleno en ser responsable y dar lo mejor de m\u00ed mismo para beneficio del Laboratorio.<\/span><\/p><p class=\"p1\"><span style=\"color: #000000;\"><strong><span class=\"s1\">\u2713 <\/span><\/strong>Encaminar que el servicio a clientes sea proporcionado siempre con <strong>confidencialidad<\/strong> a sus datos personales y comerciales.<\/span><\/p><p class=\"p1\"><span style=\"color: #000000;\">Para asegurar el cumplimiento de estos valores, me comprometo a:<\/span><\/p><p><span style=\"color: #000000;\"><strong>a)<\/strong> Como Alta Direcci\u00f3n (si aplica) me comprometo con la imparcialidad en llevar a cabo actividades del Laboratorio, la gesti\u00f3n de conflictos de inter\u00e9s y garantizar la objetividad de las actividades que me competan.<\/span><\/p><p><span style=\"color: #000000;\"><strong>b)<\/strong> Mantener imparcialidad en el trato y atenci\u00f3n de los clientes, en cada uno de los servicios ofrecidos, sin distinci\u00f3n alguna; adem\u00e1s de cumplir con lo establecido en la lista de verificaci\u00f3n FOR-AC-082-vigente, lista de verificaci\u00f3n para la implementaci\u00f3n del c\u00f3digo de \u00e9tica indicado en el contrato de prestaci\u00f3n de servicios de ema. Con lo que el Laboratorio demuestra que es imparcial y que tanto como la Alta Direcci\u00f3n como su personal est\u00e1n libres de toda presi\u00f3n indebida, comercial, financiera o de otra \u00edndole, que pueda influir en su juicio t\u00e9cnico. Si existiese alguna causa que pudiera generar parcialidad en un servicio del Laboratorio, me comprometo a notificar a mi supervisor de manera inmediata.<\/span><\/p><p><span style=\"color: #000000;\"><strong>c)<\/strong> Evitar recibir regalos o bonificaciones de cualquier especie por parte de los clientes o proveedores del Laboratorio.<\/span><\/p><p><span style=\"color: #000000;\"><strong>d)<\/strong> Destinar el horario laboral exclusivamente para actividades del Laboratorio.<\/span><\/p><p><span style=\"color: #000000;\"><strong>e)<\/strong> Solicitar autorizaci\u00f3n de la Alta Direcci\u00f3n, para utilizar las instalaciones del Laboratorio en caso de requerir realizar actividades extra-laborales. <\/span><\/p><p><span style=\"color: #000000;\"><strong>f)<\/strong> Abstenerme de tener una relaci\u00f3n laboral en otras organizaciones competencia comercial del Laboratorio, durante mi periodo de contrataci\u00f3n, que generen una repercusi\u00f3n negativa o un conflicto de inter\u00e9s. <\/span><\/p><p><span style=\"color: #000000;\"><strong>g)<\/strong> Evitar participar directa o indirectamente como proveedor de bienes o servicios requeridos por el Laboratorio, excepto los especificados en el contrato laboral. <\/span><\/p><p><span style=\"color: #000000;\"><strong>h)<\/strong> Participar, cuando me sea solicitado, en entrevistas de \u201csalto de nivel\u201d (skip-level), comunicando cualquier hecho que pudiera poner en riesgo la confianza del Laboratorio. <\/span><\/p><p><span style=\"color: #000000;\"><strong>i)<\/strong> Administrar la informaci\u00f3n confidencial y derechos de propiedad de los clientes del Laboratorio, conforme lo establecido en el procedimiento <span style=\"color: #ff0000;\">PROC-GC-001 \u201cProcedimiento para asegurar la protecci\u00f3n de la informaci\u00f3n confidencial de los clientes\u201d<\/span>. <\/span><\/p><p><span style=\"color: #000000;\"><strong>j)<\/strong> En caso de detectar actividades dudosas, en cualquier nivel de la organizaci\u00f3n, que pudieran poner en riesgo la integridad del Laboratorio, utilizar\u00e9 los conductos disponibles del Laboratorio para denunciar estos hechos. <\/span><\/p><p><span style=\"color: #000000;\"><strong>k)<\/strong> Con el fin de mantener la confianza en la competencia, imparcialidad, juicio e integridad operativa me comprometo a asistir a las capacitaciones y reuniones programadas o convocadas por el laboratorio con el fin de realizar de forma segura, confiable y eficiente las operaciones del laboratorio que involucran la calidad de las calibraciones. <\/span><\/p><p><span style=\"color: #000000;\"><strong>l)<\/strong> Me comprometo a cumplir los lineamientos descritos en el presente c\u00f3digo de \u00e9tica durante todo el tiempo que permanezca contratado en la organizaci\u00f3n y por un m\u00ednimo de 2 a\u00f1os una vez terminada la relaci\u00f3n con el laboratorio.<\/span><\/p><\/div>\n\t\t\t\t<\/div>\n\t\t\t\t\t\t\t<div class=\"elementor-accordion-item\">\n\t\t\t\t\t<div id=\"elementor-tab-title-2413\" class=\"elementor-tab-title\" data-tab=\"3\" role=\"button\" aria-controls=\"elementor-tab-content-2413\" aria-expanded=\"false\">\n\t\t\t\t\t\t\t\t\t\t\t\t\t<span class=\"elementor-accordion-icon elementor-accordion-icon-left\" aria-hidden=\"true\">\n\t\t\t\t\t\t\t\t\t\t\t\t\t\t\t<span class=\"elementor-accordion-icon-closed\"><svg class=\"e-font-icon-svg e-fas-plus\" viewBox=\"0 0 448 512\" xmlns=\"http:\/\/www.w3.org\/2000\/svg\"><path d=\"M416 208H272V64c0-17.67-14.33-32-32-32h-32c-17.67 0-32 14.33-32 32v144H32c-17.67 0-32 14.33-32 32v32c0 17.67 14.33 32 32 32h144v144c0 17.67 14.33 32 32 32h32c17.67 0 32-14.33 32-32V304h144c17.67 0 32-14.33 32-32v-32c0-17.67-14.33-32-32-32z\"><\/path><\/svg><\/span>\n\t\t\t\t\t\t\t\t<span class=\"elementor-accordion-icon-opened\"><svg class=\"e-font-icon-svg e-fas-minus\" viewBox=\"0 0 448 512\" xmlns=\"http:\/\/www.w3.org\/2000\/svg\"><path d=\"M416 208H32c-17.67 0-32 14.33-32 32v32c0 17.67 14.33 32 32 32h384c17.67 0 32-14.33 32-32v-32c0-17.67-14.33-32-32-32z\"><\/path><\/svg><\/span>\n\t\t\t\t\t\t\t\t\t\t\t\t\t\t<\/span>\n\t\t\t\t\t\t\t\t\t\t\t\t<a class=\"elementor-accordion-title\" tabindex=\"0\">Mecanismos anticorrupci\u00f3n<\/a>\n\t\t\t\t\t<\/div>\n\t\t\t\t\t<div id=\"elementor-tab-content-2413\" class=\"elementor-tab-content elementor-clearfix\" data-tab=\"3\" role=\"region\" aria-labelledby=\"elementor-tab-title-2413\"><p><span style=\"color: #000000;\"><strong>1. Soborno y corrupci\u00f3n.<\/strong> \u2013 Se cuenta con una pol\u00edtica de cero tolerancia a los hechos de corrupci\u00f3n y soborno, por lo cual queda estrictamente prohibido que nuestros empleados reciban y\/o realicen pagos para la aceleraci\u00f3n de tr\u00e1mites o facilidades en procesos con externos o terceros. <\/span><\/p><p><span style=\"color: #000000;\"><strong>2. Conflictos de inter\u00e9s.<\/strong> &#8211; Nos comprometemos a cumplir las disposiciones de la Ley General de Responsabilidades Administrativas, concretamente en el tema de la actualizaci\u00f3n de alg\u00fan conflicto de inter\u00e9s por parte de cualquier persona que labore en la empresa, haciendo especial \u00e9nfasis en las participaciones de nuestros empleados con personas servidoras p\u00fablicas. <\/span><\/p><p><span style=\"color: #000000;\"><strong>3. Lavado de dinero.<\/strong> \u2013 Se rechazan las relaciones con proveedores o clientes que se dude de su integridad, en referencia a los ingresos obtenidos con estos.<\/span><\/p><\/div>\n\t\t\t\t<\/div>\n\t\t\t\t\t\t\t<div class=\"elementor-accordion-item\">\n\t\t\t\t\t<div id=\"elementor-tab-title-2414\" class=\"elementor-tab-title\" data-tab=\"4\" role=\"button\" aria-controls=\"elementor-tab-content-2414\" aria-expanded=\"false\">\n\t\t\t\t\t\t\t\t\t\t\t\t\t<span class=\"elementor-accordion-icon elementor-accordion-icon-left\" aria-hidden=\"true\">\n\t\t\t\t\t\t\t\t\t\t\t\t\t\t\t<span class=\"elementor-accordion-icon-closed\"><svg class=\"e-font-icon-svg e-fas-plus\" viewBox=\"0 0 448 512\" xmlns=\"http:\/\/www.w3.org\/2000\/svg\"><path d=\"M416 208H272V64c0-17.67-14.33-32-32-32h-32c-17.67 0-32 14.33-32 32v144H32c-17.67 0-32 14.33-32 32v32c0 17.67 14.33 32 32 32h144v144c0 17.67 14.33 32 32 32h32c17.67 0 32-14.33 32-32V304h144c17.67 0 32-14.33 32-32v-32c0-17.67-14.33-32-32-32z\"><\/path><\/svg><\/span>\n\t\t\t\t\t\t\t\t<span class=\"elementor-accordion-icon-opened\"><svg class=\"e-font-icon-svg e-fas-minus\" viewBox=\"0 0 448 512\" xmlns=\"http:\/\/www.w3.org\/2000\/svg\"><path d=\"M416 208H32c-17.67 0-32 14.33-32 32v32c0 17.67 14.33 32 32 32h384c17.67 0 32-14.33 32-32v-32c0-17.67-14.33-32-32-32z\"><\/path><\/svg><\/span>\n\t\t\t\t\t\t\t\t\t\t\t\t\t\t<\/span>\n\t\t\t\t\t\t\t\t\t\t\t\t<a class=\"elementor-accordion-title\" tabindex=\"0\">Conducta esperada en relaci\u00f3n a terceros<\/a>\n\t\t\t\t\t<\/div>\n\t\t\t\t\t<div id=\"elementor-tab-content-2414\" class=\"elementor-tab-content elementor-clearfix\" data-tab=\"4\" role=\"region\" aria-labelledby=\"elementor-tab-title-2414\"><p><span style=\"color: #000000;\">En la empresa es nuestro compromiso contribuir con la sociedad en la aplicaci\u00f3n de la legislaci\u00f3n que nos aplica y fomentando actividades que propicien el desarrollo econ\u00f3mico, social, ambiental, educativo y cultural. El contacto con proveedores, clientes o personas servidoras p\u00fablicas deber\u00e1 regirse en todo momento bajo los principios de legalidad, respeto e imparcialidad, quedando estrictamente prohibido cualquier conducta que fomente alg\u00fan acto de corrupci\u00f3n.\u201d <\/span><\/p><p><span style=\"color: #000000;\">En caso de no cumplir con los lineamientos \u00e9ticos del Laboratorio asumir\u00e9 lo dictaminado por la Alta Direcci\u00f3n, las penalidades y sanciones correspondientes en el entendido, que la violaci\u00f3n de cualquiera de estos requisitos puede ser causa de recisi\u00f3n de contrato.<\/span><\/p><p style=\"text-align: right;\"><span style=\"color: #000000;\"><strong>Ref: PROC-GC-002<\/strong><\/span><\/p><\/div>\n\t\t\t\t<\/div>\n\t\t\t\t\t\t\t\t<\/div>\n\t\t\t\t<\/div>\n\t\t\t\t<\/div>\n\t\t\t\t\t<\/div>\n\t\t\t\t<\/div>\n\t\t<div class=\"elementor-element elementor-element-f09dfa3 e-flex e-con-boxed e-con e-parent\" data-id=\"f09dfa3\" data-element_type=\"container\">\n\t\t\t\t\t<div class=\"e-con-inner\">\n\t\t\t\t<div class=\"elementor-element elementor-element-25a1bb3 elementor-widget elementor-widget-heading\" data-id=\"25a1bb3\" data-element_type=\"widget\" data-widget_type=\"heading.default\">\n\t\t\t\t<div class=\"elementor-widget-container\">\n\t\t\t<h1 class=\"elementor-heading-title elementor-size-default\">&nbsp;<\/h1>\t\t<\/div>\n\t\t\t\t<\/div>\n\t\t\t\t\t<\/div>\n\t\t\t\t<\/div>\n\t\t\t\t<\/div>\n\t\t","protected":false},"excerpt":{"rendered":"<p>C\u00f3digo de \u00e9tica Objetivo Nuestro C\u00f3digo de \u00c9tica representa el compromiso del Laboratorio por mantener los m\u00e1s altos niveles \u00e9ticos en el desempe\u00f1o de quienes lo integramos, otorgando la importancia al cumplimiento de las leyes, pol\u00edticas y lineamientos aplicables en&#8230;<\/p>\n","protected":false},"author":1,"featured_media":0,"parent":0,"menu_order":0,"comment_status":"closed","ping_status":"closed","template":"","meta":{"footnotes":""},"class_list":["post-7296","page","type-page","status-publish","hentry"],"yoast_head":"<!-- This site is optimized with the Yoast SEO plugin v23.4 - https:\/\/yoast.com\/wordpress\/plugins\/seo\/ -->\n<title>C\u00f3digo de \u00e9tica - Innovatycal<\/title>\n<meta name=\"robots\" content=\"index, follow, max-snippet:-1, max-image-preview:large, max-video-preview:-1\" \/>\n<link rel=\"canonical\" href=\"https:\/\/innovatycal.com\/index.php\/codigo-de-etica\/\" \/>\n<meta property=\"og:locale\" content=\"es_MX\" \/>\n<meta property=\"og:type\" content=\"article\" \/>\n<meta property=\"og:title\" content=\"C\u00f3digo de \u00e9tica - Innovatycal\" \/>\n<meta property=\"og:description\" content=\"C\u00f3digo de \u00e9tica Objetivo Nuestro C\u00f3digo de \u00c9tica representa el compromiso del Laboratorio por mantener los m\u00e1s altos niveles \u00e9ticos en el desempe\u00f1o de quienes lo integramos, otorgando la importancia al cumplimiento de las leyes, pol\u00edticas y lineamientos aplicables en...\" \/>\n<meta property=\"og:url\" content=\"https:\/\/innovatycal.com\/index.php\/codigo-de-etica\/\" \/>\n<meta property=\"og:site_name\" content=\"Innovatycal\" \/>\n<meta property=\"article:modified_time\" content=\"2025-08-25T17:33:26+00:00\" \/>\n<meta name=\"twitter:card\" content=\"summary_large_image\" \/>\n<meta name=\"twitter:label1\" content=\"Tiempo de lectura\" \/>\n\t<meta name=\"twitter:data1\" content=\"5 minutos\" \/>\n<script type=\"application\/ld+json\" class=\"yoast-schema-graph\">{\"@context\":\"https:\/\/schema.org\",\"@graph\":[{\"@type\":\"WebPage\",\"@id\":\"https:\/\/innovatycal.com\/index.php\/codigo-de-etica\/\",\"url\":\"https:\/\/innovatycal.com\/index.php\/codigo-de-etica\/\",\"name\":\"C\u00f3digo de \u00e9tica - Innovatycal\",\"isPartOf\":{\"@id\":\"https:\/\/innovatycal.com\/#website\"},\"datePublished\":\"2025-08-22T23:33:29+00:00\",\"dateModified\":\"2025-08-25T17:33:26+00:00\",\"breadcrumb\":{\"@id\":\"https:\/\/innovatycal.com\/index.php\/codigo-de-etica\/#breadcrumb\"},\"inLanguage\":\"es\",\"potentialAction\":[{\"@type\":\"ReadAction\",\"target\":[\"https:\/\/innovatycal.com\/index.php\/codigo-de-etica\/\"]}]},{\"@type\":\"BreadcrumbList\",\"@id\":\"https:\/\/innovatycal.com\/index.php\/codigo-de-etica\/#breadcrumb\",\"itemListElement\":[{\"@type\":\"ListItem\",\"position\":1,\"name\":\"Inicio\",\"item\":\"https:\/\/innovatycal.com\/\"},{\"@type\":\"ListItem\",\"position\":2,\"name\":\"C\u00f3digo de \u00e9tica\"}]},{\"@type\":\"WebSite\",\"@id\":\"https:\/\/innovatycal.com\/#website\",\"url\":\"https:\/\/innovatycal.com\/\",\"name\":\"Innovatycal\",\"description\":\"Innovatycal\",\"publisher\":{\"@id\":\"https:\/\/innovatycal.com\/#organization\"},\"potentialAction\":[{\"@type\":\"SearchAction\",\"target\":{\"@type\":\"EntryPoint\",\"urlTemplate\":\"https:\/\/innovatycal.com\/?s={search_term_string}\"},\"query-input\":{\"@type\":\"PropertyValueSpecification\",\"valueRequired\":true,\"valueName\":\"search_term_string\"}}],\"inLanguage\":\"es\"},{\"@type\":\"Organization\",\"@id\":\"https:\/\/innovatycal.com\/#organization\",\"name\":\"Innovatycal\",\"url\":\"https:\/\/innovatycal.com\/\",\"logo\":{\"@type\":\"ImageObject\",\"inLanguage\":\"es\",\"@id\":\"https:\/\/innovatycal.com\/#\/schema\/logo\/image\/\",\"url\":\"https:\/\/innovatycal.com\/wp-content\/uploads\/2024\/07\/cropped-Diseno-sin-titulo-1.png\",\"contentUrl\":\"https:\/\/innovatycal.com\/wp-content\/uploads\/2024\/07\/cropped-Diseno-sin-titulo-1.png\",\"width\":500,\"height\":145,\"caption\":\"Innovatycal\"},\"image\":{\"@id\":\"https:\/\/innovatycal.com\/#\/schema\/logo\/image\/\"}}]}<\/script>\n<!-- \/ Yoast SEO plugin. -->","yoast_head_json":{"title":"C\u00f3digo de \u00e9tica - Innovatycal","robots":{"index":"index","follow":"follow","max-snippet":"max-snippet:-1","max-image-preview":"max-image-preview:large","max-video-preview":"max-video-preview:-1"},"canonical":"https:\/\/innovatycal.com\/index.php\/codigo-de-etica\/","og_locale":"es_MX","og_type":"article","og_title":"C\u00f3digo de \u00e9tica - Innovatycal","og_description":"C\u00f3digo de \u00e9tica Objetivo Nuestro C\u00f3digo de \u00c9tica representa el compromiso del Laboratorio por mantener los m\u00e1s altos niveles \u00e9ticos en el desempe\u00f1o de quienes lo integramos, otorgando la importancia al cumplimiento de las leyes, pol\u00edticas y lineamientos aplicables en...","og_url":"https:\/\/innovatycal.com\/index.php\/codigo-de-etica\/","og_site_name":"Innovatycal","article_modified_time":"2025-08-25T17:33:26+00:00","twitter_card":"summary_large_image","twitter_misc":{"Tiempo de lectura":"5 minutos"},"schema":{"@context":"https:\/\/schema.org","@graph":[{"@type":"WebPage","@id":"https:\/\/innovatycal.com\/index.php\/codigo-de-etica\/","url":"https:\/\/innovatycal.com\/index.php\/codigo-de-etica\/","name":"C\u00f3digo de \u00e9tica - Innovatycal","isPartOf":{"@id":"https:\/\/innovatycal.com\/#website"},"datePublished":"2025-08-22T23:33:29+00:00","dateModified":"2025-08-25T17:33:26+00:00","breadcrumb":{"@id":"https:\/\/innovatycal.com\/index.php\/codigo-de-etica\/#breadcrumb"},"inLanguage":"es","potentialAction":[{"@type":"ReadAction","target":["https:\/\/innovatycal.com\/index.php\/codigo-de-etica\/"]}]},{"@type":"BreadcrumbList","@id":"https:\/\/innovatycal.com\/index.php\/codigo-de-etica\/#breadcrumb","itemListElement":[{"@type":"ListItem","position":1,"name":"Inicio","item":"https:\/\/innovatycal.com\/"},{"@type":"ListItem","position":2,"name":"C\u00f3digo de \u00e9tica"}]},{"@type":"WebSite","@id":"https:\/\/innovatycal.com\/#website","url":"https:\/\/innovatycal.com\/","name":"Innovatycal","description":"Innovatycal","publisher":{"@id":"https:\/\/innovatycal.com\/#organization"},"potentialAction":[{"@type":"SearchAction","target":{"@type":"EntryPoint","urlTemplate":"https:\/\/innovatycal.com\/?s={search_term_string}"},"query-input":{"@type":"PropertyValueSpecification","valueRequired":true,"valueName":"search_term_string"}}],"inLanguage":"es"},{"@type":"Organization","@id":"https:\/\/innovatycal.com\/#organization","name":"Innovatycal","url":"https:\/\/innovatycal.com\/","logo":{"@type":"ImageObject","inLanguage":"es","@id":"https:\/\/innovatycal.com\/#\/schema\/logo\/image\/","url":"https:\/\/innovatycal.com\/wp-content\/uploads\/2024\/07\/cropped-Diseno-sin-titulo-1.png","contentUrl":"https:\/\/innovatycal.com\/wp-content\/uploads\/2024\/07\/cropped-Diseno-sin-titulo-1.png","width":500,"height":145,"caption":"Innovatycal"},"image":{"@id":"https:\/\/innovatycal.com\/#\/schema\/logo\/image\/"}}]}},"_links":{"self":[{"href":"https:\/\/innovatycal.com\/index.php\/wp-json\/wp\/v2\/pages\/7296","targetHints":{"allow":["GET"]}}],"collection":[{"href":"https:\/\/innovatycal.com\/index.php\/wp-json\/wp\/v2\/pages"}],"about":[{"href":"https:\/\/innovatycal.com\/index.php\/wp-json\/wp\/v2\/types\/page"}],"author":[{"embeddable":true,"href":"https:\/\/innovatycal.com\/index.php\/wp-json\/wp\/v2\/users\/1"}],"replies":[{"embeddable":true,"href":"https:\/\/innovatycal.com\/index.php\/wp-json\/wp\/v2\/comments?post=7296"}],"version-history":[{"count":95,"href":"https:\/\/innovatycal.com\/index.php\/wp-json\/wp\/v2\/pages\/7296\/revisions"}],"predecessor-version":[{"id":7471,"href":"https:\/\/innovatycal.com\/index.php\/wp-json\/wp\/v2\/pages\/7296\/revisions\/7471"}],"wp:attachment":[{"href":"https:\/\/innovatycal.com\/index.php\/wp-json\/wp\/v2\/media?parent=7296"}],"curies":[{"name":"wp","href":"https:\/\/api.w.org\/{rel}","templated":true}]}}