{"id":7308,"date":"2025-08-22T23:39:54","date_gmt":"2025-08-22T23:39:54","guid":{"rendered":"https:\/\/innovatycal.com\/?page_id=7308"},"modified":"2025-08-25T18:07:22","modified_gmt":"2025-08-25T18:07:22","slug":"regla-de-decision","status":"publish","type":"page","link":"https:\/\/innovatycal.com\/index.php\/regla-de-decision\/","title":{"rendered":"Regla de decisi\u00f3n"},"content":{"rendered":"\t\t<div data-elementor-type=\"wp-post\" data-elementor-id=\"7308\" class=\"elementor elementor-7308\">\n\t\t\t\t<div class=\"elementor-element elementor-element-a7764df e-flex e-con-boxed e-con e-parent\" data-id=\"a7764df\" data-element_type=\"container\">\n\t\t\t\t\t<div class=\"e-con-inner\">\n\t\t\t\t<div class=\"elementor-element elementor-element-61c9de7 elementor-widget elementor-widget-heading\" data-id=\"61c9de7\" data-element_type=\"widget\" data-widget_type=\"heading.default\">\n\t\t\t\t<div class=\"elementor-widget-container\">\n\t\t\t<style>\/*! elementor - v3.23.0 - 05-08-2024 *\/\n.elementor-heading-title{padding:0;margin:0;line-height:1}.elementor-widget-heading .elementor-heading-title[class*=elementor-size-]>a{color:inherit;font-size:inherit;line-height:inherit}.elementor-widget-heading .elementor-heading-title.elementor-size-small{font-size:15px}.elementor-widget-heading .elementor-heading-title.elementor-size-medium{font-size:19px}.elementor-widget-heading .elementor-heading-title.elementor-size-large{font-size:29px}.elementor-widget-heading .elementor-heading-title.elementor-size-xl{font-size:39px}.elementor-widget-heading .elementor-heading-title.elementor-size-xxl{font-size:59px}<\/style><h4 class=\"elementor-heading-title elementor-size-default\">La Regla de Decisi\u00f3n en Evaluaciones de Conformidad<\/h4>\t\t<\/div>\n\t\t\t\t<\/div>\n\t\t\t\t<div class=\"elementor-element elementor-element-325574a elementor-widget elementor-widget-text-editor\" data-id=\"325574a\" data-element_type=\"widget\" data-widget_type=\"text-editor.default\">\n\t\t\t\t<div class=\"elementor-widget-container\">\n\t\t\t<style>\/*! elementor - v3.23.0 - 05-08-2024 *\/\n.elementor-widget-text-editor.elementor-drop-cap-view-stacked .elementor-drop-cap{background-color:#69727d;color:#fff}.elementor-widget-text-editor.elementor-drop-cap-view-framed .elementor-drop-cap{color:#69727d;border:3px solid;background-color:transparent}.elementor-widget-text-editor:not(.elementor-drop-cap-view-default) .elementor-drop-cap{margin-top:8px}.elementor-widget-text-editor:not(.elementor-drop-cap-view-default) .elementor-drop-cap-letter{width:1em;height:1em}.elementor-widget-text-editor .elementor-drop-cap{float:left;text-align:center;line-height:1;font-size:50px}.elementor-widget-text-editor .elementor-drop-cap-letter{display:inline-block}<\/style>\t\t\t\t<p><span style=\"color: #000000;\"><strong>\u00a0<\/strong><\/span><\/p><p>\u00a0<\/p><h5><span style=\"color: #000000;\">A NUESTROS CLIENTES<\/span><\/h5><p>\u00a0<\/p><p class=\"p2\"><span style=\"color: #000000;\"><br \/>Estimado cliente, por este medio hacemos de su conocimiento que, para los laboratorios de calibraci\u00f3n acreditados bajo la NMX-EC-17025-IMNC-2018, conforme a los puntos 7.1.3 y 7.8.6.1 de la norma mencionada, aplica lo siguiente:<\/span><\/p><p class=\"p2\"><span style=\"color: #000000;\">\u201c7.1.3 Cuando el cliente solicite una declaraci\u00f3n de conformidad con una especificaci\u00f3n o norma para el ensayo o calibraci\u00f3n, se deben definir claramente la especificaci\u00f3n o la norma y la regla de decisi\u00f3n. La regla de decisi\u00f3n seleccionada se debe comunicar y acordar con el cliente, a menos que sea inherente a la especificaci\u00f3n o a la norma solicitada.\u201d<\/span><\/p><p class=\"p2\"><span style=\"color: #000000;\">\u201c7.8.6.1 Cuando se proporciona una declaraci\u00f3n de conformidad con una especificaci\u00f3n o norma, el laboratorio debe documentar la regla de decisi\u00f3n aplicada, teniendo en cuenta el nivel de riesgo asociado con la regla de decisi\u00f3n empleada y aplicar dicha regla.\u201d<\/span><\/p><p class=\"p2\"><span style=\"color: #000000;\">Es decir, si el resultado fuera satisfactorio o no satisfactorio, cumple o no cumple, aceptaci\u00f3n o rechazo, esta deber\u00e1 ser de acuerdo con una especificaci\u00f3n establecida en una NOM, NMX, norma internacional o bibliograf\u00eda t\u00e9cnica.<\/span><\/p><p class=\"p2\"><span style=\"color: #000000;\">Por lo cual, para que Innovatycal realice una evaluaci\u00f3n de conformidad, declarada en los certificados\/informes de calibraci\u00f3n, deber\u00e1 proporcionarnos v\u00eda correo electr\u00f3nico <span class=\"s2\">contacto@innovatycal.com <\/span>la siguiente informaci\u00f3n:<\/span><\/p><p style=\"padding-left: 40px;\"><span style=\"color: #000000;\">a) La especificaci\u00f3n (tolerancia, error m\u00e1ximo permitido, l\u00edmites, etc.); <\/span><\/p><p style=\"padding-left: 40px;\"><span style=\"color: #000000;\">b) El documento normativo en la cual est\u00e1 establecida dicha especificaci\u00f3n; <\/span><\/p><p style=\"padding-left: 40px;\"><span style=\"color: #000000;\">c) Intervalo de aceptaci\u00f3n y\/o criterio de aceptaci\u00f3n; y <\/span><\/p><p style=\"padding-left: 40px;\"><span style=\"color: #000000;\">d) La regla de decisi\u00f3n que se documentar\u00e1. <\/span><\/p><p>\u00a0<\/p><p class=\"p2\" style=\"text-align: center;\"><span style=\"color: #000000;\"><b>REGLA DE DESCICI\u00d3N APLICADA POR Innovatycal<\/b><\/span><\/p><p class=\"p3\" style=\"text-align: center;\"><strong><span style=\"color: #000000;\">\ud835\udc45\ud835\udc38 <span class=\"s4\"><i>&lt; <\/i><\/span>\ud835\udc45 <span class=\"s4\"><i>+ <\/i><\/span>\ud835\udc48 <span class=\"s4\"><i>&lt; <\/i><\/span>\ud835\udc45\ud835\udc38<\/span><\/strong><\/p><p class=\"p4\" style=\"text-align: center;\"><span style=\"color: #000000;\"><i>Donde: <\/i><\/span><\/p><p class=\"p4\" style=\"text-align: center;\"><span style=\"color: #000000;\"><i><strong>R<\/strong>=Resultado obtenido <\/i><\/span><\/p><p class=\"p4\" style=\"text-align: center;\"><span style=\"color: #000000;\"><i><strong>U<\/strong>= Incertidumbre expandida de la medici\u00f3n <\/i><\/span><\/p><p class=\"p4\" style=\"text-align: center;\"><i><span style=\"color: #000000;\"><strong>RE<\/strong>: Requerimiento espec\u00edfico a cumplir<\/span> <\/i><\/p>\t\t\t\t\t\t<\/div>\n\t\t\t\t<\/div>\n\t\t\t\t\t<\/div>\n\t\t\t\t<\/div>\n\t\t<div class=\"elementor-element elementor-element-d7a7318 e-grid e-con-boxed e-con e-parent\" data-id=\"d7a7318\" data-element_type=\"container\">\n\t\t\t\t\t<div class=\"e-con-inner\">\n\t\t\t\t<div class=\"elementor-element elementor-element-04c264f elementor-invisible elementor-widget elementor-widget-image\" data-id=\"04c264f\" data-element_type=\"widget\" data-settings=\"{&quot;_animation&quot;:&quot;fadeIn&quot;}\" data-widget_type=\"image.default\">\n\t\t\t\t<div class=\"elementor-widget-container\">\n\t\t\t<style>\/*! elementor - v3.23.0 - 05-08-2024 *\/\n.elementor-widget-image{text-align:center}.elementor-widget-image a{display:inline-block}.elementor-widget-image a img[src$=\".svg\"]{width:48px}.elementor-widget-image img{vertical-align:middle;display:inline-block}<\/style>\t\t\t\t\t\t\t\t\t\t<img decoding=\"async\" width=\"387\" height=\"116\" src=\"https:\/\/innovatycal.com\/wp-content\/uploads\/2025\/08\/regla.png\" class=\"attachment-large size-large wp-image-7535\" alt=\"\" srcset=\"https:\/\/innovatycal.com\/wp-content\/uploads\/2025\/08\/regla.png 387w, https:\/\/innovatycal.com\/wp-content\/uploads\/2025\/08\/regla-300x90.png 300w\" sizes=\"(max-width: 387px) 100vw, 387px\" \/>\t\t\t\t\t\t\t\t\t\t\t\t\t<\/div>\n\t\t\t\t<\/div>\n\t\t\t\t<div class=\"elementor-element elementor-element-cc220cf elementor-widget elementor-widget-text-editor\" data-id=\"cc220cf\" data-element_type=\"widget\" data-widget_type=\"text-editor.default\">\n\t\t\t\t<div class=\"elementor-widget-container\">\n\t\t\t\t\t\t\t<table class=\"t1\" cellspacing=\"0\" cellpadding=\"0\"><tbody><tr><td class=\"td1\" valign=\"top\"><p class=\"p2\" style=\"text-align: center;\"><span style=\"color: #000000;\"><b>Caso <\/b><\/span><\/p><\/td><td class=\"td1\" style=\"text-align: center;\" valign=\"top\"><p class=\"p2\"><span style=\"color: #000000;\"><b>Declaraci\u00f3n de conformidad <\/b><\/span><\/p><\/td><\/tr><tr><td class=\"td1\" valign=\"top\"><p class=\"p2\" style=\"text-align: center;\"><span style=\"color: #000000;\">1<\/span><\/p><\/td><td class=\"td1\" valign=\"top\"><p class=\"p2\" style=\"text-align: center;\"><span style=\"color: #000000;\">Satisfactorio<\/span><\/p><\/td><\/tr><tr><td class=\"td1\" valign=\"top\"><p class=\"p2\" style=\"text-align: center;\"><span style=\"color: #000000;\">2<\/span><\/p><\/td><td class=\"td1\" valign=\"top\"><p class=\"p2\" style=\"text-align: center;\"><span style=\"color: #000000;\">No satisfactorio<\/span><\/p><\/td><\/tr><tr><td class=\"td1\" valign=\"top\"><p class=\"p2\" style=\"text-align: center;\"><span style=\"color: #000000;\">3<\/span><\/p><\/td><td class=\"td1\" valign=\"top\"><p class=\"p2\" style=\"text-align: center;\"><span style=\"color: #000000;\">No satisfactorio<\/span><\/p><\/td><\/tr><tr><td class=\"td1\" style=\"text-align: center;\" valign=\"top\"><p class=\"p2\"><span style=\"color: #000000;\">4<\/span><\/p><\/td><td class=\"td1\" valign=\"top\"><p class=\"p2\" style=\"text-align: center;\"><span style=\"color: #000000;\">No satisfactorio<\/span><\/p><\/td><\/tr><tr><td class=\"td1\" valign=\"top\"><p class=\"p2\" style=\"text-align: center;\"><span style=\"color: #000000;\">5<\/span><\/p><\/td><td class=\"td1\" valign=\"top\"><p class=\"p2\" style=\"text-align: center;\"><span style=\"color: #000000;\">Satisfactorio<\/span><\/p><\/td><\/tr><\/tbody><\/table>\t\t\t\t\t\t<\/div>\n\t\t\t\t<\/div>\n\t\t\t\t\t<\/div>\n\t\t\t\t<\/div>\n\t\t<div class=\"elementor-element elementor-element-14101f5 e-flex e-con-boxed e-con e-parent\" data-id=\"14101f5\" data-element_type=\"container\">\n\t\t\t\t\t<div class=\"e-con-inner\">\n\t\t\t\t\t<\/div>\n\t\t\t\t<\/div>\n\t\t\t\t<\/div>\n\t\t","protected":false},"excerpt":{"rendered":"<p>La Regla de Decisi\u00f3n en Evaluaciones de Conformidad \u00a0 \u00a0 A NUESTROS CLIENTES \u00a0 Estimado cliente, por este medio hacemos de su conocimiento que, para los laboratorios de calibraci\u00f3n acreditados bajo la NMX-EC-17025-IMNC-2018, conforme a los puntos 7.1.3 y 7.8.6.1&#8230;<\/p>\n","protected":false},"author":1,"featured_media":0,"parent":0,"menu_order":0,"comment_status":"closed","ping_status":"closed","template":"","meta":{"footnotes":""},"class_list":["post-7308","page","type-page","status-publish","hentry"],"yoast_head":"<!-- This site is optimized with the Yoast SEO plugin v23.4 - https:\/\/yoast.com\/wordpress\/plugins\/seo\/ -->\n<title>Regla de decisi\u00f3n - Innovatycal<\/title>\n<meta name=\"robots\" content=\"index, follow, max-snippet:-1, max-image-preview:large, max-video-preview:-1\" \/>\n<link rel=\"canonical\" href=\"https:\/\/innovatycal.com\/index.php\/regla-de-decision\/\" \/>\n<meta property=\"og:locale\" content=\"es_MX\" \/>\n<meta property=\"og:type\" content=\"article\" \/>\n<meta property=\"og:title\" content=\"Regla de decisi\u00f3n - Innovatycal\" \/>\n<meta property=\"og:description\" content=\"La Regla de Decisi\u00f3n en Evaluaciones de Conformidad \u00a0 \u00a0 A NUESTROS CLIENTES \u00a0 Estimado cliente, por este medio hacemos de su conocimiento que, para los laboratorios de calibraci\u00f3n acreditados bajo la NMX-EC-17025-IMNC-2018, conforme a los puntos 7.1.3 y 7.8.6.1...\" \/>\n<meta property=\"og:url\" content=\"https:\/\/innovatycal.com\/index.php\/regla-de-decision\/\" \/>\n<meta property=\"og:site_name\" content=\"Innovatycal\" \/>\n<meta property=\"article:modified_time\" content=\"2025-08-25T18:07:22+00:00\" \/>\n<meta property=\"og:image\" content=\"https:\/\/innovatycal.com\/wp-content\/uploads\/2025\/08\/regla.png\" \/>\n<meta name=\"twitter:card\" content=\"summary_large_image\" \/>\n<meta name=\"twitter:label1\" content=\"Tiempo de lectura\" \/>\n\t<meta name=\"twitter:data1\" content=\"2 minutos\" \/>\n<script type=\"application\/ld+json\" class=\"yoast-schema-graph\">{\"@context\":\"https:\/\/schema.org\",\"@graph\":[{\"@type\":\"WebPage\",\"@id\":\"https:\/\/innovatycal.com\/index.php\/regla-de-decision\/\",\"url\":\"https:\/\/innovatycal.com\/index.php\/regla-de-decision\/\",\"name\":\"Regla de decisi\u00f3n - Innovatycal\",\"isPartOf\":{\"@id\":\"https:\/\/innovatycal.com\/#website\"},\"primaryImageOfPage\":{\"@id\":\"https:\/\/innovatycal.com\/index.php\/regla-de-decision\/#primaryimage\"},\"image\":{\"@id\":\"https:\/\/innovatycal.com\/index.php\/regla-de-decision\/#primaryimage\"},\"thumbnailUrl\":\"https:\/\/innovatycal.com\/wp-content\/uploads\/2025\/08\/regla.png\",\"datePublished\":\"2025-08-22T23:39:54+00:00\",\"dateModified\":\"2025-08-25T18:07:22+00:00\",\"breadcrumb\":{\"@id\":\"https:\/\/innovatycal.com\/index.php\/regla-de-decision\/#breadcrumb\"},\"inLanguage\":\"es\",\"potentialAction\":[{\"@type\":\"ReadAction\",\"target\":[\"https:\/\/innovatycal.com\/index.php\/regla-de-decision\/\"]}]},{\"@type\":\"ImageObject\",\"inLanguage\":\"es\",\"@id\":\"https:\/\/innovatycal.com\/index.php\/regla-de-decision\/#primaryimage\",\"url\":\"https:\/\/innovatycal.com\/wp-content\/uploads\/2025\/08\/regla.png\",\"contentUrl\":\"https:\/\/innovatycal.com\/wp-content\/uploads\/2025\/08\/regla.png\",\"width\":387,\"height\":116},{\"@type\":\"BreadcrumbList\",\"@id\":\"https:\/\/innovatycal.com\/index.php\/regla-de-decision\/#breadcrumb\",\"itemListElement\":[{\"@type\":\"ListItem\",\"position\":1,\"name\":\"Inicio\",\"item\":\"https:\/\/innovatycal.com\/\"},{\"@type\":\"ListItem\",\"position\":2,\"name\":\"Regla de decisi\u00f3n\"}]},{\"@type\":\"WebSite\",\"@id\":\"https:\/\/innovatycal.com\/#website\",\"url\":\"https:\/\/innovatycal.com\/\",\"name\":\"Innovatycal\",\"description\":\"Innovatycal\",\"publisher\":{\"@id\":\"https:\/\/innovatycal.com\/#organization\"},\"potentialAction\":[{\"@type\":\"SearchAction\",\"target\":{\"@type\":\"EntryPoint\",\"urlTemplate\":\"https:\/\/innovatycal.com\/?s={search_term_string}\"},\"query-input\":{\"@type\":\"PropertyValueSpecification\",\"valueRequired\":true,\"valueName\":\"search_term_string\"}}],\"inLanguage\":\"es\"},{\"@type\":\"Organization\",\"@id\":\"https:\/\/innovatycal.com\/#organization\",\"name\":\"Innovatycal\",\"url\":\"https:\/\/innovatycal.com\/\",\"logo\":{\"@type\":\"ImageObject\",\"inLanguage\":\"es\",\"@id\":\"https:\/\/innovatycal.com\/#\/schema\/logo\/image\/\",\"url\":\"https:\/\/innovatycal.com\/wp-content\/uploads\/2024\/07\/cropped-Diseno-sin-titulo-1.png\",\"contentUrl\":\"https:\/\/innovatycal.com\/wp-content\/uploads\/2024\/07\/cropped-Diseno-sin-titulo-1.png\",\"width\":500,\"height\":145,\"caption\":\"Innovatycal\"},\"image\":{\"@id\":\"https:\/\/innovatycal.com\/#\/schema\/logo\/image\/\"}}]}<\/script>\n<!-- \/ Yoast SEO plugin. -->","yoast_head_json":{"title":"Regla de decisi\u00f3n - Innovatycal","robots":{"index":"index","follow":"follow","max-snippet":"max-snippet:-1","max-image-preview":"max-image-preview:large","max-video-preview":"max-video-preview:-1"},"canonical":"https:\/\/innovatycal.com\/index.php\/regla-de-decision\/","og_locale":"es_MX","og_type":"article","og_title":"Regla de decisi\u00f3n - Innovatycal","og_description":"La Regla de Decisi\u00f3n en Evaluaciones de Conformidad \u00a0 \u00a0 A NUESTROS CLIENTES \u00a0 Estimado cliente, por este medio hacemos de su conocimiento que, para los laboratorios de calibraci\u00f3n acreditados bajo la NMX-EC-17025-IMNC-2018, conforme a los puntos 7.1.3 y 7.8.6.1...","og_url":"https:\/\/innovatycal.com\/index.php\/regla-de-decision\/","og_site_name":"Innovatycal","article_modified_time":"2025-08-25T18:07:22+00:00","og_image":[{"url":"https:\/\/innovatycal.com\/wp-content\/uploads\/2025\/08\/regla.png"}],"twitter_card":"summary_large_image","twitter_misc":{"Tiempo de lectura":"2 minutos"},"schema":{"@context":"https:\/\/schema.org","@graph":[{"@type":"WebPage","@id":"https:\/\/innovatycal.com\/index.php\/regla-de-decision\/","url":"https:\/\/innovatycal.com\/index.php\/regla-de-decision\/","name":"Regla de decisi\u00f3n - Innovatycal","isPartOf":{"@id":"https:\/\/innovatycal.com\/#website"},"primaryImageOfPage":{"@id":"https:\/\/innovatycal.com\/index.php\/regla-de-decision\/#primaryimage"},"image":{"@id":"https:\/\/innovatycal.com\/index.php\/regla-de-decision\/#primaryimage"},"thumbnailUrl":"https:\/\/innovatycal.com\/wp-content\/uploads\/2025\/08\/regla.png","datePublished":"2025-08-22T23:39:54+00:00","dateModified":"2025-08-25T18:07:22+00:00","breadcrumb":{"@id":"https:\/\/innovatycal.com\/index.php\/regla-de-decision\/#breadcrumb"},"inLanguage":"es","potentialAction":[{"@type":"ReadAction","target":["https:\/\/innovatycal.com\/index.php\/regla-de-decision\/"]}]},{"@type":"ImageObject","inLanguage":"es","@id":"https:\/\/innovatycal.com\/index.php\/regla-de-decision\/#primaryimage","url":"https:\/\/innovatycal.com\/wp-content\/uploads\/2025\/08\/regla.png","contentUrl":"https:\/\/innovatycal.com\/wp-content\/uploads\/2025\/08\/regla.png","width":387,"height":116},{"@type":"BreadcrumbList","@id":"https:\/\/innovatycal.com\/index.php\/regla-de-decision\/#breadcrumb","itemListElement":[{"@type":"ListItem","position":1,"name":"Inicio","item":"https:\/\/innovatycal.com\/"},{"@type":"ListItem","position":2,"name":"Regla de decisi\u00f3n"}]},{"@type":"WebSite","@id":"https:\/\/innovatycal.com\/#website","url":"https:\/\/innovatycal.com\/","name":"Innovatycal","description":"Innovatycal","publisher":{"@id":"https:\/\/innovatycal.com\/#organization"},"potentialAction":[{"@type":"SearchAction","target":{"@type":"EntryPoint","urlTemplate":"https:\/\/innovatycal.com\/?s={search_term_string}"},"query-input":{"@type":"PropertyValueSpecification","valueRequired":true,"valueName":"search_term_string"}}],"inLanguage":"es"},{"@type":"Organization","@id":"https:\/\/innovatycal.com\/#organization","name":"Innovatycal","url":"https:\/\/innovatycal.com\/","logo":{"@type":"ImageObject","inLanguage":"es","@id":"https:\/\/innovatycal.com\/#\/schema\/logo\/image\/","url":"https:\/\/innovatycal.com\/wp-content\/uploads\/2024\/07\/cropped-Diseno-sin-titulo-1.png","contentUrl":"https:\/\/innovatycal.com\/wp-content\/uploads\/2024\/07\/cropped-Diseno-sin-titulo-1.png","width":500,"height":145,"caption":"Innovatycal"},"image":{"@id":"https:\/\/innovatycal.com\/#\/schema\/logo\/image\/"}}]}},"_links":{"self":[{"href":"https:\/\/innovatycal.com\/index.php\/wp-json\/wp\/v2\/pages\/7308","targetHints":{"allow":["GET"]}}],"collection":[{"href":"https:\/\/innovatycal.com\/index.php\/wp-json\/wp\/v2\/pages"}],"about":[{"href":"https:\/\/innovatycal.com\/index.php\/wp-json\/wp\/v2\/types\/page"}],"author":[{"embeddable":true,"href":"https:\/\/innovatycal.com\/index.php\/wp-json\/wp\/v2\/users\/1"}],"replies":[{"embeddable":true,"href":"https:\/\/innovatycal.com\/index.php\/wp-json\/wp\/v2\/comments?post=7308"}],"version-history":[{"count":74,"href":"https:\/\/innovatycal.com\/index.php\/wp-json\/wp\/v2\/pages\/7308\/revisions"}],"predecessor-version":[{"id":7551,"href":"https:\/\/innovatycal.com\/index.php\/wp-json\/wp\/v2\/pages\/7308\/revisions\/7551"}],"wp:attachment":[{"href":"https:\/\/innovatycal.com\/index.php\/wp-json\/wp\/v2\/media?parent=7308"}],"curies":[{"name":"wp","href":"https:\/\/api.w.org\/{rel}","templated":true}]}}